{"id":9462,"date":"2025-04-09T15:20:04","date_gmt":"2025-04-09T12:20:04","guid":{"rendered":"https:\/\/www.someronkivimeijeri.fi\/?page_id=9462"},"modified":"2025-04-16T11:23:07","modified_gmt":"2025-04-16T08:23:07","slug":"antero-kare-2025","status":"publish","type":"page","link":"https:\/\/www.someronkivimeijeri.fi\/?page_id=9462","title":{"rendered":"Antero Kare 2025"},"content":{"rendered":"<div class=\"wpb-content-wrapper\"><p>[vc_row bg_type=&#8221;image&#8221; css=&#8221;.vc_custom_1655050501308{margin-top: 75px !important;margin-bottom: 50px !important;}&#8221;][vc_column][vc_custom_heading text=&#8221;Antero Kare&#8221; font_container=&#8221;tag:h2|text_align:center|color:%23111111&#8243; google_fonts=&#8221;font_family:Montserrat%3Aregular%2C700|font_style:400%20regular%3A400%3Anormal&#8221; css=&#8221;&#8221;][\/vc_column][\/vc_row][vc_row bg_type=&#8221;bg_color&#8221; css=&#8221;.vc_custom_1744037869733{margin-top: 25px !important;margin-right: 15px !important;}&#8221;][vc_column width=&#8221;1\/4&#8243;][vc_single_image image=&#8221;8328&#8243; img_size=&#8221;large&#8221; css=&#8221;&#8221;][vc_column_text css=&#8221;&#8221;][\/vc_column_text][vc_column_text css=&#8221;&#8221;][\/vc_column_text][vc_column_text css=&#8221;&#8221;]<small><a href=\"http:\/\/www.anterokare.com\">www.anterokare.com<\/a><\/small><\/p>\n<p><small>Lataa lehdist\u00f6kuvat<\/small><\/p>\n<p><small><a href=\"https:\/\/www.someronkivimeijeri.fi\/wp-content\/uploads\/2025\/04\/Antero-Kare-KAUAN-KAUAN-SITTEN-keramiikkaveistos-2024-D-N-1.jpg\">KAUAN KAUAN SITTEN keramiikkaveistos 2024<\/a><\/small><\/p>\n<p><small><a href=\"https:\/\/www.someronkivimeijeri.fi\/wp-content\/uploads\/2025\/04\/Antero-Kare-KAUAN-KAUAN-SITTEN-keramiikkaveistos-2024-C-N.jpg\">KAUAN KAUAN SITTEN keramiikkaveistos 2024 Kuva 2<\/a><\/small>[\/vc_column_text][\/vc_column][vc_column width=&#8221;3\/4&#8243;][vc_column_text css=&#8221;.vc_custom_1744200999230{padding-top: 0px !important;padding-right: 0px !important;padding-bottom: 0px !important;padding-left: 10px !important;}&#8221;]MAISEMA MAISEMASTA<\/p>\n<p>Olen tehnyt aikamatkoja kulttuurihistoriaan, pisimm\u00e4lle p\u00e4\u00e4sin muinaistaiteessa 40\u00a0000 vuoden taakse. Sit\u00e4 vanhempia taideteoksia meill\u00e4 ei ole.<\/p>\n<p>Aikaahan on paljon enemm\u00e4n, ja niinp\u00e4 siirryin luonnonhistoriaan. El\u00e4m\u00e4 on saanut alkunsa mikrobeista, joiden vanhimmat fossiilit stromatoliitit ovat 3.8 miljardia vuotta vanhoja. K\u00e4ytin bakteereita ja muita mikrobeja el\u00e4viss\u00e4 taideteoksissani, joissa el\u00e4m\u00e4nmuotojen keskin\u00e4istaistelu n\u00e4kyy olennaisena tapahtumana.<\/p>\n<p>Maapallon historiasta, ajasta, j\u00e4\u00e4 viel\u00e4 t\u00e4m\u00e4nkin j\u00e4lkeen j\u00e4ljelle yksi viidesosa, miljardi vuotta. Se on geologian hallitsema aikakausi, joka yh\u00e4 voimakkaammin kutittaa mielenkiintoani. Esine maapallo, sen aineet, voimat, dynamiikat, tapahtumat, lainalaisuudet, muutokset, siirtym\u00e4t, liikeradat, magneettisyd\u00e4met, kemia ja fysiikka tuntuu jalkojen alla el\u00e4v\u00e4mm\u00e4lt\u00e4, painavammalta.<\/p>\n<p>Viimeisiss\u00e4 t\u00f6iss\u00e4ni geologian ihmeet johdattavat teemoja. Maapallon vaippa on jatkuvassa liikkeess\u00e4, ja sen l\u00e4mp\u00f6tila on yli tuhat astetta. Ydin on viel\u00e4 kuumempi, 7000 astetta. Keramiikkat\u00f6iss\u00e4 kuumuus muokkaa aineiden koostumusta ja ulkon\u00e4k\u00f6\u00e4. Tuhatkolmessasadassa asteessa tapahtuu pelkistyksi\u00e4, metalloitumista, krakeloitumista, pintojen ja etenkin v\u00e4rien uudelleenmuotoutumista. Aine muuttuu toiseksi.[\/vc_column_text][\/vc_column][\/vc_row][vc_row][vc_column][vc_empty_space height=&#8221;72px&#8221;][\/vc_column][\/vc_row]<\/p>\n<\/div>","protected":false},"excerpt":{"rendered":"<p class=\"card-text\">[vc_row bg_type=&#8221;image&#8221; css=&#8221;.vc_custom_1655050501308{margin-top: 75px !important;margin-bottom: 50px !important;}&#8221;][vc_column][vc_custom_heading text=&#8221;Antero Kare&#8221; font_container=&#8221;tag:h2|text_align:center|color:%23111111&#8243; google_fonts=&#8221;font_family:Montserrat%3Aregular%2C700|font_style:400%20regular%3A400%3Anormal&#8221; css=&#8221;&#8221;][\/vc_column][\/vc_row][vc_row bg_type=&#8221;bg_color&#8221; css=&#8221;.vc_custom_1744037869733{margin-top: 25px !important;margin-right: 15px !important;}&#8221;][vc_column width=&#8221;1\/4&#8243;][vc_single_image image=&#8221;8328&#8243; img_size=&#8221;large&#8221; css=&#8221;&#8221;][vc_column_text css=&#8221;&#8221;][\/vc_column_text][vc_column_text css=&#8221;&#8221;][\/vc_column_text][vc_column_text css=&#8221;&#8221;]www.anterokare.com Lataa lehdist\u00f6kuvat KAUAN KAUAN SITTEN keramiikkaveistos 2024 KAUAN KAUAN SITTEN keramiikkaveistos 2024 Kuva 2[\/vc_column_text][\/vc_column][vc_column width=&#8221;3\/4&#8243;][vc_column_text css=&#8221;.vc_custom_1744200999230{padding-top: 0px !important;padding-right: 0px !important;padding-bottom: 0px !important;padding-left: 10px !important;}&#8221;]MAISEMA MAISEMASTA Olen tehnyt aikamatkoja kulttuurihistoriaan, pisimm\u00e4lle [&#8230;]<\/p>\n<p class=\"m-0\"><a class=\"btn btn-outline-secondary btn-read-more\" href=\"https:\/\/www.someronkivimeijeri.fi\/?page_id=9462\">Read More<\/a><\/p>\n","protected":false},"author":1,"featured_media":0,"parent":0,"menu_order":0,"comment_status":"closed","ping_status":"closed","template":"","meta":{"footnotes":""},"class_list":["post-9462","page","type-page","status-publish","hentry"],"_links":{"self":[{"href":"https:\/\/www.someronkivimeijeri.fi\/index.php?rest_route=\/wp\/v2\/pages\/9462","targetHints":{"allow":["GET"]}}],"collection":[{"href":"https:\/\/www.someronkivimeijeri.fi\/index.php?rest_route=\/wp\/v2\/pages"}],"about":[{"href":"https:\/\/www.someronkivimeijeri.fi\/index.php?rest_route=\/wp\/v2\/types\/page"}],"author":[{"embeddable":true,"href":"https:\/\/www.someronkivimeijeri.fi\/index.php?rest_route=\/wp\/v2\/users\/1"}],"replies":[{"embeddable":true,"href":"https:\/\/www.someronkivimeijeri.fi\/index.php?rest_route=%2Fwp%2Fv2%2Fcomments&post=9462"}],"version-history":[{"count":8,"href":"https:\/\/www.someronkivimeijeri.fi\/index.php?rest_route=\/wp\/v2\/pages\/9462\/revisions"}],"predecessor-version":[{"id":9623,"href":"https:\/\/www.someronkivimeijeri.fi\/index.php?rest_route=\/wp\/v2\/pages\/9462\/revisions\/9623"}],"wp:attachment":[{"href":"https:\/\/www.someronkivimeijeri.fi\/index.php?rest_route=%2Fwp%2Fv2%2Fmedia&parent=9462"}],"curies":[{"name":"wp","href":"https:\/\/api.w.org\/{rel}","templated":true}]}}