{"id":9450,"date":"2025-04-09T14:44:05","date_gmt":"2025-04-09T11:44:05","guid":{"rendered":"https:\/\/www.someronkivimeijeri.fi\/?page_id=9450"},"modified":"2025-04-16T11:18:56","modified_gmt":"2025-04-16T08:18:56","slug":"erik-uddstrom","status":"publish","type":"page","link":"https:\/\/www.someronkivimeijeri.fi\/?page_id=9450","title":{"rendered":"Erik Uddstrom"},"content":{"rendered":"<div class=\"wpb-content-wrapper\"><p>[vc_row bg_type=&#8221;image&#8221; css=&#8221;.vc_custom_1655050501308{margin-top: 75px !important;margin-bottom: 50px !important;}&#8221;][vc_column][vc_custom_heading text=&#8221;Erik Uddstr\u00f6m&#8221; font_container=&#8221;tag:h2|text_align:center|color:%23111111&#8243; google_fonts=&#8221;font_family:Montserrat%3Aregular%2C700|font_style:400%20regular%3A400%3Anormal&#8221; css=&#8221;&#8221;][\/vc_column][\/vc_row][vc_row bg_type=&#8221;bg_color&#8221; css=&#8221;.vc_custom_1744037869733{margin-top: 25px !important;margin-right: 15px !important;}&#8221;][vc_column width=&#8221;1\/4&#8243;][vc_single_image image=&#8221;9454&#8243; img_size=&#8221;large&#8221; css=&#8221;&#8221;][vc_column_text css=&#8221;&#8221;][\/vc_column_text][vc_column_text css=&#8221;&#8221;][\/vc_column_text][vc_column_text css=&#8221;&#8221;]<a href=\"https:\/\/www.erikuddstrom.com\/\">www.erikuddstrom.com\u00a0<\/a><\/p>\n<p><a href=\"https:\/\/www.someronkivimeijeri.fi\/wp-content\/uploads\/2025\/04\/Erik-Uddstrom-tekstikuvaus.odt\">Lataa CV<\/a><\/p>\n<p>Lataa lehdist\u00f6kuvat<\/p>\n<p><a href=\"https:\/\/www.someronkivimeijeri.fi\/wp-content\/uploads\/2025\/04\/Vandraren-IMG_2419-1.jpg\">Erik Uddstr\u00f6m Vandraren<\/a><\/p>\n<p><a href=\"https:\/\/www.someronkivimeijeri.fi\/wp-content\/uploads\/2025\/04\/Two-Note.web-copy.jpg\">Erik Uddstr\u00f6m: Two Note<\/a>[\/vc_column_text][\/vc_column][vc_column width=&#8221;3\/4&#8243;][vc_column_text css=&#8221;.vc_custom_1744199096596{padding-top: 0px !important;padding-right: 0px !important;padding-bottom: 0px !important;padding-left: 10px !important;}&#8221;]Valokuvataiteilijana Erik Uddstr\u00f6m on tunnettu meri- ja saaristoaiheisista n\u00e4yttelyist\u00e4\u00e4n 2000-luvun alusta alkaen. Koulutukseltaan h\u00e4n on sek\u00e4 elokuvaohjaaja ett\u00e4 valokuvaaja.<br \/>\nYli 30 vuoden kokemuksella valokuvaajana ja graafisena suunnittelijana mainonnan, muodin ja musiikin parissa h\u00e4nell\u00e4 on takanaan mm. yli tuhat levynkantta.<\/p>\n<p>Som fotokonstn\u00e4r \u00e4r Erik Uddstr\u00f6m fr\u00e4mst k\u00e4nd f\u00f6r sina utst\u00e4llningar med havs- och sk\u00e4rg\u00e5rdsmotiv sedan b\u00f6rjan av 2000-talet. Till sin utbildning \u00e4r han b\u00e5de filmregiss\u00f6r och fotograf. Med \u00f6ver 30-\u00e5rig erfarenhet som fotograf och grafiker med uppdrag i reklam-, mode- och musikbranchen har han bl.a. \u00f6ver tusen skivomslag bakom sig.<\/p>\n<p>As a photo artist Erik Uddstr\u00f6m is best known for his exhibitions picturing waters and scenes from the archipelago since the beginning of the 21st century. As a bachelor of film directing and photography he ended up making assignments as a professional photographer for advertising-, fashion- and record companies making for example over a thousand album covers.[\/vc_column_text][\/vc_column][\/vc_row][vc_row][vc_column][vc_empty_space height=&#8221;72px&#8221;][\/vc_column][\/vc_row]<\/p>\n<\/div>","protected":false},"excerpt":{"rendered":"<p class=\"card-text\">[vc_row bg_type=&#8221;image&#8221; css=&#8221;.vc_custom_1655050501308{margin-top: 75px !important;margin-bottom: 50px !important;}&#8221;][vc_column][vc_custom_heading text=&#8221;Erik Uddstr\u00f6m&#8221; font_container=&#8221;tag:h2|text_align:center|color:%23111111&#8243; google_fonts=&#8221;font_family:Montserrat%3Aregular%2C700|font_style:400%20regular%3A400%3Anormal&#8221; css=&#8221;&#8221;][\/vc_column][\/vc_row][vc_row bg_type=&#8221;bg_color&#8221; css=&#8221;.vc_custom_1744037869733{margin-top: 25px !important;margin-right: 15px !important;}&#8221;][vc_column width=&#8221;1\/4&#8243;][vc_single_image image=&#8221;9454&#8243; img_size=&#8221;large&#8221; css=&#8221;&#8221;][vc_column_text css=&#8221;&#8221;][\/vc_column_text][vc_column_text css=&#8221;&#8221;][\/vc_column_text][vc_column_text css=&#8221;&#8221;]www.erikuddstrom.com\u00a0 Lataa CV Lataa lehdist\u00f6kuvat Erik Uddstr\u00f6m Vandraren Erik Uddstr\u00f6m: Two Note[\/vc_column_text][\/vc_column][vc_column width=&#8221;3\/4&#8243;][vc_column_text css=&#8221;.vc_custom_1744199096596{padding-top: 0px !important;padding-right: 0px !important;padding-bottom: 0px !important;padding-left: 10px !important;}&#8221;]Valokuvataiteilijana Erik Uddstr\u00f6m on tunnettu meri- ja saaristoaiheisista n\u00e4yttelyist\u00e4\u00e4n 2000-luvun [&#8230;]<\/p>\n<p class=\"m-0\"><a class=\"btn btn-outline-secondary btn-read-more\" href=\"https:\/\/www.someronkivimeijeri.fi\/?page_id=9450\">Read More<\/a><\/p>\n","protected":false},"author":1,"featured_media":0,"parent":0,"menu_order":0,"comment_status":"closed","ping_status":"closed","template":"","meta":{"footnotes":""},"class_list":["post-9450","page","type-page","status-publish","hentry"],"_links":{"self":[{"href":"https:\/\/www.someronkivimeijeri.fi\/index.php?rest_route=\/wp\/v2\/pages\/9450","targetHints":{"allow":["GET"]}}],"collection":[{"href":"https:\/\/www.someronkivimeijeri.fi\/index.php?rest_route=\/wp\/v2\/pages"}],"about":[{"href":"https:\/\/www.someronkivimeijeri.fi\/index.php?rest_route=\/wp\/v2\/types\/page"}],"author":[{"embeddable":true,"href":"https:\/\/www.someronkivimeijeri.fi\/index.php?rest_route=\/wp\/v2\/users\/1"}],"replies":[{"embeddable":true,"href":"https:\/\/www.someronkivimeijeri.fi\/index.php?rest_route=%2Fwp%2Fv2%2Fcomments&post=9450"}],"version-history":[{"count":4,"href":"https:\/\/www.someronkivimeijeri.fi\/index.php?rest_route=\/wp\/v2\/pages\/9450\/revisions"}],"predecessor-version":[{"id":9617,"href":"https:\/\/www.someronkivimeijeri.fi\/index.php?rest_route=\/wp\/v2\/pages\/9450\/revisions\/9617"}],"wp:attachment":[{"href":"https:\/\/www.someronkivimeijeri.fi\/index.php?rest_route=%2Fwp%2Fv2%2Fmedia&parent=9450"}],"curies":[{"name":"wp","href":"https:\/\/api.w.org\/{rel}","templated":true}]}}