{"id":9436,"date":"2025-04-07T19:08:58","date_gmt":"2025-04-07T16:08:58","guid":{"rendered":"https:\/\/www.someronkivimeijeri.fi\/?page_id=9436"},"modified":"2025-04-09T14:41:43","modified_gmt":"2025-04-09T11:41:43","slug":"raili-tang","status":"publish","type":"page","link":"https:\/\/www.someronkivimeijeri.fi\/?page_id=9436","title":{"rendered":"Raili Tang"},"content":{"rendered":"<div class=\"wpb-content-wrapper\"><p>[vc_row bg_type=&#8221;image&#8221; css=&#8221;.vc_custom_1655050501308{margin-top: 75px !important;margin-bottom: 50px !important;}&#8221;][vc_column][vc_custom_heading text=&#8221;Raili Tang&#8221; font_container=&#8221;tag:h2|text_align:center|color:%23111111&#8243; google_fonts=&#8221;font_family:Montserrat%3Aregular%2C700|font_style:400%20regular%3A400%3Anormal&#8221; css=&#8221;&#8221;][\/vc_column][\/vc_row][vc_row bg_type=&#8221;bg_color&#8221; css=&#8221;.vc_custom_1744037869733{margin-top: 25px !important;margin-right: 15px !important;}&#8221;][vc_column width=&#8221;1\/4&#8243;][vc_single_image image=&#8221;9439&#8243; img_size=&#8221;large&#8221; css=&#8221;&#8221;][vc_column_text css=&#8221;&#8221;][\/vc_column_text][vc_column_text css=&#8221;&#8221;][\/vc_column_text][vc_column_text css=&#8221;&#8221;]<a href=\"https:\/\/www.someronkivimeijeri.fi\/wp-content\/uploads\/2025\/04\/Tang_CV_.doc\">Lataa CV<\/a><\/p>\n<p>Lataa lehdist\u00f6kuvat<\/p>\n<p><a href=\"https:\/\/www.someronkivimeijeri.fi\/wp-content\/uploads\/2025\/04\/Raili-Tang-Hilipatihippan-2022-oil-on-canvas-195hx200w-cm.jpg\">Raili Tang Hilipatihippan 2022<\/a><\/p>\n<p><a href=\"https:\/\/www.someronkivimeijeri.fi\/wp-content\/uploads\/2025\/04\/Raili-Tang-Voima-2023-oil-on-canvas-200hx195w-cm.jpg\">Raili Tang Voima 2023<\/a>[\/vc_column_text][\/vc_column][vc_column width=&#8221;3\/4&#8243;][vc_column_text css=&#8221;.vc_custom_1744198777314{padding-top: 0px !important;padding-right: 0px !important;padding-bottom: 0px !important;padding-left: 10px !important;}&#8221;]Maalaaminen on minulle ajattelua &#8211; intuitiivista ja fyysist\u00e4kin etsimist\u00e4 ja erehtymist\u00e4 ja riskien ottamista.<\/p>\n<p>V\u00e4ri on tunteiden tulkki ja ihana maaliaine. Lis\u00e4\u00e4n ja poistan, k\u00e4yt\u00e4n pensseleit\u00e4, palettiveitsi\u00e4, r\u00e4tti\u00e4 ja vaikka rukkasia. Tykk\u00e4\u00e4n sekoitella v\u00e4rej\u00e4 &#8211; se on runoilua -ajattelen, l\u00e4mp\u00f6tilat, kontrastit &#8211; maalaaminen on kivaa! Esitt\u00e4v\u00e4\u00e4 tai ei esitt\u00e4v\u00e4\u00e4, se ei ole merkityksellist\u00e4. P\u00e4\u00e4asia, ett\u00e4 maalauksessa on sis\u00e4lt\u00f6\u00e4 &#8211; ilmaisua, el\u00e4myksellisyytt\u00e4, ei vain sievi\u00e4 s\u00e4vyj\u00e4.<\/p>\n<p>Olen jonkunlainen maisemamaalari &#8211; Inspiroidun vuodenajoista, valosta, puista, kukista ym. hauskan muotoisista marjoista. Kaupunki on minun maailmani<\/p>\n<p>puistoineen ja kaikkineen &#8211; marraskuisine asfalttifiiliksineen. T\u00e4m\u00e4n ajan kamalat tapahtumat sodat ja hullut ihmiset aiheuttavat vahvan tunnereaktion minussa. En ainakaan halua maalata masentavia maalauksia.[\/vc_column_text][\/vc_column][\/vc_row][vc_row][vc_column][vc_empty_space height=&#8221;72px&#8221;][\/vc_column][\/vc_row]<\/p>\n<\/div>","protected":false},"excerpt":{"rendered":"<p class=\"card-text\">[vc_row bg_type=&#8221;image&#8221; css=&#8221;.vc_custom_1655050501308{margin-top: 75px !important;margin-bottom: 50px !important;}&#8221;][vc_column][vc_custom_heading text=&#8221;Raili Tang&#8221; font_container=&#8221;tag:h2|text_align:center|color:%23111111&#8243; google_fonts=&#8221;font_family:Montserrat%3Aregular%2C700|font_style:400%20regular%3A400%3Anormal&#8221; css=&#8221;&#8221;][\/vc_column][\/vc_row][vc_row bg_type=&#8221;bg_color&#8221; css=&#8221;.vc_custom_1744037869733{margin-top: 25px !important;margin-right: 15px !important;}&#8221;][vc_column width=&#8221;1\/4&#8243;][vc_single_image image=&#8221;9439&#8243; img_size=&#8221;large&#8221; css=&#8221;&#8221;][vc_column_text css=&#8221;&#8221;][\/vc_column_text][vc_column_text css=&#8221;&#8221;][\/vc_column_text][vc_column_text css=&#8221;&#8221;]Lataa CV Lataa lehdist\u00f6kuvat Raili Tang Hilipatihippan 2022 Raili Tang Voima 2023[\/vc_column_text][\/vc_column][vc_column width=&#8221;3\/4&#8243;][vc_column_text css=&#8221;.vc_custom_1744198777314{padding-top: 0px !important;padding-right: 0px !important;padding-bottom: 0px !important;padding-left: 10px !important;}&#8221;]Maalaaminen on minulle ajattelua &#8211; intuitiivista ja fyysist\u00e4kin etsimist\u00e4 ja [&#8230;]<\/p>\n<p class=\"m-0\"><a class=\"btn btn-outline-secondary btn-read-more\" href=\"https:\/\/www.someronkivimeijeri.fi\/?page_id=9436\">Read More<\/a><\/p>\n","protected":false},"author":1,"featured_media":0,"parent":0,"menu_order":0,"comment_status":"closed","ping_status":"closed","template":"","meta":{"footnotes":""},"class_list":["post-9436","page","type-page","status-publish","hentry"],"_links":{"self":[{"href":"https:\/\/www.someronkivimeijeri.fi\/index.php?rest_route=\/wp\/v2\/pages\/9436","targetHints":{"allow":["GET"]}}],"collection":[{"href":"https:\/\/www.someronkivimeijeri.fi\/index.php?rest_route=\/wp\/v2\/pages"}],"about":[{"href":"https:\/\/www.someronkivimeijeri.fi\/index.php?rest_route=\/wp\/v2\/types\/page"}],"author":[{"embeddable":true,"href":"https:\/\/www.someronkivimeijeri.fi\/index.php?rest_route=\/wp\/v2\/users\/1"}],"replies":[{"embeddable":true,"href":"https:\/\/www.someronkivimeijeri.fi\/index.php?rest_route=%2Fwp%2Fv2%2Fcomments&post=9436"}],"version-history":[{"count":3,"href":"https:\/\/www.someronkivimeijeri.fi\/index.php?rest_route=\/wp\/v2\/pages\/9436\/revisions"}],"predecessor-version":[{"id":9448,"href":"https:\/\/www.someronkivimeijeri.fi\/index.php?rest_route=\/wp\/v2\/pages\/9436\/revisions\/9448"}],"wp:attachment":[{"href":"https:\/\/www.someronkivimeijeri.fi\/index.php?rest_route=%2Fwp%2Fv2%2Fmedia&parent=9436"}],"curies":[{"name":"wp","href":"https:\/\/api.w.org\/{rel}","templated":true}]}}