{"id":9423,"date":"2025-04-07T18:51:20","date_gmt":"2025-04-07T15:51:20","guid":{"rendered":"https:\/\/www.someronkivimeijeri.fi\/?page_id=9423"},"modified":"2025-04-16T11:25:57","modified_gmt":"2025-04-16T08:25:57","slug":"tuomo-saali","status":"publish","type":"page","link":"https:\/\/www.someronkivimeijeri.fi\/?page_id=9423","title":{"rendered":"Tuomo Saali"},"content":{"rendered":"<div class=\"wpb-content-wrapper\"><p>[vc_row bg_type=&#8221;image&#8221; css=&#8221;.vc_custom_1655050501308{margin-top: 75px !important;margin-bottom: 50px !important;}&#8221;][vc_column][vc_custom_heading text=&#8221;Tuomo Saali&#8221; font_container=&#8221;tag:h2|text_align:center|color:%23111111&#8243; google_fonts=&#8221;font_family:Montserrat%3Aregular%2C700|font_style:400%20regular%3A400%3Anormal&#8221; css=&#8221;&#8221;][\/vc_column][\/vc_row][vc_row bg_type=&#8221;bg_color&#8221; css=&#8221;.vc_custom_1744037869733{margin-top: 25px !important;margin-right: 15px !important;}&#8221;][vc_column width=&#8221;1\/4&#8243;][vc_column_text css=&#8221;&#8221;][\/vc_column_text][vc_single_image image=&#8221;9592&#8243; css=&#8221;&#8221;][vc_column_text css=&#8221;&#8221;]<a href=\"http:\/\/www.instagram.com\/tuomosaali\"><small>www.instagram.com\/tuomosaali<\/small><\/a><\/p>\n<p><small><a href=\"https:\/\/www.someronkivimeijeri.fi\/wp-content\/uploads\/2025\/04\/CV-Tuomo-Saali-tammikuu-2025.pdf\">Lataa CV<\/a><\/small><\/p>\n<p><small>Lataa lehdist\u00f6kuvat<\/small><\/p>\n<p><small><a href=\"https:\/\/www.someronkivimeijeri.fi\/wp-content\/uploads\/2025\/04\/Tuomo-Saali-Far-away-oljyvari-2024-125-x150cm.jpg\">Tuomo Saali, Far away, \u00f6ljyv\u00e4ri 2024<\/a><\/small><\/p>\n<p><small><a href=\"https:\/\/www.someronkivimeijeri.fi\/wp-content\/uploads\/2025\/04\/Tuomo-Saali-Taikavuori-lljyvari-202427x35-1.jpg\">Tuomo Saali, Taikavuori, \u00f6ljyv\u00e4ri<\/a><\/small>[\/vc_column_text][\/vc_column][vc_column width=&#8221;3\/4&#8243;][vc_column_text css=&#8221;.vc_custom_1744041915736{padding-top: 0px !important;padding-right: 0px !important;padding-bottom: 0px !important;padding-left: 10px !important;}&#8221;]<small>Maalaamisesta<\/small><\/p>\n<p><small>Vaeltajamaalauksieni idea syntyi yli kymmenen vuotta sitten pohjois Italian Dolomiiteilla. <\/small><small>K\u00e4yt\u00e4n maalauksissani havainnon totuuksia, mutta en kopioi luontoa, sill\u00e4 en ole kiinnostunut naturalismista, sen sijaan pyrkimykseni on tavoittaa aidolta tuntuvaa luontokokemusta.<\/small><\/p>\n<p><small>Viimeaikoina olen miettinyt, miten voisin maalauksissani yhdist\u00e4\u00e4 kaikki havainnon entiteetit <\/small><small>(asiat ja osat) samaan jatkumoon ja rytmiseen tapahtumaan.<\/small><\/p>\n<p><small>Vuoret ovat aina kiehtoneet mielt\u00e4ni, vuoria katsellessa yhdistyy niin monet suuret tunteet, pelosta haltioitumiseen. Suuren edess\u00e4 oleminen tuntuu asettuvan oikeaan mittakaavaan. Vuorilla tunnen jotakin universaalista onnellisuutta.<\/small><\/p>\n<p><small>Taidemaalari Tuomo Saali 17.2.2025<\/small>[\/vc_column_text][\/vc_column][\/vc_row][vc_row][vc_column][vc_empty_space height=&#8221;72px&#8221;][\/vc_column][\/vc_row]<\/p>\n<\/div>","protected":false},"excerpt":{"rendered":"<p class=\"card-text\">[vc_row bg_type=&#8221;image&#8221; css=&#8221;.vc_custom_1655050501308{margin-top: 75px !important;margin-bottom: 50px !important;}&#8221;][vc_column][vc_custom_heading text=&#8221;Tuomo Saali&#8221; font_container=&#8221;tag:h2|text_align:center|color:%23111111&#8243; google_fonts=&#8221;font_family:Montserrat%3Aregular%2C700|font_style:400%20regular%3A400%3Anormal&#8221; css=&#8221;&#8221;][\/vc_column][\/vc_row][vc_row bg_type=&#8221;bg_color&#8221; css=&#8221;.vc_custom_1744037869733{margin-top: 25px !important;margin-right: 15px !important;}&#8221;][vc_column width=&#8221;1\/4&#8243;][vc_column_text css=&#8221;&#8221;][\/vc_column_text][vc_single_image image=&#8221;9592&#8243; css=&#8221;&#8221;][vc_column_text css=&#8221;&#8221;]www.instagram.com\/tuomosaali Lataa CV Lataa lehdist\u00f6kuvat Tuomo Saali, Far away, \u00f6ljyv\u00e4ri 2024 Tuomo Saali, Taikavuori, \u00f6ljyv\u00e4ri[\/vc_column_text][\/vc_column][vc_column width=&#8221;3\/4&#8243;][vc_column_text css=&#8221;.vc_custom_1744041915736{padding-top: 0px !important;padding-right: 0px !important;padding-bottom: 0px !important;padding-left: 10px !important;}&#8221;]Maalaamisesta Vaeltajamaalauksieni idea syntyi yli kymmenen vuotta sitten pohjois [&#8230;]<\/p>\n<p class=\"m-0\"><a class=\"btn btn-outline-secondary btn-read-more\" href=\"https:\/\/www.someronkivimeijeri.fi\/?page_id=9423\">Read More<\/a><\/p>\n","protected":false},"author":1,"featured_media":0,"parent":0,"menu_order":0,"comment_status":"closed","ping_status":"closed","template":"","meta":{"footnotes":""},"class_list":["post-9423","page","type-page","status-publish","hentry"],"_links":{"self":[{"href":"https:\/\/www.someronkivimeijeri.fi\/index.php?rest_route=\/wp\/v2\/pages\/9423","targetHints":{"allow":["GET"]}}],"collection":[{"href":"https:\/\/www.someronkivimeijeri.fi\/index.php?rest_route=\/wp\/v2\/pages"}],"about":[{"href":"https:\/\/www.someronkivimeijeri.fi\/index.php?rest_route=\/wp\/v2\/types\/page"}],"author":[{"embeddable":true,"href":"https:\/\/www.someronkivimeijeri.fi\/index.php?rest_route=\/wp\/v2\/users\/1"}],"replies":[{"embeddable":true,"href":"https:\/\/www.someronkivimeijeri.fi\/index.php?rest_route=%2Fwp%2Fv2%2Fcomments&post=9423"}],"version-history":[{"count":13,"href":"https:\/\/www.someronkivimeijeri.fi\/index.php?rest_route=\/wp\/v2\/pages\/9423\/revisions"}],"predecessor-version":[{"id":9626,"href":"https:\/\/www.someronkivimeijeri.fi\/index.php?rest_route=\/wp\/v2\/pages\/9423\/revisions\/9626"}],"wp:attachment":[{"href":"https:\/\/www.someronkivimeijeri.fi\/index.php?rest_route=%2Fwp%2Fv2%2Fmedia&parent=9423"}],"curies":[{"name":"wp","href":"https:\/\/api.w.org\/{rel}","templated":true}]}}