{"id":9398,"date":"2025-04-07T18:28:58","date_gmt":"2025-04-07T15:28:58","guid":{"rendered":"https:\/\/www.someronkivimeijeri.fi\/?page_id=9398"},"modified":"2025-04-16T11:16:03","modified_gmt":"2025-04-16T08:16:03","slug":"kari-caven","status":"publish","type":"page","link":"https:\/\/www.someronkivimeijeri.fi\/?page_id=9398","title":{"rendered":"Kari Cav\u00e9n"},"content":{"rendered":"<div class=\"wpb-content-wrapper\"><p>[vc_row bg_type=&#8221;image&#8221; css=&#8221;.vc_custom_1655050501308{margin-top: 75px !important;margin-bottom: 50px !important;}&#8221;][vc_column][vc_custom_heading text=&#8221;Kari Cav\u00e9n&#8221; font_container=&#8221;tag:h2|text_align:center|color:%23111111&#8243; google_fonts=&#8221;font_family:Montserrat%3Aregular%2C700|font_style:400%20regular%3A400%3Anormal&#8221; css=&#8221;&#8221;][\/vc_column][\/vc_row][vc_row bg_type=&#8221;bg_color&#8221; css=&#8221;.vc_custom_1744037869733{margin-top: 25px !important;margin-right: 15px !important;}&#8221;][vc_column width=&#8221;1\/4&#8243;][vc_single_image image=&#8221;9413&#8243; img_size=&#8221;large&#8221; css=&#8221;&#8221;][vc_column_text css=&#8221;&#8221;][\/vc_column_text][vc_column_text css=&#8221;&#8221;][\/vc_column_text][vc_column_text css=&#8221;&#8221;]<a href=\"https:\/\/www.someronkivimeijeri.fi\/wp-content\/uploads\/2025\/04\/Kari-Caven-CV2025-1.pdf\">Lataa CV<\/a><\/p>\n<p>Lataa lehdist\u00f6kuvat<\/p>\n<p><a href=\"https:\/\/www.someronkivimeijeri.fi\/wp-content\/uploads\/2025\/04\/Kari-Kaven-Valumia-somero-1-scaled.jpg\">Kari Cav\u00e9n: Valumia<\/a><\/p>\n<p><a href=\"https:\/\/www.someronkivimeijeri.fi\/wp-content\/uploads\/2025\/04\/Kari-Kaven-Five-for-the-road-somero-1.jpg\">Kari Cav\u00e9n: Five for the road<\/a>[\/vc_column_text][\/vc_column][vc_column width=&#8221;3\/4&#8243;][vc_column_text css=&#8221;.vc_custom_1744791360084{padding-top: 0px !important;padding-right: 0px !important;padding-bottom: 0px !important;padding-left: 10px !important;}&#8221;]<strong>Kari Cav\u00e9nin<\/strong> taide on tarkan oivaltavaa arjen arkeologiaa. Teokset rakentuvat usein esineist\u00e4 ja niiden osista. Ne ovat Cav\u00e9nin herk\u00e4ll\u00e4 ja humoristisella otteella tekemi\u00e4 muistiinpanoja eletyst\u00e4 el\u00e4m\u00e4st\u00e4. Hetkeen pys\u00e4htyminen ja sen arvostaminen kulkevat k\u00e4si k\u00e4dess\u00e4.<\/p>\n<p>Kari Cav\u00e9n on keskeinen ja ohittamaton taiteilija Suomen kuvanveistokent\u00e4ll\u00e4. Omalla syv\u00e4llisell\u00e4 ja moniulotteisella ajattelullaan h\u00e4n on onnistunut laajentamaan yleis\u00f6n kokemusta taiteen katsomisesta. Jokap\u00e4iv\u00e4iset esineet kohoavat Cav\u00e9nin teoksissa arjen yl\u00e4puolelle.<\/p>\n<p><em>Kari Cav\u00e9n (s.1954, Savonlinna) on edustanut Suomea Venetsian (1995,1990 ja 1988) ja S\u00e3o Paulon (1987) biennaaleissa ja h\u00e4nen teoksiaan on yksityiskokoelmien lis\u00e4ksi lukuisissa suomalaisissa ja pohjoismaisissa julkisissa kokoelmissa: mm. <\/em><em>Moderna Museet Tukholma, Malm\u00f6n taidemuseo, G\u00f6teborgin taidemuseo, Saastamoisen s\u00e4\u00e4ti\u00f6\/EMMA, Espoo; Nykytaiteen museo Kiasma, Helsinki ja HAM Helsingin taidemuseo. <\/em><em>Kes\u00e4ll\u00e4 2023 h\u00e4nell\u00e4 oli mittava yksityisn\u00e4yttely Aboa Vetus Ars Nova -museossa Turussa. Lis\u00e4ksi Kari Cav\u00e9n on kutsuttu tekem\u00e4\u00e4n lukuisia julkisia teoksia Suomeen, Ruotsiin ja Norjaan. <\/em><em>Cav\u00e9nille my\u00f6nnettiin vuonna 2014 Suomen Leijonan ritarikunnan Pro Finlandia kunniamerkki.<\/em>[\/vc_column_text][\/vc_column][\/vc_row][vc_row][vc_column][vc_empty_space height=&#8221;72px&#8221;][\/vc_column][\/vc_row]<\/p>\n<\/div>","protected":false},"excerpt":{"rendered":"<p class=\"card-text\">[vc_row bg_type=&#8221;image&#8221; css=&#8221;.vc_custom_1655050501308{margin-top: 75px !important;margin-bottom: 50px !important;}&#8221;][vc_column][vc_custom_heading text=&#8221;Kari Cav\u00e9n&#8221; font_container=&#8221;tag:h2|text_align:center|color:%23111111&#8243; google_fonts=&#8221;font_family:Montserrat%3Aregular%2C700|font_style:400%20regular%3A400%3Anormal&#8221; css=&#8221;&#8221;][\/vc_column][\/vc_row][vc_row bg_type=&#8221;bg_color&#8221; css=&#8221;.vc_custom_1744037869733{margin-top: 25px !important;margin-right: 15px !important;}&#8221;][vc_column width=&#8221;1\/4&#8243;][vc_single_image image=&#8221;9413&#8243; img_size=&#8221;large&#8221; css=&#8221;&#8221;][vc_column_text css=&#8221;&#8221;][\/vc_column_text][vc_column_text css=&#8221;&#8221;][\/vc_column_text][vc_column_text css=&#8221;&#8221;]Lataa CV Lataa lehdist\u00f6kuvat Kari Cav\u00e9n: Valumia Kari Cav\u00e9n: Five for the road[\/vc_column_text][\/vc_column][vc_column width=&#8221;3\/4&#8243;][vc_column_text css=&#8221;.vc_custom_1744791360084{padding-top: 0px !important;padding-right: 0px !important;padding-bottom: 0px !important;padding-left: 10px !important;}&#8221;]Kari Cav\u00e9nin taide on tarkan oivaltavaa arjen arkeologiaa. Teokset [&#8230;]<\/p>\n<p class=\"m-0\"><a class=\"btn btn-outline-secondary btn-read-more\" href=\"https:\/\/www.someronkivimeijeri.fi\/?page_id=9398\">Read More<\/a><\/p>\n","protected":false},"author":1,"featured_media":0,"parent":0,"menu_order":0,"comment_status":"closed","ping_status":"closed","template":"","meta":{"footnotes":""},"class_list":["post-9398","page","type-page","status-publish","hentry"],"_links":{"self":[{"href":"https:\/\/www.someronkivimeijeri.fi\/index.php?rest_route=\/wp\/v2\/pages\/9398","targetHints":{"allow":["GET"]}}],"collection":[{"href":"https:\/\/www.someronkivimeijeri.fi\/index.php?rest_route=\/wp\/v2\/pages"}],"about":[{"href":"https:\/\/www.someronkivimeijeri.fi\/index.php?rest_route=\/wp\/v2\/types\/page"}],"author":[{"embeddable":true,"href":"https:\/\/www.someronkivimeijeri.fi\/index.php?rest_route=\/wp\/v2\/users\/1"}],"replies":[{"embeddable":true,"href":"https:\/\/www.someronkivimeijeri.fi\/index.php?rest_route=%2Fwp%2Fv2%2Fcomments&post=9398"}],"version-history":[{"count":10,"href":"https:\/\/www.someronkivimeijeri.fi\/index.php?rest_route=\/wp\/v2\/pages\/9398\/revisions"}],"predecessor-version":[{"id":9616,"href":"https:\/\/www.someronkivimeijeri.fi\/index.php?rest_route=\/wp\/v2\/pages\/9398\/revisions\/9616"}],"wp:attachment":[{"href":"https:\/\/www.someronkivimeijeri.fi\/index.php?rest_route=%2Fwp%2Fv2%2Fmedia&parent=9398"}],"curies":[{"name":"wp","href":"https:\/\/api.w.org\/{rel}","templated":true}]}}