{"id":8997,"date":"2024-04-16T17:17:58","date_gmt":"2024-04-16T14:17:58","guid":{"rendered":"https:\/\/www.someronkivimeijeri.fi\/?page_id=8997"},"modified":"2025-04-07T18:27:20","modified_gmt":"2025-04-07T15:27:20","slug":"8997-2","status":"publish","type":"page","link":"https:\/\/www.someronkivimeijeri.fi\/?page_id=8997","title":{"rendered":"Vesa Pekka Rannikko"},"content":{"rendered":"<div class=\"wpb-content-wrapper\"><p>[vc_row bg_type=&#8221;image&#8221; css=&#8221;.vc_custom_1655050501308{margin-top: 75px !important;margin-bottom: 50px !important;}&#8221;][vc_column][vc_custom_heading text=&#8221;Vesa-Pekka Rannikko&#8221; font_container=&#8221;tag:h2|text_align:center|color:%23111111&#8243; google_fonts=&#8221;font_family:Montserrat%3Aregular%2C700|font_style:400%20regular%3A400%3Anormal&#8221; css=&#8221;&#8221;][\/vc_column][\/vc_row][vc_row bg_type=&#8221;bg_color&#8221; css=&#8221;.vc_custom_1744037869733{margin-top: 25px !important;margin-right: 15px !important;}&#8221;][vc_column width=&#8221;1\/4&#8243;][vc_single_image image=&#8221;9367&#8243; img_size=&#8221;large&#8221; css=&#8221;&#8221;][vc_column_text css=&#8221;&#8221;][\/vc_column_text][vc_column_text css=&#8221;&#8221;]<\/p>\n<p style=\"text-align: left;\"><small>www.vesapekkarannikko.com<\/small><\/p>\n<p><small><a href=\"https:\/\/www.someronkivimeijeri.fi\/wp-content\/uploads\/2025\/04\/rannikko_cv.pdf\">Lataa CV<\/a><\/small><\/p>\n<p><small>Lataa lehdist\u00f6kuvat<\/small><\/p>\n<p><small><a href=\"https:\/\/www.someronkivimeijeri.fi\/wp-content\/uploads\/2025\/04\/Vesa_Pekka_Rannikko_Vicas_2023_75x41x30cm_lapivarjatty-kipsi_kuva_Jussi_Tiainen_GA4427-1.jpg\">Vesa-Pekka Rannikko: Vicas 2023<\/a><\/small><br \/>\n<small>Kuva: Jussi Tiainen<\/small><\/p>\n<p><small><a href=\"https:\/\/www.someronkivimeijeri.fi\/wp-content\/uploads\/2025\/04\/Vesa_Pekka_Rannikko_Apo_2023_183x64x35cm_lapivarjatty-kipsi_kuva_Jussi_Tiainen_GA4410-1.jpg\">Vesa-Pekka Rannikko: Apo (2023)<\/a><\/small><br \/>\n<small>Kuva: Jussi Tiainen<\/small>[\/vc_column_text][\/vc_column][vc_column width=&#8221;3\/4&#8243;][vc_column_text css=&#8221;.vc_custom_1744039356298{padding-top: 0px !important;padding-right: 0px !important;padding-bottom: 0px !important;padding-left: 10px !important;}&#8221;]<\/p>\n<p style=\"text-align: left;\"><small>Vesa-Pekka Rannikko (s. 1968, Turku) on monialainen kuvataiteilija, joka asuu ja ty\u00f6skentelee<\/small><br \/>\n<small>Helsingiss\u00e4. H\u00e4nen taiteellinen ty\u00f6skentelyns\u00e4 on keskittynyt viime aikoina julkisen tilan<\/small><br \/>\n<small>projekteihin, liikkuvan kuvan installaatioihin sek\u00e4 veistoksen ja maalauksen ominaisuuksia<\/small><br \/>\n<small>yhdist\u00e4v\u00e4\u00e4n ty\u00f6skentelyyn.<\/small><br \/>\n<small>H\u00e4nen teoksilleen on tyypillist\u00e4 avoin rakenne, joka yhdist\u00e4\u00e4 erilaisia visuaalisia ja<\/small><br \/>\n<small>kerronnallisia keinoja tarjoten useita tapoja tulkita ja kokea teos. Rannikko ty\u00f6skentelee<\/small><br \/>\n<small>horisontaalisesti pohtien sit\u00e4 miten merkitykset muodostuvat linkittymisen, rinnakkaisuuden tai<\/small><br \/>\n<small>yhteistoiminnan kautta. H\u00e4nen ty\u00f6skentelyns\u00e4 keski\u00f6ss\u00e4 on usein rajapinta inhimillisen ja luonnon<\/small><br \/>\n<small>v\u00e4lill\u00e4. Teoksissa kehollinen ja kulttuurinen kokemus sekoittuvat luonnon verkostoituneeseen ja<\/small><br \/>\n<small>muuttuvaan kentt\u00e4\u00e4n.<\/small><br \/>\n<small>Rannikko on opiskellut Taideyliopiston Kuvataideakatemiassa (BA 1996) sek\u00e4 Taideteollisesta<\/small><br \/>\n<small>korkeakoulussa (MA 1994). H\u00e4n on osallistunut lukuisiin ryhm\u00e4n\u00e4yttelyihin sek\u00e4 pit\u00e4nyt<\/small><br \/>\n<small>yksityisn\u00e4yttelyit\u00e4 gallerioissa ja museoissa Pohjoismaissa ja Yhdysvalloissa. H\u00e4nen<\/small><br \/>\n<small>teoksiaan on keskeisiss\u00e4 julkisissa kokoelmissa Suomessa ja yksityisiss\u00e4 kokoelmissa<\/small><br \/>\n<small>Euroopassa ja Yhdysvalloissa. Rannikko on toteuttanut useita laajoja julkisen taiteen teoksia.<\/small><br \/>\n<small>H\u00e4n edusti Suomea Venetsian biennaalissa vuonna 2011. Kuvataiteen valtionpalkinto h\u00e4nelle<\/small><br \/>\n<small>my\u00f6nnettiin vuonna 2015.<\/small><\/p>\n<p style=\"text-align: left;\"><small>www.vesapekkarannikko.com<\/small><\/p>\n<p><small><a href=\"https:\/\/www.someronkivimeijeri.fi\/wp-content\/uploads\/2025\/04\/rannikko_cv.pdf\">Lataa CV<\/a><\/small><\/p>\n<p><small>Lataa lehdist\u00f6kuvat<\/small><\/p>\n<p><small><a href=\"https:\/\/www.someronkivimeijeri.fi\/wp-content\/uploads\/2025\/04\/Vesa_Pekka_Rannikko_Vicas_2023_75x41x30cm_lapivarjatty-kipsi_kuva_Jussi_Tiainen_GA4427-1.jpg\">Vesa-Pekka Rannikko: Vicas 2023<\/a><\/small><br \/>\n<small>Kuva: Jussi Tiainen<\/small><\/p>\n<p><small><a href=\"https:\/\/www.someronkivimeijeri.fi\/wp-content\/uploads\/2025\/04\/Vesa_Pekka_Rannikko_Apo_2023_183x64x35cm_lapivarjatty-kipsi_kuva_Jussi_Tiainen_GA4410-1.jpg\">Vesa-Pekka Rannikko: Apo (2023)<\/a><\/small><br \/>\n<small>Kuva: Jussi Tiainen<\/small>[\/vc_column_text][\/vc_column][\/vc_row][vc_row][vc_column][vc_empty_space height=&#8221;72px&#8221;][\/vc_column][\/vc_row]<\/p>\n<\/div>","protected":false},"excerpt":{"rendered":"<p class=\"card-text\">[vc_row bg_type=&#8221;image&#8221; css=&#8221;.vc_custom_1655050501308{margin-top: 75px !important;margin-bottom: 50px !important;}&#8221;][vc_column][vc_custom_heading text=&#8221;Vesa-Pekka Rannikko&#8221; font_container=&#8221;tag:h2|text_align:center|color:%23111111&#8243; google_fonts=&#8221;font_family:Montserrat%3Aregular%2C700|font_style:400%20regular%3A400%3Anormal&#8221; css=&#8221;&#8221;][\/vc_column][\/vc_row][vc_row bg_type=&#8221;bg_color&#8221; css=&#8221;.vc_custom_1744037869733{margin-top: 25px !important;margin-right: 15px !important;}&#8221;][vc_column width=&#8221;1\/4&#8243;][vc_single_image image=&#8221;9367&#8243; img_size=&#8221;large&#8221; css=&#8221;&#8221;][vc_column_text css=&#8221;&#8221;][\/vc_column_text][vc_column_text css=&#8221;&#8221;] www.vesapekkarannikko.com Lataa CV Lataa lehdist\u00f6kuvat Vesa-Pekka Rannikko: Vicas 2023 Kuva: Jussi Tiainen Vesa-Pekka Rannikko: Apo (2023) Kuva: Jussi Tiainen[\/vc_column_text][\/vc_column][vc_column width=&#8221;3\/4&#8243;][vc_column_text css=&#8221;.vc_custom_1744039356298{padding-top: 0px !important;padding-right: 0px !important;padding-bottom: 0px !important;padding-left: 10px !important;}&#8221;] Vesa-Pekka Rannikko [&#8230;]<\/p>\n<p class=\"m-0\"><a class=\"btn btn-outline-secondary btn-read-more\" href=\"https:\/\/www.someronkivimeijeri.fi\/?page_id=8997\">Read More<\/a><\/p>\n","protected":false},"author":1,"featured_media":0,"parent":0,"menu_order":0,"comment_status":"closed","ping_status":"closed","template":"","meta":{"footnotes":""},"class_list":["post-8997","page","type-page","status-publish","hentry"],"_links":{"self":[{"href":"https:\/\/www.someronkivimeijeri.fi\/index.php?rest_route=\/wp\/v2\/pages\/8997","targetHints":{"allow":["GET"]}}],"collection":[{"href":"https:\/\/www.someronkivimeijeri.fi\/index.php?rest_route=\/wp\/v2\/pages"}],"about":[{"href":"https:\/\/www.someronkivimeijeri.fi\/index.php?rest_route=\/wp\/v2\/types\/page"}],"author":[{"embeddable":true,"href":"https:\/\/www.someronkivimeijeri.fi\/index.php?rest_route=\/wp\/v2\/users\/1"}],"replies":[{"embeddable":true,"href":"https:\/\/www.someronkivimeijeri.fi\/index.php?rest_route=%2Fwp%2Fv2%2Fcomments&post=8997"}],"version-history":[{"count":33,"href":"https:\/\/www.someronkivimeijeri.fi\/index.php?rest_route=\/wp\/v2\/pages\/8997\/revisions"}],"predecessor-version":[{"id":9396,"href":"https:\/\/www.someronkivimeijeri.fi\/index.php?rest_route=\/wp\/v2\/pages\/8997\/revisions\/9396"}],"wp:attachment":[{"href":"https:\/\/www.someronkivimeijeri.fi\/index.php?rest_route=%2Fwp%2Fv2%2Fmedia&parent=8997"}],"curies":[{"name":"wp","href":"https:\/\/api.w.org\/{rel}","templated":true}]}}