{"id":8991,"date":"2024-04-16T16:43:30","date_gmt":"2024-04-16T13:43:30","guid":{"rendered":"https:\/\/www.someronkivimeijeri.fi\/?page_id=8991"},"modified":"2025-04-09T15:33:30","modified_gmt":"2025-04-09T12:33:30","slug":"taitelijat-2024","status":"publish","type":"page","link":"https:\/\/www.someronkivimeijeri.fi\/?page_id=8991","title":{"rendered":"Taitelijat 2025 (Sivustoa p\u00e4ivitet\u00e4\u00e4n)"},"content":{"rendered":"<div class=\"wpb-content-wrapper\"><p>[vc_row css=&#8221;.vc_custom_1586878548724{padding-top: 50px !important;padding-bottom: 50px !important;}&#8221;][vc_column width=&#8221;1\/3&#8243;][\/vc_column][vc_column width=&#8221;1\/3&#8243; css=&#8221;.vc_custom_1586878604953{margin-bottom: 50px !important;}&#8221;][vc_custom_heading text=&#8221;Taiteilijat 2025&#8243; font_container=&#8221;tag:h2|text_align:center|color:%23111111&#8243; google_fonts=&#8221;font_family:Montserrat%3Aregular%2C700|font_style:400%20regular%3A400%3Anormal&#8221; css=&#8221;&#8221;][\/vc_column][vc_column width=&#8221;1\/3&#8243;][\/vc_column][vc_column][vc_row_inner][vc_column_inner width=&#8221;1\/3&#8243;][\/vc_column_inner][vc_column_inner width=&#8221;1\/3&#8243;][vc_single_image image=&#8221;9366&#8243; alignment=&#8221;center&#8221; style=&#8221;vc_box_circle_2&#8243; css=&#8221;&#8221;][vc_column_text][\/vc_column_text][\/vc_column_inner][vc_column_inner width=&#8221;1\/3&#8243;][\/vc_column_inner][\/vc_row_inner][\/vc_column][\/vc_row][vc_row][vc_column width=&#8221;1\/3&#8243;][\/vc_column][vc_column width=&#8221;1\/3&#8243;][vc_column_text]Lue taiteilijoiden esittelyt tai lataa lehdist\u00f6kuvat.[\/vc_column_text][\/vc_column][vc_column width=&#8221;1\/3&#8243;][\/vc_column][\/vc_row][vc_row][vc_column width=&#8221;1\/3&#8243;]<div class=\"flip-box-wrap\" style=\"\"><div class=\"flip-box ifb-auto-height  horizontal_flip_left flip-ifb-auto-height\"  style=\"\" ><div class=\"ifb-flip-box\" id=\"flip-box-wrap-8561\"><div class=\"ifb-face ifb-front \" style=\"color:#333333;background:#efefef; border-width: 2px;border-style: solid; border-color:#a4a4a4;\">\r\n\t\t\t\t\t\t\t<div class=\"ifb-flip-box-section \">\r\n\t\t\t\t\t\t\t<h3 class=\"ult-responsive flipbox_heading\"  data-ultimate-target='#flip-box-wrap-8561 .ult-responsive.flipbox_heading'  data-responsive-json-new='{\"font-size\":\"\",\"line-height\":\"\"}'  style=\"color:#333333; \">Vesa-Pekka Rannikko<\/h3><div class=\"ifb-flip-box-section-content ult-responsive\"  data-ultimate-target='#flip-box-wrap-8561 .ifb-flip-box-section-content.ult-responsive'  data-responsive-json-new='{\"font-size\":\"\",\"line-height\":\"\"}'  style=\"color:#333333;color:#333333;\"><p>Taiteilijasivu<\/p><\/div><\/div><\/div><!-- END .front -->\r\n\t\t\t\t\t\t<div class=\"ifb-face ifb-back\" style=\"color:#333333;background:#efefef; border-width: 2px;border-style: solid; border-color:#a4a4a4;\">\r\n\t\t\t\t\t\t\t<div class=\"ifb-flip-box-section \"><h3 class=\"ult-responsive flipbox_heading\"  data-ultimate-target='#flip-box-wrap-8561 .ult-responsive.flipbox_heading'  data-responsive-json-new='{\"font-size\":\"\",\"line-height\":\"\"}'  style=\"color:#333333; \">Klikkaa<\/h3><div class=\"flip_link\"><a href=\"https:\/\/www.someronkivimeijeri.fi\/?page_id=8997\" title=\"Nora Paakkanen\"  style=\"background:#efefef; color:#000000;\">T\u00e4st\u00e4<\/a><\/div><\/div><\/div><!-- END .back --><\/div> <!-- ifb-flip-box --><\/div> <!-- flip-box --><\/div><!-- End icon block -->[\/vc_column][vc_column width=&#8221;1\/3&#8243;]<div class=\"flip-box-wrap\" style=\"\"><div class=\"flip-box ifb-auto-height  horizontal_flip_left flip-ifb-auto-height\"  style=\"\" ><div class=\"ifb-flip-box\" id=\"flip-box-wrap-2574\"><div class=\"ifb-face ifb-front \" style=\"color:#333333;background:#efefef; border-width: 2px;border-style: solid; border-color:#a4a4a4;\">\r\n\t\t\t\t\t\t\t<div class=\"ifb-flip-box-section \">\r\n\t\t\t\t\t\t\t<h3 class=\"ult-responsive flipbox_heading\"  data-ultimate-target='#flip-box-wrap-2574 .ult-responsive.flipbox_heading'  data-responsive-json-new='{\"font-size\":\"\",\"line-height\":\"\"}'  style=\"color:#333333; \">Kari Cav\u00e9n<\/h3><div class=\"ifb-flip-box-section-content ult-responsive\"  data-ultimate-target='#flip-box-wrap-2574 .ifb-flip-box-section-content.ult-responsive'  data-responsive-json-new='{\"font-size\":\"\",\"line-height\":\"\"}'  style=\"color:#333333;color:#333333;\"><p>Taiteilijasivu<\/p><\/div><\/div><\/div><!-- END .front -->\r\n\t\t\t\t\t\t<div class=\"ifb-face ifb-back\" style=\"color:#333333;background:#efefef; border-width: 2px;border-style: solid; border-color:#a4a4a4;\">\r\n\t\t\t\t\t\t\t<div class=\"ifb-flip-box-section \"><h3 class=\"ult-responsive flipbox_heading\"  data-ultimate-target='#flip-box-wrap-2574 .ult-responsive.flipbox_heading'  data-responsive-json-new='{\"font-size\":\"\",\"line-height\":\"\"}'  style=\"color:#333333; \">Klikkaa<\/h3><div class=\"flip_link\"><a href=\"https:\/\/www.someronkivimeijeri.fi\/?page_id=9398\" title=\"Kari Kav\u00e9n\"  style=\"background:#efefef; color:#000000;\">T\u00e4st\u00e4<\/a><\/div><\/div><\/div><!-- END .back --><\/div> <!-- ifb-flip-box --><\/div> <!-- flip-box --><\/div><!-- End icon block -->[\/vc_column][vc_column width=&#8221;1\/3&#8243;]<div class=\"flip-box-wrap\" style=\"\"><div class=\"flip-box ifb-auto-height  horizontal_flip_left flip-ifb-auto-height\"  style=\"\" ><div class=\"ifb-flip-box\" id=\"flip-box-wrap-8650\"><div class=\"ifb-face ifb-front \" style=\"color:#333333;background:#efefef; border-width: 2px;border-style: solid; border-color:#a4a4a4;\">\r\n\t\t\t\t\t\t\t<div class=\"ifb-flip-box-section \">\r\n\t\t\t\t\t\t\t<h3 class=\"ult-responsive flipbox_heading\"  data-ultimate-target='#flip-box-wrap-8650 .ult-responsive.flipbox_heading'  data-responsive-json-new='{\"font-size\":\"\",\"line-height\":\"\"}'  style=\"color:#333333; \">Tuomo Saali<\/h3><div class=\"ifb-flip-box-section-content ult-responsive\"  data-ultimate-target='#flip-box-wrap-8650 .ifb-flip-box-section-content.ult-responsive'  data-responsive-json-new='{\"font-size\":\"\",\"line-height\":\"\"}'  style=\"color:#333333;color:#333333;\"><p>Taiteilijasivu<\/p><\/div><\/div><\/div><!-- END .front -->\r\n\t\t\t\t\t\t<div class=\"ifb-face ifb-back\" style=\"color:#333333;background:#efefef; border-width: 2px;border-style: solid; border-color:#a4a4a4;\">\r\n\t\t\t\t\t\t\t<div class=\"ifb-flip-box-section \"><h3 class=\"ult-responsive flipbox_heading\"  data-ultimate-target='#flip-box-wrap-8650 .ult-responsive.flipbox_heading'  data-responsive-json-new='{\"font-size\":\"\",\"line-height\":\"\"}'  style=\"color:#333333; \">Klikkaa<\/h3><div class=\"flip_link\"><a href=\"https:\/\/www.someronkivimeijeri.fi\/?page_id=9423\" title=\"Tuomo Saali\"  style=\"background:#efefef; color:#000000;\">T\u00e4st\u00e4<\/a><\/div><\/div><\/div><!-- END .back --><\/div> <!-- ifb-flip-box --><\/div> <!-- flip-box --><\/div><!-- End icon block -->[\/vc_column][\/vc_row][vc_row][vc_column width=&#8221;1\/3&#8243;]<div class=\"flip-box-wrap\" style=\"\"><div class=\"flip-box ifb-auto-height  horizontal_flip_left flip-ifb-auto-height\"  style=\"\" ><div class=\"ifb-flip-box\" id=\"flip-box-wrap-5780\"><div class=\"ifb-face ifb-front \" style=\"color:#333333;background:#efefef; border-width: 2px;border-style: solid; border-color:#a4a4a4;\">\r\n\t\t\t\t\t\t\t<div class=\"ifb-flip-box-section \">\r\n\t\t\t\t\t\t\t<h3 class=\"ult-responsive flipbox_heading\"  data-ultimate-target='#flip-box-wrap-5780 .ult-responsive.flipbox_heading'  data-responsive-json-new='{\"font-size\":\"\",\"line-height\":\"\"}'  style=\"color:#333333; \">Raili Tang<\/h3><div class=\"ifb-flip-box-section-content ult-responsive\"  data-ultimate-target='#flip-box-wrap-5780 .ifb-flip-box-section-content.ult-responsive'  data-responsive-json-new='{\"font-size\":\"\",\"line-height\":\"\"}'  style=\"color:#333333;color:#333333;\"><p>Taiteilijasivu<\/p><\/div><\/div><\/div><!-- END .front -->\r\n\t\t\t\t\t\t<div class=\"ifb-face ifb-back\" style=\"color:#333333;background:#efefef; border-width: 2px;border-style: solid; border-color:#a4a4a4;\">\r\n\t\t\t\t\t\t\t<div class=\"ifb-flip-box-section \"><h3 class=\"ult-responsive flipbox_heading\"  data-ultimate-target='#flip-box-wrap-5780 .ult-responsive.flipbox_heading'  data-responsive-json-new='{\"font-size\":\"\",\"line-height\":\"\"}'  style=\"color:#333333; \">Klikkaa<\/h3><div class=\"flip_link\"><a href=\"https:\/\/www.someronkivimeijeri.fi\/?page_id=9436\" title=\"Antti Laitinen\"  style=\"background:#efefef; color:#000000;\">T\u00e4st\u00e4<\/a><\/div><\/div><\/div><!-- END .back --><\/div> <!-- ifb-flip-box --><\/div> <!-- flip-box --><\/div><!-- End icon block -->[\/vc_column][vc_column width=&#8221;1\/3&#8243;]<div class=\"flip-box-wrap\" style=\"\"><div class=\"flip-box ifb-auto-height  horizontal_flip_left flip-ifb-auto-height\"  style=\"\" ><div class=\"ifb-flip-box\" id=\"flip-box-wrap-9904\"><div class=\"ifb-face ifb-front \" style=\"color:#333333;background:#efefef; border-width: 2px;border-style: solid; border-color:#a4a4a4;\">\r\n\t\t\t\t\t\t\t<div class=\"ifb-flip-box-section \">\r\n\t\t\t\t\t\t\t<h3 class=\"ult-responsive flipbox_heading\"  data-ultimate-target='#flip-box-wrap-9904 .ult-responsive.flipbox_heading'  data-responsive-json-new='{\"font-size\":\"\",\"line-height\":\"\"}'  style=\"color:#333333; \">Erik Uddstr\u00f6m<\/h3><div class=\"ifb-flip-box-section-content ult-responsive\"  data-ultimate-target='#flip-box-wrap-9904 .ifb-flip-box-section-content.ult-responsive'  data-responsive-json-new='{\"font-size\":\"\",\"line-height\":\"\"}'  style=\"color:#333333;color:#333333;\"><p>Taiteilijasivu<\/p><\/div><\/div><\/div><!-- END .front -->\r\n\t\t\t\t\t\t<div class=\"ifb-face ifb-back\" style=\"color:#333333;background:#efefef; border-width: 2px;border-style: solid; border-color:#a4a4a4;\">\r\n\t\t\t\t\t\t\t<div class=\"ifb-flip-box-section \"><h3 class=\"ult-responsive flipbox_heading\"  data-ultimate-target='#flip-box-wrap-9904 .ult-responsive.flipbox_heading'  data-responsive-json-new='{\"font-size\":\"\",\"line-height\":\"\"}'  style=\"color:#333333; \">Klikkaa<\/h3><div class=\"flip_link\"><a href=\"https:\/\/www.someronkivimeijeri.fi\/?page_id=9450\" title=\"Kajas\"  style=\"background:#efefef; color:#000000;\">T\u00e4st\u00e4<\/a><\/div><\/div><\/div><!-- END .back --><\/div> <!-- ifb-flip-box --><\/div> <!-- flip-box --><\/div><!-- End icon block -->[\/vc_column][vc_column width=&#8221;1\/3&#8243;]<div class=\"flip-box-wrap\" style=\"\"><div class=\"flip-box ifb-auto-height  horizontal_flip_left flip-ifb-auto-height\"  style=\"\" ><div class=\"ifb-flip-box\" id=\"flip-box-wrap-1648\"><div class=\"ifb-face ifb-front \" style=\"color:#333333;background:#efefef; border-width: 2px;border-style: solid; border-color:#a4a4a4;\">\r\n\t\t\t\t\t\t\t<div class=\"ifb-flip-box-section \">\r\n\t\t\t\t\t\t\t<h3 class=\"ult-responsive flipbox_heading\"  data-ultimate-target='#flip-box-wrap-1648 .ult-responsive.flipbox_heading'  data-responsive-json-new='{\"font-size\":\"\",\"line-height\":\"\"}'  style=\"color:#333333; \">Antero Kare<\/h3><div class=\"ifb-flip-box-section-content ult-responsive\"  data-ultimate-target='#flip-box-wrap-1648 .ifb-flip-box-section-content.ult-responsive'  data-responsive-json-new='{\"font-size\":\"\",\"line-height\":\"\"}'  style=\"color:#333333;color:#333333;\"><p>Taiteilijasivu<\/p><\/div><\/div><\/div><!-- END .front -->\r\n\t\t\t\t\t\t<div class=\"ifb-face ifb-back\" style=\"color:#333333;background:#efefef; border-width: 2px;border-style: solid; border-color:#a4a4a4;\">\r\n\t\t\t\t\t\t\t<div class=\"ifb-flip-box-section \"><h3 class=\"ult-responsive flipbox_heading\"  data-ultimate-target='#flip-box-wrap-1648 .ult-responsive.flipbox_heading'  data-responsive-json-new='{\"font-size\":\"\",\"line-height\":\"\"}'  style=\"color:#333333; \">Klikkaa<\/h3><div class=\"flip_link\"><a href=\"https:\/\/www.someronkivimeijeri.fi\/?page_id=9462\" title=\"Antero Kare\"  style=\"background:#efefef; color:#000000;\">T\u00e4st\u00e4<\/a><\/div><\/div><\/div><!-- END .back --><\/div> <!-- ifb-flip-box --><\/div> <!-- flip-box --><\/div><!-- End icon block -->[\/vc_column][\/vc_row]<\/p>\n<\/div>","protected":false},"excerpt":{"rendered":"<p class=\"card-text\">[vc_row css=&#8221;.vc_custom_1586878548724{padding-top: 50px !important;padding-bottom: 50px !important;}&#8221;][vc_column width=&#8221;1\/3&#8243;][\/vc_column][vc_column width=&#8221;1\/3&#8243; css=&#8221;.vc_custom_1586878604953{margin-bottom: 50px !important;}&#8221;][vc_custom_heading text=&#8221;Taiteilijat 2025&#8243; font_container=&#8221;tag:h2|text_align:center|color:%23111111&#8243; google_fonts=&#8221;font_family:Montserrat%3Aregular%2C700|font_style:400%20regular%3A400%3Anormal&#8221; css=&#8221;&#8221;][\/vc_column][vc_column width=&#8221;1\/3&#8243;][\/vc_column][vc_column][vc_row_inner][vc_column_inner width=&#8221;1\/3&#8243;][\/vc_column_inner][vc_column_inner width=&#8221;1\/3&#8243;][vc_single_image image=&#8221;9366&#8243; alignment=&#8221;center&#8221; style=&#8221;vc_box_circle_2&#8243; css=&#8221;&#8221;][vc_column_text][\/vc_column_text][\/vc_column_inner][vc_column_inner width=&#8221;1\/3&#8243;][\/vc_column_inner][\/vc_row_inner][\/vc_column][\/vc_row][vc_row][vc_column width=&#8221;1\/3&#8243;][\/vc_column][vc_column width=&#8221;1\/3&#8243;][vc_column_text]Lue taiteilijoiden esittelyt tai lataa lehdist\u00f6kuvat.[\/vc_column_text][\/vc_column][vc_column width=&#8221;1\/3&#8243;][\/vc_column][\/vc_row][vc_row][vc_column width=&#8221;1\/3&#8243;][\/vc_column][vc_column width=&#8221;1\/3&#8243;][\/vc_column][vc_column width=&#8221;1\/3&#8243;][\/vc_column][\/vc_row][vc_row][vc_column width=&#8221;1\/3&#8243;][\/vc_column][vc_column width=&#8221;1\/3&#8243;][\/vc_column][vc_column width=&#8221;1\/3&#8243;][\/vc_column][\/vc_row] [&#8230;]<\/p>\n<p class=\"m-0\"><a class=\"btn btn-outline-secondary btn-read-more\" href=\"https:\/\/www.someronkivimeijeri.fi\/?page_id=8991\">Read More<\/a><\/p>\n","protected":false},"author":1,"featured_media":0,"parent":0,"menu_order":0,"comment_status":"closed","ping_status":"closed","template":"","meta":{"footnotes":""},"class_list":["post-8991","page","type-page","status-publish","hentry"],"_links":{"self":[{"href":"https:\/\/www.someronkivimeijeri.fi\/index.php?rest_route=\/wp\/v2\/pages\/8991","targetHints":{"allow":["GET"]}}],"collection":[{"href":"https:\/\/www.someronkivimeijeri.fi\/index.php?rest_route=\/wp\/v2\/pages"}],"about":[{"href":"https:\/\/www.someronkivimeijeri.fi\/index.php?rest_route=\/wp\/v2\/types\/page"}],"author":[{"embeddable":true,"href":"https:\/\/www.someronkivimeijeri.fi\/index.php?rest_route=\/wp\/v2\/users\/1"}],"replies":[{"embeddable":true,"href":"https:\/\/www.someronkivimeijeri.fi\/index.php?rest_route=%2Fwp%2Fv2%2Fcomments&post=8991"}],"version-history":[{"count":46,"href":"https:\/\/www.someronkivimeijeri.fi\/index.php?rest_route=\/wp\/v2\/pages\/8991\/revisions"}],"predecessor-version":[{"id":9471,"href":"https:\/\/www.someronkivimeijeri.fi\/index.php?rest_route=\/wp\/v2\/pages\/8991\/revisions\/9471"}],"wp:attachment":[{"href":"https:\/\/www.someronkivimeijeri.fi\/index.php?rest_route=%2Fwp%2Fv2%2Fmedia&parent=8991"}],"curies":[{"name":"wp","href":"https:\/\/api.w.org\/{rel}","templated":true}]}}