{"id":8969,"date":"2024-03-12T16:58:56","date_gmt":"2024-03-12T14:58:56","guid":{"rendered":"https:\/\/www.someronkivimeijeri.fi\/?page_id=8969"},"modified":"2024-05-04T01:32:18","modified_gmt":"2024-05-03T22:32:18","slug":"valkoinen-janis-musta-uuni-nayttely","status":"publish","type":"page","link":"https:\/\/www.someronkivimeijeri.fi\/?page_id=8969","title":{"rendered":"VALKOINEN JANIS MUSTA UUNI -n\u00e4yttely"},"content":{"rendered":"<div class=\"wpb-content-wrapper\"><p>[vc_row full_width=&#8221;stretch_row&#8221; full_height=&#8221;yes&#8221; equal_height=&#8221;yes&#8221; bg_type=&#8221;image&#8221; parallax_style=&#8221;vcpb-default&#8221; bg_image_new=&#8221;id^9039|url^https:\/\/www.someronkivimeijeri.fi\/wp-content\/uploads\/2024\/04\/Markku-Keranen-Sarjasta-Aamulinnut-2022-2024-kuva-Rauno-Traskelin-1.jpg|caption^null|alt^null|title^Markku-Ker\u00e4nen,-Sarjasta-Aamulinnut,-2022-2024-(kuva-Rauno-Tr\u00e4skelin)|description^null&#8221; bg_image_repeat=&#8221;no-repeat&#8221; bg_override=&#8221;full&#8221; parallax_content=&#8221;parallax_content_value&#8221; fadeout_row=&#8221;fadeout_row_value&#8221; enable_overlay=&#8221;enable_overlay_value&#8221; overlay_pattern=&#8221;transperant&#8221; overlay_pattern_opacity=&#8221;60&#8243;][vc_column][vc_custom_heading text=&#8221;VALKOINEN MUSTA&#8221; font_container=&#8221;tag:h2|font_size:3em|text_align:center|color:%23ffffff|line_height:1&#8243; google_fonts=&#8221;font_family:Montserrat%3Aregular%2C700|font_style:700%20bold%20regular%3A700%3Anormal&#8221; css_animation=&#8221;fadeInDown&#8221; css=&#8221;.vc_custom_1714775465814{margin-top: 50px !important;margin-right: 50px !important;margin-bottom: 50px !important;margin-left: 50px !important;padding-top: 25px !important;padding-right: 25px !important;padding-bottom: 25px !important;padding-left: 25px !important;background-color: #000000 !important;background-position: center !important;background-repeat: no-repeat !important;background-size: cover !important;}&#8221;][vc_custom_heading text=&#8221;N\u00e4yttely Someron Kivimeijeri 15.6.-18.8.2024&#8243; font_container=&#8221;tag:h3|font_size:2em|text_align:center|color:%23000000|line_height:1&#8243; google_fonts=&#8221;font_family:Montserrat%3Aregular%2C700|font_style:400%20regular%3A400%3Anormal&#8221; css_animation=&#8221;fadeInDown&#8221; css=&#8221;.vc_custom_1714775535127{margin-top: 50px !important;margin-right: 50px !important;margin-bottom: 50px !important;margin-left: 50px !important;padding-top: 25px !important;padding-right: 25px !important;padding-bottom: 25px !important;padding-left: 25px !important;background-color: #ffffff !important;background-position: center !important;background-repeat: no-repeat !important;background-size: cover !important;}&#8221;][vc_row_inner][vc_column_inner width=&#8221;1\/2&#8243; css=&#8221;.vc_custom_1525027995917{margin-top: 60px !important;}&#8221;][vc_btn title=&#8221;N\u00e4yttely&#8221; style=&#8221;flat&#8221; color=&#8221;black&#8221; size=&#8221;lg&#8221; align=&#8221;center&#8221; css_animation=&#8221;fadeInUp&#8221; link=&#8221;url:%23nayttely|||&#8221;][\/vc_column_inner][vc_column_inner width=&#8221;1\/2&#8243; css=&#8221;.vc_custom_1525027095029{margin-top: 60px !important;}&#8221;][vc_btn title=&#8221;Taiteilijat 2024&#8243; style=&#8221;flat&#8221; color=&#8221;black&#8221; size=&#8221;lg&#8221; align=&#8221;center&#8221; css_animation=&#8221;fadeInUp&#8221; link=&#8221;url:https%3A%2F%2Fwww.someronkivimeijeri.fi%2F%3Fpage_id%3D8991|title:Taitelijat%202024&#8243;][\/vc_column_inner][\/vc_row_inner][vc_row_inner][vc_column_inner css=&#8221;.vc_custom_1525073554648{margin-top: 155px !important;}&#8221;][vc_icon type=&#8221;entypo&#8221; icon_entypo=&#8221;entypo-icon entypo-icon-down-open-big&#8221; color=&#8221;white&#8221; size=&#8221;xl&#8221; align=&#8221;center&#8221; css_animation=&#8221;slideInDown&#8221; link=&#8221;url:%23nayttely|||&#8221;][\/vc_column_inner][\/vc_row_inner][\/vc_column][\/vc_row][vc_row full_width=&#8221;stretch_row&#8221; bg_type=&#8221;image&#8221; parallax_style=&#8221;vcpb-default&#8221; bg_image_repeat=&#8221;no-repeat&#8221; parallax_content=&#8221;parallax_content_value&#8221; fadeout_row=&#8221;fadeout_row_value&#8221; el_id=&#8221;nayttely&#8221; css=&#8221;.vc_custom_1525105298779{margin-top: 25px !important;}&#8221;][vc_column][vc_column_text css_animation=&#8221;fadeIn&#8221;]VALKOINEN MUSTA -VALKOINEN J\u00c4NIS JA MUSTA UUNI -n\u00e4yttelyn kokonaisuus muodostuu Markku Ker\u00e4sen v\u00e4rikk\u00e4ist\u00e4 maalauksista, Pekka Jylh\u00e4n veistoksista, Antero Kareen muinaisuudesta ja mustasavukeramiikan laajasta katsauksesta.<\/p>\n<p>\u201cNuori sielu avoimena\u201d on kirjoitettu metallikirjaimilla <em>Pekka Jylh\u00e4n<\/em> J.V.Snellman -monumenttiin Kokkolassa. Vapaalla asenteella liikkuen Jylh\u00e4st\u00e4 on muodostunut julkisten veistosten enn\u00e4tystekij\u00e4. Alkurys\u00e4ys oli presidentti Kekkosen muistomerkki L\u00e4hde ja vaihtelevista ajatuksista kertovat teosnimet Ilmestys, Valon pes\u00e4, Helmenkalastaja, Aurinkosilta, Linnunrata, Kohtaaminen. Olen it\u00e4 &#8211; olen l\u00e4nsi.<\/p>\n<p>Valkoinen j\u00e4nis on monitulkintaisin Pekka Jylh\u00e4n hahmoista. Se asettuu nyt seikkailuun hanhensulista valmistettujen veistosten kanssa, valkoisuuteen jota ehk\u00e4 kuvaa h\u00e4nen vanha teosnimi Puhdas omatunto.<\/p>\n<p><em>Markku Ker\u00e4nen<\/em> on v\u00e4rimaalari. H\u00e4n on v\u00e4rimaalari jopa siin\u00e4 m\u00e4\u00e4rin, ett\u00e4 alkutuotannon kansanlaulumaiset ihmiskuvaukset ovat pelkistyneet v\u00e4ripallojen sommitteluiksi. Linnun lenn\u00e4tt\u00e4j\u00e4t ovat kuitenkin edelleen Hailuodossa, sen ilmapiiri ja valo ja kasvillisuus ja vaikkapa kotipiiriin taas kev\u00e4\u00e4ll\u00e4 saapuva odotettu oma kuovi n\u00e4kyv\u00e4t geometriselta vaikuttavan maalauksen l\u00e4pi, v\u00e4rikerrontana.<\/p>\n<p>\u201cPid\u00e4n sinun paletistasi\u201d sanottiin 1900-luvun alussa v\u00e4rimaalauksen yleistyess\u00e4. Taiteilijat eiv\u00e4t suinkaan puristaneet kaikkia maalituubejaan maalialustalleen, vaan valitsivat luonteelleen sopivat. Juuri t\u00e4st\u00e4 tutkimuksesta Ker\u00e4sen temperamaalaukset kertovat.<\/p>\n<p><em>Antero Kare<\/em> on polttanut lis\u00e4\u00e4 savea. Peuran, muinaistaiteen ja ihmishistorian lis\u00e4ksi veistoksiin on ilmestynyt geologian ja maankamaran liikkeit\u00e4, ikuista muutosta ja aineen olomuodon kehittymist\u00e4 toiseksi.<\/p>\n<p>Kuumuuden kemian ja fysiikan tuhannet lainalaisuudet painivat kesken\u00e4\u00e4n niin ett\u00e4 tulosten rikkaudesta on vaikea p\u00e4\u00e4tell\u00e4 ovatko teosten tarkoitusper\u00e4t kulttuurihistoriasta vai tulivuorikaivannosta. Ehk\u00e4 tarkoituksena onkin esitt\u00e4\u00e4 n\u00e4m\u00e4 kaikki yhdess\u00e4 jokaisessa ymp\u00e4rist\u00f6mme havainnossa.[\/vc_column_text][\/vc_column][\/vc_row][vc_row full_width=&#8221;stretch_row&#8221; bg_type=&#8221;image&#8221; parallax_style=&#8221;vcpb-default&#8221; bg_image_repeat=&#8221;no-repeat&#8221; parallax_content=&#8221;parallax_content_value&#8221; fadeout_row=&#8221;fadeout_row_value&#8221; css=&#8221;.vc_custom_1684052287930{margin-bottom: 1px !important;}&#8221;][vc_column width=&#8221;1\/2&#8243;][vc_column_text]MUSTASAVUKERAMIIKKA<\/p>\n<p>Kes\u00e4n erikoisuus on mustasavukeramiikka. Quartin kaupunki Kataloniassa Espanjassa on kasvattanut erikoisosaamista mustasavukeramiikassa. Suomalaiskeraamikoilla oli mahdollisuus osallistua Museu de la Terissa deQuartin j\u00e4rjest\u00e4m\u00e4\u00e4n ty\u00f6pajaan ja n\u00e4yttelyyn pari vuotta sitten.<\/p>\n<p>Mustasavukeramiikan perusmuoto on primitiivipoltto, jossa usein kiillotetun esineen pinta kovetetaan ja savussa v\u00e4rj\u00e4t\u00e4\u00e4n. Sen toinen muoto on hapeton poltto, jolloin uuni suljetaan hapelta, jolloin palaminen imee hapen ei uunin ilmasta, vaan itse esineest\u00e4 ja sen pinta pelkistyy.<\/p>\n<p>Nyt t\u00e4m\u00e4 joukko tuo <em>Catharina Kajanderin<\/em> johdolla Quartissa valmistuneita teoksia kes\u00e4n n\u00e4yttelyn keramiikkaosaston pes\u00e4munaksi. N\u00e4yttelyryhm\u00e4\u00e4n on otettu mukaan my\u00f6s muita mustasavukeramiikkaa tehneit\u00e4 tekij\u00f6it\u00e4. Ryhm\u00e4 valmistaa uusia teoksia ja j\u00e4rjest\u00e4\u00e4 ty\u00f6pajoja ja mustasavupolttoja kes\u00e4n aikana.<\/p>\n<p>N\u00e4yttelyn mustasavukeramiikan osaston 13 taiteilijaa ovat: <em>Antonio Altarriba, Marika Jensen, Catharina Kajander, Aura Kajas, Miia Kallio, Antero Kare, Pirjo Lautiainen, Axel Lyytikk\u00e4, Arja Martikainen, Maarit M\u00e4kel\u00e4, Leena M\u00e4ki-Patola, Mira Niittym\u00e4ki ja Nora Paakkanen.<\/em><\/p>\n<p>Someron kaupungin Suvihein\u00e4viikot -kulttuuritapahtumien yhteydess\u00e4 Kivimeijerill\u00e4 j\u00e4rjestet\u00e4\u00e4n kolme yleis\u00f6luentoa 26.6., 3.7. ja 10.7.<\/p>\n<p>Rakufestivaalien p\u00e4iv\u00e4m\u00e4\u00e4r\u00e4t ovat 12.-14.7.<\/p>\n<p>N\u00e4yttely auki joka p\u00e4iv\u00e4 12.-18.00. Liput aikuiset 10 \u20ac, nuoret 5 \u20ac, lapset alle 7 v. 0 \u20ac.<\/p>\n<div id=\"gtx-trans\" style=\"position: absolute; left: 7px; top: 471px;\">\n<div class=\"gtx-trans-icon\"><\/div>\n<\/div>\n<p>[\/vc_column_text][\/vc_column][vc_column width=&#8221;1\/2&#8243;][vc_gallery type=&#8221;flexslider_slide&#8221; interval=&#8221;0&#8243; images=&#8221;9024,9037,9039,9049,9050,9059,9008,9009,9066,9067,9127,9109,9113,9133,9091,9169,9156,9155,9116&#8243; img_size=&#8221;large&#8221;][\/vc_column][\/vc_row][vc_column][vc_column_text][\/vc_column_text][\/vc_column]<\/p>\n<\/div>","protected":false},"excerpt":{"rendered":"<p class=\"card-text\">[vc_row full_width=&#8221;stretch_row&#8221; full_height=&#8221;yes&#8221; equal_height=&#8221;yes&#8221; bg_type=&#8221;image&#8221; parallax_style=&#8221;vcpb-default&#8221; bg_image_new=&#8221;id^9039|url^https:\/\/www.someronkivimeijeri.fi\/wp-content\/uploads\/2024\/04\/Markku-Keranen-Sarjasta-Aamulinnut-2022-2024-kuva-Rauno-Traskelin-1.jpg|caption^null|alt^null|title^Markku-Ker\u00e4nen,-Sarjasta-Aamulinnut,-2022-2024-(kuva-Rauno-Tr\u00e4skelin)|description^null&#8221; bg_image_repeat=&#8221;no-repeat&#8221; bg_override=&#8221;full&#8221; parallax_content=&#8221;parallax_content_value&#8221; fadeout_row=&#8221;fadeout_row_value&#8221; enable_overlay=&#8221;enable_overlay_value&#8221; overlay_pattern=&#8221;transperant&#8221; overlay_pattern_opacity=&#8221;60&#8243;][vc_column][vc_custom_heading text=&#8221;VALKOINEN MUSTA&#8221; font_container=&#8221;tag:h2|font_size:3em|text_align:center|color:%23ffffff|line_height:1&#8243; google_fonts=&#8221;font_family:Montserrat%3Aregular%2C700|font_style:700%20bold%20regular%3A700%3Anormal&#8221; css_animation=&#8221;fadeInDown&#8221; css=&#8221;.vc_custom_1714775465814{margin-top: 50px !important;margin-right: 50px !important;margin-bottom: 50px !important;margin-left: 50px !important;padding-top: 25px !important;padding-right: 25px !important;padding-bottom: 25px !important;padding-left: 25px !important;background-color: #000000 !important;background-position: center !important;background-repeat: no-repeat !important;background-size: cover !important;}&#8221;][vc_custom_heading text=&#8221;N\u00e4yttely Someron Kivimeijeri 15.6.-18.8.2024&#8243; font_container=&#8221;tag:h3|font_size:2em|text_align:center|color:%23000000|line_height:1&#8243; google_fonts=&#8221;font_family:Montserrat%3Aregular%2C700|font_style:400%20regular%3A400%3Anormal&#8221; css_animation=&#8221;fadeInDown&#8221; css=&#8221;.vc_custom_1714775535127{margin-top: 50px !important;margin-right: 50px [&#8230;]<\/p>\n<p class=\"m-0\"><a class=\"btn btn-outline-secondary btn-read-more\" href=\"https:\/\/www.someronkivimeijeri.fi\/?page_id=8969\">Read More<\/a><\/p>\n","protected":false},"author":1,"featured_media":0,"parent":0,"menu_order":0,"comment_status":"closed","ping_status":"closed","template":"","meta":{"footnotes":""},"class_list":["post-8969","page","type-page","status-publish","hentry"],"_links":{"self":[{"href":"https:\/\/www.someronkivimeijeri.fi\/index.php?rest_route=\/wp\/v2\/pages\/8969","targetHints":{"allow":["GET"]}}],"collection":[{"href":"https:\/\/www.someronkivimeijeri.fi\/index.php?rest_route=\/wp\/v2\/pages"}],"about":[{"href":"https:\/\/www.someronkivimeijeri.fi\/index.php?rest_route=\/wp\/v2\/types\/page"}],"author":[{"embeddable":true,"href":"https:\/\/www.someronkivimeijeri.fi\/index.php?rest_route=\/wp\/v2\/users\/1"}],"replies":[{"embeddable":true,"href":"https:\/\/www.someronkivimeijeri.fi\/index.php?rest_route=%2Fwp%2Fv2%2Fcomments&post=8969"}],"version-history":[{"count":35,"href":"https:\/\/www.someronkivimeijeri.fi\/index.php?rest_route=\/wp\/v2\/pages\/8969\/revisions"}],"predecessor-version":[{"id":9197,"href":"https:\/\/www.someronkivimeijeri.fi\/index.php?rest_route=\/wp\/v2\/pages\/8969\/revisions\/9197"}],"wp:attachment":[{"href":"https:\/\/www.someronkivimeijeri.fi\/index.php?rest_route=%2Fwp%2Fv2%2Fmedia&parent=8969"}],"curies":[{"name":"wp","href":"https:\/\/api.w.org\/{rel}","templated":true}]}}