{"id":8780,"date":"2023-05-14T11:30:55","date_gmt":"2023-05-14T08:30:55","guid":{"rendered":"https:\/\/www.someronkivimeijeri.fi\/?page_id=8780"},"modified":"2023-05-14T11:42:59","modified_gmt":"2023-05-14T08:42:59","slug":"pekka-paikkari","status":"publish","type":"page","link":"https:\/\/www.someronkivimeijeri.fi\/?page_id=8780","title":{"rendered":"Pekka Paikkari"},"content":{"rendered":"<div class=\"wpb-content-wrapper\"><p>[vc_row bg_type=&#8221;image&#8221; css=&#8221;.vc_custom_1655050501308{margin-top: 75px !important;margin-bottom: 50px !important;}&#8221;][vc_column][vc_custom_heading text=&#8221;Pekka Paikkari&#8221; font_container=&#8221;tag:h2|text_align:center&#8221; google_fonts=&#8221;font_family:Montserrat%3Aregular%2C700|font_style:400%20regular%3A400%3Anormal&#8221;][\/vc_column][\/vc_row][vc_row bg_type=&#8221;bg_color&#8221; css=&#8221;.vc_custom_1655050548499{margin-top: 25px !important;margin-right: 15px !important;}&#8221;][vc_column width=&#8221;1\/3&#8243;][vc_images_carousel images=&#8221;8750,8749&#8243;][vc_column_text]Klikkaa kuvaa<\/p>\n<div id=\"gtx-trans\" style=\"position: absolute; left: 100px; top: 37px;\">\n<div class=\"gtx-trans-icon\"><\/div>\n<\/div>\n<p>[\/vc_column_text][\/vc_column][vc_column width=&#8221;2\/3&#8243; css=&#8221;.vc_custom_1524752235950{margin-right: 5px !important;margin-left: 5px !important;}&#8221;][vc_column_text css_animation=&#8221;fadeIn&#8221;]<strong>Artist Statement 2023<\/strong><br \/>\nKaikki ty\u00f6ni perustuvat siihen miten savi k\u00e4ytt\u00e4ytyy materiaalina. Se<br \/>\non ty\u00f6skentelyni alku- ja loppupiste. Savi on taiteen tekemisen<br \/>\nalkuaine ja yksikk\u00f6, jota ei voi jakaa en\u00e4\u00e4 pienempiin osiin.<br \/>\nMinusta tuli taiteilija kenties siksi, ett\u00e4 materiaali ja taide valitse<br \/>\nminut. Lapsena minulla oli pakonomainen tarve piirt\u00e4\u00e4 ja muovailla.<br \/>\nSaven ty\u00f6st\u00e4miseen liittyy paljon rajoituksia ja s\u00e4\u00e4nt\u00f6j\u00e4, joita pyrin<br \/>\nteoksissani eri tavoilla rikkomaan. Saven kuivumisen, polton ja<br \/>\nhalkeilun voi n\u00e4hd\u00e4 haasteena, mutta minulle se on mahdollisuus<br \/>\nl\u00f6yt\u00e4\u00e4 uudenlaisia ty\u00f6tapoja.<\/p>\n<p><a href=\"https:\/\/www.someronkivimeijeri.fi\/wp-content\/uploads\/2023\/05\/cv_paikkari_2019.pdf\" target=\"_blank\" rel=\"noopener\">Lataa CV<\/a><\/p>\n<div id=\"gtx-trans\" style=\"position: absolute; left: -8px; top: 317px;\">\n<div class=\"gtx-trans-icon\"><\/div>\n<\/div>\n<p>[\/vc_column_text][vc_column_text]<strong>Lehdist\u00f6kuvat<\/strong><\/p>\n<p><a href=\"https:\/\/www.someronkivimeijeri.fi\/wp-content\/uploads\/2023\/05\/Pekka-Paikkari-Bottles.-Korkeus-2-m.-Kuvaaja-Jefunne-GimbelB-scaled.jpg\">Bottles<\/a>.-Korkeus 2 m. (Kuvaaja: Jefunne-Gimpel)<\/p>\n<p><a href=\"https:\/\/www.someronkivimeijeri.fi\/wp-content\/uploads\/2023\/05\/Curiosity-Bottles-2019.-Kuvaaja-Cikako-Harada-scaled.jpg\">Curiosity-Bottles <\/a>2019 (Kuvaaja: Cikako-Harada)[\/vc_column_text][\/vc_column][\/vc_row][vc_row][vc_column][vc_empty_space height=&#8221;72px&#8221;][\/vc_column][\/vc_row]<\/p>\n<\/div>","protected":false},"excerpt":{"rendered":"<p class=\"card-text\">[vc_row bg_type=&#8221;image&#8221; css=&#8221;.vc_custom_1655050501308{margin-top: 75px !important;margin-bottom: 50px !important;}&#8221;][vc_column][vc_custom_heading text=&#8221;Pekka Paikkari&#8221; font_container=&#8221;tag:h2|text_align:center&#8221; google_fonts=&#8221;font_family:Montserrat%3Aregular%2C700|font_style:400%20regular%3A400%3Anormal&#8221;][\/vc_column][\/vc_row][vc_row bg_type=&#8221;bg_color&#8221; css=&#8221;.vc_custom_1655050548499{margin-top: 25px !important;margin-right: 15px !important;}&#8221;][vc_column width=&#8221;1\/3&#8243;][vc_images_carousel images=&#8221;8750,8749&#8243;][vc_column_text]Klikkaa kuvaa [\/vc_column_text][\/vc_column][vc_column width=&#8221;2\/3&#8243; css=&#8221;.vc_custom_1524752235950{margin-right: 5px !important;margin-left: 5px !important;}&#8221;][vc_column_text css_animation=&#8221;fadeIn&#8221;]Artist Statement 2023 Kaikki ty\u00f6ni perustuvat siihen miten savi k\u00e4ytt\u00e4ytyy materiaalina. Se on ty\u00f6skentelyni alku- ja loppupiste. Savi on taiteen tekemisen alkuaine ja yksikk\u00f6, jota ei voi jakaa [&#8230;]<\/p>\n<p class=\"m-0\"><a class=\"btn btn-outline-secondary btn-read-more\" href=\"https:\/\/www.someronkivimeijeri.fi\/?page_id=8780\">Read More<\/a><\/p>\n","protected":false},"author":1,"featured_media":0,"parent":0,"menu_order":0,"comment_status":"closed","ping_status":"closed","template":"","meta":{"footnotes":""},"class_list":["post-8780","page","type-page","status-publish","hentry"],"_links":{"self":[{"href":"https:\/\/www.someronkivimeijeri.fi\/index.php?rest_route=\/wp\/v2\/pages\/8780","targetHints":{"allow":["GET"]}}],"collection":[{"href":"https:\/\/www.someronkivimeijeri.fi\/index.php?rest_route=\/wp\/v2\/pages"}],"about":[{"href":"https:\/\/www.someronkivimeijeri.fi\/index.php?rest_route=\/wp\/v2\/types\/page"}],"author":[{"embeddable":true,"href":"https:\/\/www.someronkivimeijeri.fi\/index.php?rest_route=\/wp\/v2\/users\/1"}],"replies":[{"embeddable":true,"href":"https:\/\/www.someronkivimeijeri.fi\/index.php?rest_route=%2Fwp%2Fv2%2Fcomments&post=8780"}],"version-history":[{"count":8,"href":"https:\/\/www.someronkivimeijeri.fi\/index.php?rest_route=\/wp\/v2\/pages\/8780\/revisions"}],"predecessor-version":[{"id":8791,"href":"https:\/\/www.someronkivimeijeri.fi\/index.php?rest_route=\/wp\/v2\/pages\/8780\/revisions\/8791"}],"wp:attachment":[{"href":"https:\/\/www.someronkivimeijeri.fi\/index.php?rest_route=%2Fwp%2Fv2%2Fmedia&parent=8780"}],"curies":[{"name":"wp","href":"https:\/\/api.w.org\/{rel}","templated":true}]}}