{"id":8705,"date":"2023-05-06T22:36:01","date_gmt":"2023-05-06T19:36:01","guid":{"rendered":"https:\/\/www.someronkivimeijeri.fi\/?page_id=8705"},"modified":"2025-04-16T11:42:09","modified_gmt":"2025-04-16T08:42:09","slug":"avoin-maalauspaiva","status":"publish","type":"page","link":"https:\/\/www.someronkivimeijeri.fi\/?page_id=8705","title":{"rendered":"avoin maalauspaiva"},"content":{"rendered":"<div class=\"wpb-content-wrapper\"><p>[vc_row css=&#8221;.vc_custom_1524741896917{margin-top: 75px !important;margin-bottom: 50px !important;}&#8221;][vc_column][vc_custom_heading text=&#8221;Avoin maalausp\u00e4iv\u00e4&#8221; font_container=&#8221;tag:h2|font_size:3em|text_align:center&#8221; google_fonts=&#8221;font_family:Montserrat%3Aregular%2C700|font_style:400%20regular%3A400%3Anormal&#8221; css=&#8221;.vc_custom_1683401850634{margin-bottom: 25px !important;}&#8221;][\/vc_column][\/vc_row][vc_row css=&#8221;.vc_custom_1524734810203{margin-top: 35px !important;}&#8221;][vc_column width=&#8221;1\/2&#8243;][vc_single_image image=&#8221;8719&#8243; img_size=&#8221;400&#215;350&#8243; alignment=&#8221;center&#8221; style=&#8221;vc_box_shadow&#8221; css=&#8221;.vc_custom_1683634020299{margin-top: 35px !important;}&#8221;][\/vc_column][vc_column width=&#8221;1\/2&#8243; css=&#8221;.vc_custom_1524734330993{margin-top: 35px !important;}&#8221;][vc_column_text css=&#8221;&#8221;]<strong>AVOIN MAALAUSP\u00c4IV\u00c4 SOMERON KIVIMEIJERILL\u00c4<\/strong><\/p>\n<p>&nbsp;<\/p>\n<p>Sunnuntai 10.8.2025<\/p>\n<p>Paikka: Someron Kivimeijeri<\/p>\n<p>Turuntie 1034, 31530 Py\u00f6li<\/p>\n<p>10.00-18.00<\/p>\n<p>Ei osallistumismaksuja<\/p>\n<p>Tule maalaamaan omaan tahtiin omia ajatuksia ja tuntoja. Omat tarvikkeet.<\/p>\n<p>Tapaat muita maalareita ja saat hyvi\u00e4 niksej\u00e4 omaan tekemiseesi.<\/p>\n<p>Omat ev\u00e4\u00e4t; mikro, j\u00e4\u00e4kaappi ja keittolevy talosta.[\/vc_column_text][\/vc_column][\/vc_row]<\/p>\n<\/div>","protected":false},"excerpt":{"rendered":"<p class=\"card-text\">[vc_row css=&#8221;.vc_custom_1524741896917{margin-top: 75px !important;margin-bottom: 50px !important;}&#8221;][vc_column][vc_custom_heading text=&#8221;Avoin maalausp\u00e4iv\u00e4&#8221; font_container=&#8221;tag:h2|font_size:3em|text_align:center&#8221; google_fonts=&#8221;font_family:Montserrat%3Aregular%2C700|font_style:400%20regular%3A400%3Anormal&#8221; css=&#8221;.vc_custom_1683401850634{margin-bottom: 25px !important;}&#8221;][\/vc_column][\/vc_row][vc_row css=&#8221;.vc_custom_1524734810203{margin-top: 35px !important;}&#8221;][vc_column width=&#8221;1\/2&#8243;][vc_single_image image=&#8221;8719&#8243; img_size=&#8221;400&#215;350&#8243; alignment=&#8221;center&#8221; style=&#8221;vc_box_shadow&#8221; css=&#8221;.vc_custom_1683634020299{margin-top: 35px !important;}&#8221;][\/vc_column][vc_column width=&#8221;1\/2&#8243; css=&#8221;.vc_custom_1524734330993{margin-top: 35px !important;}&#8221;][vc_column_text css=&#8221;&#8221;]AVOIN MAALAUSP\u00c4IV\u00c4 SOMERON KIVIMEIJERILL\u00c4 &nbsp; Sunnuntai 10.8.2025 Paikka: Someron Kivimeijeri Turuntie 1034, 31530 Py\u00f6li 10.00-18.00 Ei osallistumismaksuja Tule maalaamaan omaan tahtiin omia ajatuksia ja tuntoja. Omat tarvikkeet. [&#8230;]<\/p>\n<p class=\"m-0\"><a class=\"btn btn-outline-secondary btn-read-more\" href=\"https:\/\/www.someronkivimeijeri.fi\/?page_id=8705\">Read More<\/a><\/p>\n","protected":false},"author":1,"featured_media":0,"parent":0,"menu_order":0,"comment_status":"closed","ping_status":"closed","template":"","meta":{"footnotes":""},"class_list":["post-8705","page","type-page","status-publish","hentry"],"_links":{"self":[{"href":"https:\/\/www.someronkivimeijeri.fi\/index.php?rest_route=\/wp\/v2\/pages\/8705","targetHints":{"allow":["GET"]}}],"collection":[{"href":"https:\/\/www.someronkivimeijeri.fi\/index.php?rest_route=\/wp\/v2\/pages"}],"about":[{"href":"https:\/\/www.someronkivimeijeri.fi\/index.php?rest_route=\/wp\/v2\/types\/page"}],"author":[{"embeddable":true,"href":"https:\/\/www.someronkivimeijeri.fi\/index.php?rest_route=\/wp\/v2\/users\/1"}],"replies":[{"embeddable":true,"href":"https:\/\/www.someronkivimeijeri.fi\/index.php?rest_route=%2Fwp%2Fv2%2Fcomments&post=8705"}],"version-history":[{"count":10,"href":"https:\/\/www.someronkivimeijeri.fi\/index.php?rest_route=\/wp\/v2\/pages\/8705\/revisions"}],"predecessor-version":[{"id":9638,"href":"https:\/\/www.someronkivimeijeri.fi\/index.php?rest_route=\/wp\/v2\/pages\/8705\/revisions\/9638"}],"wp:attachment":[{"href":"https:\/\/www.someronkivimeijeri.fi\/index.php?rest_route=%2Fwp%2Fv2%2Fmedia&parent=8705"}],"curies":[{"name":"wp","href":"https:\/\/api.w.org\/{rel}","templated":true}]}}