{"id":8675,"date":"2023-05-04T16:49:11","date_gmt":"2023-05-04T13:49:11","guid":{"rendered":"https:\/\/www.someronkivimeijeri.fi\/?page_id=8675"},"modified":"2025-04-14T10:44:45","modified_gmt":"2025-04-14T07:44:45","slug":"tyosymposium","status":"publish","type":"page","link":"https:\/\/www.someronkivimeijeri.fi\/?page_id=8675","title":{"rendered":"tyosymposium"},"content":{"rendered":"<div class=\"wpb-content-wrapper\"><p>[vc_row css=&#8221;.vc_custom_1524741896917{margin-top: 75px !important;margin-bottom: 50px !important;}&#8221;][vc_column][vc_custom_heading text=&#8221;Keramiikan omatoimity\u00f6skentely&#8221; font_container=&#8221;tag:h2|font_size:3em|text_align:center|color:%23111111&#8243; google_fonts=&#8221;font_family:Montserrat%3Aregular%2C700|font_style:400%20regular%3A400%3Anormal&#8221; css=&#8221;.vc_custom_1744616617931{margin-bottom: 25px !important;}&#8221;][\/vc_column][\/vc_row][vc_row css=&#8221;.vc_custom_1524734810203{margin-top: 35px !important;}&#8221;][vc_column width=&#8221;1\/2&#8243;][vc_single_image image=&#8221;8672&#8243; img_size=&#8221;400&#215;350&#8243; alignment=&#8221;center&#8221; style=&#8221;vc_box_shadow&#8221; css=&#8221;.vc_custom_1744616537388{margin-top: 35px !important;}&#8221;][\/vc_column][vc_column width=&#8221;1\/2&#8243; css=&#8221;.vc_custom_1524734330993{margin-top: 35px !important;}&#8221;][vc_column_text css=&#8221;&#8221;]Tee keramiikkaa omaan tahtiin kes\u00e4ll\u00e4 2.6.-31.8.2025<\/p>\n<p>Muotoile ruukku, vati, reliefi, veistos, puutarhaan toteemi, patsas, lyhty, tuulikannel tai oma unelmasi. Lasita ty\u00f6si s\u00e4hk\u00f6-, puu- tai raku -uuniin ja polta se.<\/p>\n<p>Ty\u00f6skentele p\u00e4iv\u00e4 tai viisi tai viisitoista, miten itsellesi sopii. P\u00e4ivitt\u00e4inen ty\u00f6aika 10.00-18.00. Ilmoittaudu pari p\u00e4iv\u00e4\u00e4 aikaisemmin <a href=\"mailto:kivimeijeri@gmail.com\">kivimeijeri@gmail.com<\/a> ja maksa osallistumismaksu yhdistyksen tilille Nordea FI7917453000138604.<\/p>\n<p>K\u00e4yt\u00f6ss\u00e4 ty\u00f6huone, uunipihalla ulkoty\u00f6mahdollisuus, kahvi- ja ruokal\u00e4mmitys huoltokopissa, ymp\u00e4rill\u00e4 somerolainen jokimaisema ja upea n\u00e4yttely. Tarvittaessa l\u00e4hist\u00f6ll\u00e4 bed&amp;breakfast majoitusta: Marika Jensen 0407597457, Majatalo My\u00f6t\u00e4tuuli, K\u00f6kk\u00f6n lomakyl\u00e4, majoitusliikkeet keskustassa\u2026<\/p>\n<p>Hinta 50 \u20ac p\u00e4iv\u00e4 + materiaalit ja poltot, polttojen hinta = koko uuni. S\u00e4hk\u00f6uunipoltto: matala poltto 45 \u20ac, korkea poltto 75 \u20ac. Kaasu\/puu poltto 40 \u20ac. Savia ja lasitteita myynniss\u00e4 jonkin verran.[\/vc_column_text][\/vc_column][\/vc_row]<\/p>\n<\/div>","protected":false},"excerpt":{"rendered":"<p class=\"card-text\">[vc_row css=&#8221;.vc_custom_1524741896917{margin-top: 75px !important;margin-bottom: 50px !important;}&#8221;][vc_column][vc_custom_heading text=&#8221;Keramiikan omatoimity\u00f6skentely&#8221; font_container=&#8221;tag:h2|font_size:3em|text_align:center|color:%23111111&#8243; google_fonts=&#8221;font_family:Montserrat%3Aregular%2C700|font_style:400%20regular%3A400%3Anormal&#8221; css=&#8221;.vc_custom_1744616617931{margin-bottom: 25px !important;}&#8221;][\/vc_column][\/vc_row][vc_row css=&#8221;.vc_custom_1524734810203{margin-top: 35px !important;}&#8221;][vc_column width=&#8221;1\/2&#8243;][vc_single_image image=&#8221;8672&#8243; img_size=&#8221;400&#215;350&#8243; alignment=&#8221;center&#8221; style=&#8221;vc_box_shadow&#8221; css=&#8221;.vc_custom_1744616537388{margin-top: 35px !important;}&#8221;][\/vc_column][vc_column width=&#8221;1\/2&#8243; css=&#8221;.vc_custom_1524734330993{margin-top: 35px !important;}&#8221;][vc_column_text css=&#8221;&#8221;]Tee keramiikkaa omaan tahtiin kes\u00e4ll\u00e4 2.6.-31.8.2025 Muotoile ruukku, vati, reliefi, veistos, puutarhaan toteemi, patsas, lyhty, tuulikannel tai oma unelmasi. Lasita ty\u00f6si s\u00e4hk\u00f6-, puu- tai raku -uuniin ja [&#8230;]<\/p>\n<p class=\"m-0\"><a class=\"btn btn-outline-secondary btn-read-more\" href=\"https:\/\/www.someronkivimeijeri.fi\/?page_id=8675\">Read More<\/a><\/p>\n","protected":false},"author":1,"featured_media":0,"parent":0,"menu_order":0,"comment_status":"closed","ping_status":"closed","template":"","meta":{"footnotes":""},"class_list":["post-8675","page","type-page","status-publish","hentry"],"_links":{"self":[{"href":"https:\/\/www.someronkivimeijeri.fi\/index.php?rest_route=\/wp\/v2\/pages\/8675","targetHints":{"allow":["GET"]}}],"collection":[{"href":"https:\/\/www.someronkivimeijeri.fi\/index.php?rest_route=\/wp\/v2\/pages"}],"about":[{"href":"https:\/\/www.someronkivimeijeri.fi\/index.php?rest_route=\/wp\/v2\/types\/page"}],"author":[{"embeddable":true,"href":"https:\/\/www.someronkivimeijeri.fi\/index.php?rest_route=\/wp\/v2\/users\/1"}],"replies":[{"embeddable":true,"href":"https:\/\/www.someronkivimeijeri.fi\/index.php?rest_route=%2Fwp%2Fv2%2Fcomments&post=8675"}],"version-history":[{"count":8,"href":"https:\/\/www.someronkivimeijeri.fi\/index.php?rest_route=\/wp\/v2\/pages\/8675\/revisions"}],"predecessor-version":[{"id":9612,"href":"https:\/\/www.someronkivimeijeri.fi\/index.php?rest_route=\/wp\/v2\/pages\/8675\/revisions\/9612"}],"wp:attachment":[{"href":"https:\/\/www.someronkivimeijeri.fi\/index.php?rest_route=%2Fwp%2Fv2%2Fmedia&parent=8675"}],"curies":[{"name":"wp","href":"https:\/\/api.w.org\/{rel}","templated":true}]}}