{"id":8447,"date":"2022-05-08T16:25:42","date_gmt":"2022-05-08T13:25:42","guid":{"rendered":"https:\/\/www.someronkivimeijeri.fi\/?page_id=8447"},"modified":"2022-05-08T16:29:37","modified_gmt":"2022-05-08T13:29:37","slug":"keanne-van-den-kreeke","status":"publish","type":"page","link":"https:\/\/www.someronkivimeijeri.fi\/?page_id=8447","title":{"rendered":"Keanne van den Kreeke"},"content":{"rendered":"<div class=\"wpb-content-wrapper\"><p>[vc_row css=&#8221;.vc_custom_1524745502611{margin-top: 75px !important;margin-bottom: 50px !important;}&#8221;][vc_column][vc_custom_heading text=&#8221;Keanne van den Kreeke&#8221; font_container=&#8221;tag:h2|text_align:center&#8221; google_fonts=&#8221;font_family:Montserrat%3Aregular%2C700|font_style:400%20regular%3A400%3Anormal&#8221;][\/vc_column][\/vc_row][vc_row css=&#8221;.vc_custom_1524752283072{margin-top: 25px !important;margin-right: 15px !important;}&#8221;][vc_column width=&#8221;1\/3&#8243;][vc_single_image image=&#8221;8445&#8243; img_size=&#8221;350&#215;600&#8243;][vc_single_image image=&#8221;8446&#8243; img_size=&#8221;350&#215;600&#8243;][\/vc_column][vc_column width=&#8221;2\/3&#8243; css=&#8221;.vc_custom_1524752235950{margin-right: 5px !important;margin-left: 5px !important;}&#8221;][vc_column_text css_animation=&#8221;fadeIn&#8221;]Keanne van de Kreeke<\/p>\n<p>&nbsp;<\/p>\n<p>Hollannissa syntynyt, 1999 Suomeen muuttanut Keanne van de Kreeke on herkk\u00e4syinen taiteilija, jonka t\u00f6iss\u00e4 mielikuvitus antaa arjelle siivet. Van de Kreeke toimii kuvittajana, kuvataiteilijana sek\u00e4 erilaisissa yhteis\u00f6taideprojekteissa. H\u00e4nen t\u00f6it\u00e4\u00e4n voi n\u00e4hd\u00e4 niin satukirjoissa, oppimateriaaleissa kuin julkisessa paikoissa niin kuin teatterissa.<\/p>\n<p>Van de Kreeken taide syntyy arjesta, unelmista, naiseudesta, luonnosta ja mielikuvituksesta, ja siin\u00e4 on aina jotain melkein maagista. Teosten maailmassa on rauha, l\u00e4sn\u00e4olo ja luonnosta kumpuava el\u00e4m\u00e4nvoima. H\u00e4n tavoittaa ihmisen yhteyden johonkin suurempaan: luontoon, sisimp\u00e4\u00e4n, el\u00e4m\u00e4n kulkuun, aikaan. Mukana on kuitenkin my\u00f6s h\u00e4iv\u00e4hdys varjoa: ulkopuolisuus.<\/p>\n<p>&nbsp;<\/p>\n<p><strong>\u201dHerkk\u00e4, el\u00e4v\u00e4, kerroksellinen\u201d<\/strong><\/p>\n<p>Keanne k\u00e4ytt\u00e4\u00e4 akvarelleja, akryyliv\u00e4rej\u00e4, kyni\u00e4, ecoline, tusseja ja pastelliv\u00e4rej\u00e4 uudella tavalla.<\/p>\n<p>H\u00e4nen t\u00f6iss\u00e4\u00e4n avautuu l\u00e4mmin ja suvaitsevainen mielikuvituksen maailma. Sellainen, jossa asioita voi katsoa uudella tavalla. Usein teokset l\u00e4htev\u00e4t arjen pienist\u00e4 yksityiskohdista, jotka mielikuvitus nostaa toiselle tasolle.<\/p>\n<p>Mets\u00e4n k\u00e4tk\u00f6iss\u00e4, vihreyden keskell\u00e4 syntyy yh\u00e4 persoonallista, helposti l\u00e4hestytt\u00e4v\u00e4\u00e4 taidetta.<\/p>\n<p>&nbsp;<\/p>\n<p><em>\u201cToivon, ett\u00e4 taide tuo rohkeutta katsoa asioita eri perspektiivist\u00e4 ja hyv\u00e4ksy\u00e4 eri tapoja n\u00e4hd\u00e4 ja tehd\u00e4 asioita. Aina tarvitaan uusia n\u00e4k\u00f6kulmia, vaikka usein haluaisimme, ett\u00e4 asiat pysyisiv\u00e4t samanlaisina.\u201d<\/em><\/p>\n<p>http:\/\/www.keanneillustrations.com\/<\/p>\n<p><a href=\"https:\/\/www.someronkivimeijeri.fi\/wp-content\/uploads\/2022\/05\/Keanne-van-de-Kreeke-cv_.pdf\" target=\"_blank\" rel=\"noopener\">Lataa CV<\/a>[\/vc_column_text][vc_column_text]<strong>Lehdist\u00f6kuvat<\/strong><\/p>\n<p><a href=\"https:\/\/www.someronkivimeijeri.fi\/wp-content\/uploads\/2022\/05\/Keanne-van-de-Kreeke-teos-Opening_Eyes.jpg\">Opening Eyes<\/a>[\/vc_column_text][\/vc_column][\/vc_row][vc_row][vc_column][vc_empty_space height=&#8221;72px&#8221;][\/vc_column][\/vc_row]<\/p>\n<\/div>","protected":false},"excerpt":{"rendered":"<p class=\"card-text\">[vc_row css=&#8221;.vc_custom_1524745502611{margin-top: 75px !important;margin-bottom: 50px !important;}&#8221;][vc_column][vc_custom_heading text=&#8221;Keanne van den Kreeke&#8221; font_container=&#8221;tag:h2|text_align:center&#8221; google_fonts=&#8221;font_family:Montserrat%3Aregular%2C700|font_style:400%20regular%3A400%3Anormal&#8221;][\/vc_column][\/vc_row][vc_row css=&#8221;.vc_custom_1524752283072{margin-top: 25px !important;margin-right: 15px !important;}&#8221;][vc_column width=&#8221;1\/3&#8243;][vc_single_image image=&#8221;8445&#8243; img_size=&#8221;350&#215;600&#8243;][vc_single_image image=&#8221;8446&#8243; img_size=&#8221;350&#215;600&#8243;][\/vc_column][vc_column width=&#8221;2\/3&#8243; css=&#8221;.vc_custom_1524752235950{margin-right: 5px !important;margin-left: 5px !important;}&#8221;][vc_column_text css_animation=&#8221;fadeIn&#8221;]Keanne van de Kreeke &nbsp; Hollannissa syntynyt, 1999 Suomeen muuttanut Keanne van de Kreeke on herkk\u00e4syinen taiteilija, jonka t\u00f6iss\u00e4 mielikuvitus antaa arjelle siivet. Van de Kreeke toimii [&#8230;]<\/p>\n<p class=\"m-0\"><a class=\"btn btn-outline-secondary btn-read-more\" href=\"https:\/\/www.someronkivimeijeri.fi\/?page_id=8447\">Read More<\/a><\/p>\n","protected":false},"author":1,"featured_media":0,"parent":0,"menu_order":0,"comment_status":"closed","ping_status":"closed","template":"","meta":{"footnotes":""},"class_list":["post-8447","page","type-page","status-publish","hentry"],"_links":{"self":[{"href":"https:\/\/www.someronkivimeijeri.fi\/index.php?rest_route=\/wp\/v2\/pages\/8447","targetHints":{"allow":["GET"]}}],"collection":[{"href":"https:\/\/www.someronkivimeijeri.fi\/index.php?rest_route=\/wp\/v2\/pages"}],"about":[{"href":"https:\/\/www.someronkivimeijeri.fi\/index.php?rest_route=\/wp\/v2\/types\/page"}],"author":[{"embeddable":true,"href":"https:\/\/www.someronkivimeijeri.fi\/index.php?rest_route=\/wp\/v2\/users\/1"}],"replies":[{"embeddable":true,"href":"https:\/\/www.someronkivimeijeri.fi\/index.php?rest_route=%2Fwp%2Fv2%2Fcomments&post=8447"}],"version-history":[{"count":6,"href":"https:\/\/www.someronkivimeijeri.fi\/index.php?rest_route=\/wp\/v2\/pages\/8447\/revisions"}],"predecessor-version":[{"id":8455,"href":"https:\/\/www.someronkivimeijeri.fi\/index.php?rest_route=\/wp\/v2\/pages\/8447\/revisions\/8455"}],"wp:attachment":[{"href":"https:\/\/www.someronkivimeijeri.fi\/index.php?rest_route=%2Fwp%2Fv2%2Fmedia&parent=8447"}],"curies":[{"name":"wp","href":"https:\/\/api.w.org\/{rel}","templated":true}]}}