{"id":8376,"date":"2022-05-08T15:21:14","date_gmt":"2022-05-08T12:21:14","guid":{"rendered":"https:\/\/www.someronkivimeijeri.fi\/?page_id=8376"},"modified":"2022-07-20T13:51:41","modified_gmt":"2022-07-20T10:51:41","slug":"nora-paakkanen","status":"publish","type":"page","link":"https:\/\/www.someronkivimeijeri.fi\/?page_id=8376","title":{"rendered":"Nora Paakkanen"},"content":{"rendered":"<div class=\"wpb-content-wrapper\"><p>[vc_row css=&#8221;.vc_custom_1524745502611{margin-top: 75px !important;margin-bottom: 50px !important;}&#8221;][vc_column][vc_custom_heading text=&#8221;Nora Paakkanen&#8221; font_container=&#8221;tag:h2|text_align:center&#8221; google_fonts=&#8221;font_family:Montserrat%3Aregular%2C700|font_style:400%20regular%3A400%3Anormal&#8221;][\/vc_column][\/vc_row][vc_row css=&#8221;.vc_custom_1524752283072{margin-top: 25px !important;margin-right: 15px !important;}&#8221;][vc_column width=&#8221;1\/3&#8243;][vc_single_image image=&#8221;8379&#8243; img_size=&#8221;350&#215;600&#8243;][\/vc_column][vc_column width=&#8221;2\/3&#8243; css=&#8221;.vc_custom_1524752235950{margin-right: 5px !important;margin-left: 5px !important;}&#8221;][vc_column_text css_animation=&#8221;fadeIn&#8221;]Innostukseni RAKU tekniikkaan on s\u00e4ilynyt ja syventynyt vuosien my\u00f6t\u00e4; ty\u00f6skentelyprosessi on kokonaisuudessaan hallittua sattumaa. Lopputulos on kuitenkin aina <em>t\u00e4ydellinen<\/em>. Sen saa hyv\u00e4ksy\u00e4 juuri sellaisena kuin se on.<\/p>\n<p><a href=\"https:\/\/www.someronkivimeijeri.fi\/wp-content\/uploads\/2022\/05\/Nora-Paakkanen-CV.rtf\" target=\"_blank\" rel=\"noopener\">Lataa CV<\/a>[\/vc_column_text][vc_column_text]<strong>Lehdist\u00f6kuvat<\/strong><\/p>\n<p><a href=\"https:\/\/www.someronkivimeijeri.fi\/wp-content\/uploads\/2022\/05\/Nora-Paakkanen-Pallo.jpg\">Pallo<\/a><br \/>\n<a href=\"https:\/\/www.someronkivimeijeri.fi\/wp-content\/uploads\/2022\/05\/Nora-Paakkanenviela-vahan-lisaa-scaled.jpg\">V\u00e4h\u00e4n lis\u00e4\u00e4 viel\u00e4<\/a>[\/vc_column_text][\/vc_column][\/vc_row][vc_row][vc_column][vc_empty_space height=&#8221;72px&#8221;][\/vc_column][\/vc_row]<\/p>\n<\/div>","protected":false},"excerpt":{"rendered":"<p class=\"card-text\">[vc_row css=&#8221;.vc_custom_1524745502611{margin-top: 75px !important;margin-bottom: 50px !important;}&#8221;][vc_column][vc_custom_heading text=&#8221;Nora Paakkanen&#8221; font_container=&#8221;tag:h2|text_align:center&#8221; google_fonts=&#8221;font_family:Montserrat%3Aregular%2C700|font_style:400%20regular%3A400%3Anormal&#8221;][\/vc_column][\/vc_row][vc_row css=&#8221;.vc_custom_1524752283072{margin-top: 25px !important;margin-right: 15px !important;}&#8221;][vc_column width=&#8221;1\/3&#8243;][vc_single_image image=&#8221;8379&#8243; img_size=&#8221;350&#215;600&#8243;][\/vc_column][vc_column width=&#8221;2\/3&#8243; css=&#8221;.vc_custom_1524752235950{margin-right: 5px !important;margin-left: 5px !important;}&#8221;][vc_column_text css_animation=&#8221;fadeIn&#8221;]Innostukseni RAKU tekniikkaan on s\u00e4ilynyt ja syventynyt vuosien my\u00f6t\u00e4; ty\u00f6skentelyprosessi on kokonaisuudessaan hallittua sattumaa. Lopputulos on kuitenkin aina t\u00e4ydellinen. Sen saa hyv\u00e4ksy\u00e4 juuri sellaisena kuin se on. Lataa CV[\/vc_column_text][vc_column_text]Lehdist\u00f6kuvat Pallo V\u00e4h\u00e4n [&#8230;]<\/p>\n<p class=\"m-0\"><a class=\"btn btn-outline-secondary btn-read-more\" href=\"https:\/\/www.someronkivimeijeri.fi\/?page_id=8376\">Read More<\/a><\/p>\n","protected":false},"author":1,"featured_media":0,"parent":0,"menu_order":0,"comment_status":"closed","ping_status":"closed","template":"","meta":{"footnotes":""},"class_list":["post-8376","page","type-page","status-publish","hentry"],"_links":{"self":[{"href":"https:\/\/www.someronkivimeijeri.fi\/index.php?rest_route=\/wp\/v2\/pages\/8376","targetHints":{"allow":["GET"]}}],"collection":[{"href":"https:\/\/www.someronkivimeijeri.fi\/index.php?rest_route=\/wp\/v2\/pages"}],"about":[{"href":"https:\/\/www.someronkivimeijeri.fi\/index.php?rest_route=\/wp\/v2\/types\/page"}],"author":[{"embeddable":true,"href":"https:\/\/www.someronkivimeijeri.fi\/index.php?rest_route=\/wp\/v2\/users\/1"}],"replies":[{"embeddable":true,"href":"https:\/\/www.someronkivimeijeri.fi\/index.php?rest_route=%2Fwp%2Fv2%2Fcomments&post=8376"}],"version-history":[{"count":12,"href":"https:\/\/www.someronkivimeijeri.fi\/index.php?rest_route=\/wp\/v2\/pages\/8376\/revisions"}],"predecessor-version":[{"id":8571,"href":"https:\/\/www.someronkivimeijeri.fi\/index.php?rest_route=\/wp\/v2\/pages\/8376\/revisions\/8571"}],"wp:attachment":[{"href":"https:\/\/www.someronkivimeijeri.fi\/index.php?rest_route=%2Fwp%2Fv2%2Fmedia&parent=8376"}],"curies":[{"name":"wp","href":"https:\/\/api.w.org\/{rel}","templated":true}]}}