{"id":8136,"date":"2021-05-12T00:02:43","date_gmt":"2021-05-11T21:02:43","guid":{"rendered":"https:\/\/www.someronkivimeijeri.fi\/?page_id=8136"},"modified":"2022-05-10T14:44:08","modified_gmt":"2022-05-10T11:44:08","slug":"reijo-viljanen","status":"publish","type":"page","link":"https:\/\/www.someronkivimeijeri.fi\/?page_id=8136","title":{"rendered":"Pekka Ervamaa"},"content":{"rendered":"<div class=\"wpb-content-wrapper\"><p>[vc_row css=&#8221;.vc_custom_1524745502611{margin-top: 75px !important;margin-bottom: 50px !important;}&#8221;][vc_column][vc_custom_heading text=&#8221;Pekka Ervamaa&#8221; font_container=&#8221;tag:h2|text_align:center&#8221; google_fonts=&#8221;font_family:Montserrat%3Aregular%2C700|font_style:400%20regular%3A400%3Anormal&#8221;][\/vc_column][\/vc_row][vc_row css=&#8221;.vc_custom_1524752283072{margin-top: 25px !important;margin-right: 15px !important;}&#8221;][vc_column width=&#8221;1\/3&#8243;][vc_single_image image=&#8221;8488&#8243; img_size=&#8221;350&#215;600&#8243;][\/vc_column][vc_column width=&#8221;2\/3&#8243; css=&#8221;.vc_custom_1524752235950{margin-right: 5px !important;margin-left: 5px !important;}&#8221;][vc_column_text css_animation=&#8221;fadeIn&#8221;]En k\u00e4vele etsim\u00e4ss\u00e4 kuvattavaa, vaan kuvaan, mit\u00e4 olen mieless\u00e4ni n\u00e4hnyt.<\/p>\n<p>Suunnitellessani olen ajatellut, milt\u00e4 kuvat tulevat n\u00e4ytt\u00e4m\u00e4\u00e4n ja tuntumaan. \u00a0Valmiita kuvia miettiess\u00e4 huomaan, ett\u00e4 pyrin saamaan aikaan suoraan selk\u00e4ytimeen menev\u00e4n vaikutelman.<\/p>\n<p>Kukat ovat ihmeellisi\u00e4 ja monimerkityksellisi\u00e4.<\/p>\n<p>Mielikuvitukselliset tulen muodot ja hehkut her\u00e4tt\u00e4v\u00e4t ajatuksia ja mielleyhtymi\u00e4, jokaiselle omia.<\/p>\n<p><a href=\"https:\/\/www.someronkivimeijeri.fi\/wp-content\/uploads\/2022\/05\/Pekka-Ervamaa-cv.rtf\" target=\"_blank\" rel=\"noopener\">Lataa CV<\/a>[\/vc_column_text][vc_column_text]<strong>Lehdist\u00f6kuvat<\/strong><\/p>\n<p><a href=\"https:\/\/www.someronkivimeijeri.fi\/wp-content\/uploads\/2022\/05\/Pekka-Ervamaa-kuva-1-Unikon-henki.jpg\">Unikon henki<\/a><\/p>\n<p><a href=\"https:\/\/www.someronkivimeijeri.fi\/wp-content\/uploads\/2022\/05\/Pekka-Ervamaa-kuva-2-Pyorre.jpg\">Py\u00f6rre<\/a>[\/vc_column_text][\/vc_column][\/vc_row][vc_row][vc_column][vc_empty_space height=&#8221;72px&#8221;][\/vc_column][\/vc_row]<\/p>\n<\/div>","protected":false},"excerpt":{"rendered":"<p class=\"card-text\">[vc_row css=&#8221;.vc_custom_1524745502611{margin-top: 75px !important;margin-bottom: 50px !important;}&#8221;][vc_column][vc_custom_heading text=&#8221;Pekka Ervamaa&#8221; font_container=&#8221;tag:h2|text_align:center&#8221; google_fonts=&#8221;font_family:Montserrat%3Aregular%2C700|font_style:400%20regular%3A400%3Anormal&#8221;][\/vc_column][\/vc_row][vc_row css=&#8221;.vc_custom_1524752283072{margin-top: 25px !important;margin-right: 15px !important;}&#8221;][vc_column width=&#8221;1\/3&#8243;][vc_single_image image=&#8221;8488&#8243; img_size=&#8221;350&#215;600&#8243;][\/vc_column][vc_column width=&#8221;2\/3&#8243; css=&#8221;.vc_custom_1524752235950{margin-right: 5px !important;margin-left: 5px !important;}&#8221;][vc_column_text css_animation=&#8221;fadeIn&#8221;]En k\u00e4vele etsim\u00e4ss\u00e4 kuvattavaa, vaan kuvaan, mit\u00e4 olen mieless\u00e4ni n\u00e4hnyt. Suunnitellessani olen ajatellut, milt\u00e4 kuvat tulevat n\u00e4ytt\u00e4m\u00e4\u00e4n ja tuntumaan. \u00a0Valmiita kuvia miettiess\u00e4 huomaan, ett\u00e4 pyrin saamaan aikaan suoraan selk\u00e4ytimeen menev\u00e4n vaikutelman. [&#8230;]<\/p>\n<p class=\"m-0\"><a class=\"btn btn-outline-secondary btn-read-more\" href=\"https:\/\/www.someronkivimeijeri.fi\/?page_id=8136\">Read More<\/a><\/p>\n","protected":false},"author":1,"featured_media":0,"parent":0,"menu_order":0,"comment_status":"closed","ping_status":"closed","template":"","meta":{"footnotes":""},"class_list":["post-8136","page","type-page","status-publish","hentry"],"_links":{"self":[{"href":"https:\/\/www.someronkivimeijeri.fi\/index.php?rest_route=\/wp\/v2\/pages\/8136","targetHints":{"allow":["GET"]}}],"collection":[{"href":"https:\/\/www.someronkivimeijeri.fi\/index.php?rest_route=\/wp\/v2\/pages"}],"about":[{"href":"https:\/\/www.someronkivimeijeri.fi\/index.php?rest_route=\/wp\/v2\/types\/page"}],"author":[{"embeddable":true,"href":"https:\/\/www.someronkivimeijeri.fi\/index.php?rest_route=\/wp\/v2\/users\/1"}],"replies":[{"embeddable":true,"href":"https:\/\/www.someronkivimeijeri.fi\/index.php?rest_route=%2Fwp%2Fv2%2Fcomments&post=8136"}],"version-history":[{"count":5,"href":"https:\/\/www.someronkivimeijeri.fi\/index.php?rest_route=\/wp\/v2\/pages\/8136\/revisions"}],"predecessor-version":[{"id":8492,"href":"https:\/\/www.someronkivimeijeri.fi\/index.php?rest_route=\/wp\/v2\/pages\/8136\/revisions\/8492"}],"wp:attachment":[{"href":"https:\/\/www.someronkivimeijeri.fi\/index.php?rest_route=%2Fwp%2Fv2%2Fmedia&parent=8136"}],"curies":[{"name":"wp","href":"https:\/\/api.w.org\/{rel}","templated":true}]}}