{"id":7724,"date":"2020-04-09T21:47:30","date_gmt":"2020-04-09T18:47:30","guid":{"rendered":"http:\/\/www.someronkivimeijeri.fi\/?page_id=7724"},"modified":"2026-04-12T19:19:59","modified_gmt":"2026-04-12T16:19:59","slug":"koko-ohjelma-2020","status":"publish","type":"page","link":"https:\/\/www.someronkivimeijeri.fi\/?page_id=7724","title":{"rendered":"Koko ohjelma"},"content":{"rendered":"<div class=\"wpb-content-wrapper\"><p>[vc_row css=&#8221;.vc_custom_1524923510219{margin-top: 75px !important;margin-bottom: 50px !important;}&#8221;][vc_column][vc_custom_heading text=&#8221;Ohjelma 2026&#8243; font_container=&#8221;tag:h2|font_size:3em|text_align:center|color:%23111111&#8243; google_fonts=&#8221;font_family:Montserrat%3Aregular%2C700|font_style:400%20regular%3A400%3Anormal&#8221; css=&#8221;.vc_custom_1776010545635{margin-bottom: 65px !important;}&#8221;][\/vc_column][\/vc_row][vc_row][vc_column width=&#8221;1\/2&#8243;][vc_column_text css=&#8221;.vc_custom_1776010796457{margin-right: 5px !important;margin-left: 5px !important;}&#8221;]<small><strong>LUMMEKILPI -n\u00e4yttely 13.6.-16.8.2026<\/strong><\/small><\/p>\n<p><small>N\u00e4yttelyn sivulle <a href=\"https:\/\/www.someronkivimeijeri.fi\/?page_id=9644\">t\u00e4st\u00e4<\/a><\/small><\/p>\n<p><small>Avoinna joka p\u00e4iv\u00e4 12.-18.00<\/small><\/p>\n<p><small>Aikuiset 10 \u20ac, nuoret 5 \u20ac, lapset alle 7 v 0 \u20ac<\/small><\/p>\n<p><small>Rakufestivaali 10.-12.7.2026<\/small><\/p>\n<p><small>Yleis\u00f6luennot 24.6, 1.7., 8.7.2026<\/small><\/p>\n<p><small>Kurssit: julkaistaan pian.<\/small><\/p>\n<p>[\/vc_column_text][\/vc_column][vc_column width=&#8221;1\/2&#8243;][vc_single_image image=&#8221;9657&#8243; img_size=&#8221;medium&#8221; add_caption=&#8221;yes&#8221; css=&#8221;&#8221;][vc_row_inner][vc_column_inner][vc_column_text css=&#8221;&#8221;][\/vc_column_text][\/vc_column_inner][\/vc_row_inner][\/vc_column][\/vc_row]<\/p>\n<\/div>","protected":false},"excerpt":{"rendered":"<p class=\"card-text\">[vc_row css=&#8221;.vc_custom_1524923510219{margin-top: 75px !important;margin-bottom: 50px !important;}&#8221;][vc_column][vc_custom_heading text=&#8221;Ohjelma 2026&#8243; font_container=&#8221;tag:h2|font_size:3em|text_align:center|color:%23111111&#8243; google_fonts=&#8221;font_family:Montserrat%3Aregular%2C700|font_style:400%20regular%3A400%3Anormal&#8221; css=&#8221;.vc_custom_1776010545635{margin-bottom: 65px !important;}&#8221;][\/vc_column][\/vc_row][vc_row][vc_column width=&#8221;1\/2&#8243;][vc_column_text css=&#8221;.vc_custom_1776010796457{margin-right: 5px !important;margin-left: 5px !important;}&#8221;]LUMMEKILPI -n\u00e4yttely 13.6.-16.8.2026 N\u00e4yttelyn sivulle t\u00e4st\u00e4 Avoinna joka p\u00e4iv\u00e4 12.-18.00 Aikuiset 10 \u20ac, nuoret 5 \u20ac, lapset alle 7 v 0 \u20ac Rakufestivaali 10.-12.7.2026 Yleis\u00f6luennot 24.6, 1.7., 8.7.2026 Kurssit: julkaistaan pian. [\/vc_column_text][\/vc_column][vc_column width=&#8221;1\/2&#8243;][vc_single_image image=&#8221;9657&#8243; img_size=&#8221;medium&#8221; add_caption=&#8221;yes&#8221; css=&#8221;&#8221;][vc_row_inner][vc_column_inner][vc_column_text [&#8230;]<\/p>\n<p class=\"m-0\"><a class=\"btn btn-outline-secondary btn-read-more\" href=\"https:\/\/www.someronkivimeijeri.fi\/?page_id=7724\">Read More<\/a><\/p>\n","protected":false},"author":1,"featured_media":0,"parent":0,"menu_order":0,"comment_status":"closed","ping_status":"closed","template":"","meta":{"footnotes":""},"class_list":["post-7724","page","type-page","status-publish","hentry"],"_links":{"self":[{"href":"https:\/\/www.someronkivimeijeri.fi\/index.php?rest_route=\/wp\/v2\/pages\/7724","targetHints":{"allow":["GET"]}}],"collection":[{"href":"https:\/\/www.someronkivimeijeri.fi\/index.php?rest_route=\/wp\/v2\/pages"}],"about":[{"href":"https:\/\/www.someronkivimeijeri.fi\/index.php?rest_route=\/wp\/v2\/types\/page"}],"author":[{"embeddable":true,"href":"https:\/\/www.someronkivimeijeri.fi\/index.php?rest_route=\/wp\/v2\/users\/1"}],"replies":[{"embeddable":true,"href":"https:\/\/www.someronkivimeijeri.fi\/index.php?rest_route=%2Fwp%2Fv2%2Fcomments&post=7724"}],"version-history":[{"count":44,"href":"https:\/\/www.someronkivimeijeri.fi\/index.php?rest_route=\/wp\/v2\/pages\/7724\/revisions"}],"predecessor-version":[{"id":9669,"href":"https:\/\/www.someronkivimeijeri.fi\/index.php?rest_route=\/wp\/v2\/pages\/7724\/revisions\/9669"}],"wp:attachment":[{"href":"https:\/\/www.someronkivimeijeri.fi\/index.php?rest_route=%2Fwp%2Fv2%2Fmedia&parent=7724"}],"curies":[{"name":"wp","href":"https:\/\/api.w.org\/{rel}","templated":true}]}}