{"id":7144,"date":"2018-04-29T22:00:50","date_gmt":"2018-04-29T19:00:50","guid":{"rendered":"http:\/\/www.someronkivimeijeri.fi\/?page_id=7144"},"modified":"2023-05-04T23:31:40","modified_gmt":"2023-05-04T20:31:40","slug":"kivimeijerin-tarina","status":"publish","type":"page","link":"https:\/\/www.someronkivimeijeri.fi\/?page_id=7144","title":{"rendered":"Kivimeijerin tarina"},"content":{"rendered":"<div class=\"wpb-content-wrapper\"><p>[vc_row][vc_column][vc_column_text css=&#8221;.vc_custom_1683232293488{margin-top: 25px !important;margin-bottom: 25px !important;}&#8221;]<strong>Toiminta Kivimeijerill\u00e4<\/strong><\/p>\n<p>Pitk\u00e4j\u00e4rven taide ja kulttuuri ry:n toiminta Someron Kivimeijeriss\u00e4 alkoi 2010. Perustimme n\u00e4yttely-, ty\u00f6skentely-, kurssi- ja residenssikeskuksen. Kiinteist\u00f6ss\u00e4 on n\u00e4yttelytilaa melkein Helsingin taidehallin verran, 560 m2.<br \/>\nYhdistys on j\u00e4rjest\u00e4nyt valtakunnalliset kes\u00e4n\u00e4yttelyt:<br \/>\n\u201dLasiohdakejoki\u201d 2010<br \/>\n\u201dOtavan alla\u201d 2011<br \/>\n\u201dJ\u00e4\u00e4tulituoli\u201d 2012<br \/>\n\u201dTammisavitila\u201d ja \u201dNatural Signs\u201d 2013<br \/>\n\u201dLakeushirvi\u201d 2014<br \/>\n\u201dTer\u00e4sbiorakulintu\u201d 2015<br \/>\n\u201dM\u00e4rk\u00e4kiiltok\u00e4site\u201d 2016<br \/>\nVuonna 2017 saimme Suomen kulttuurirahaston Varsinais-Suomen rahaston maakunnallisen k\u00e4rkihanke avustuksen \u201dPaimionjoki\u201d \u2013n\u00e4yttelylle ja symposiumeille. N\u00e4yttelyt ovat keskittyneet kuvataiteeseen, muotoiluun ja valokuvaukseen.<br \/>\n&#8220;Valolasipes\u00e4&#8221; 2018<br \/>\n&#8220;Koivubarokki&#8221; 2019<br \/>\n&#8220;Hiivamerikatveessa&#8221; 2020<br \/>\n&#8220;Tavoitellaan kiilt\u00e4v\u00e4\u00e4 kohtaloa&#8221; 2021<br \/>\n&#8220;Go Somero Go Go&#8221; 2022<\/p>\n<p>Perinnekeruussa on videohaastateltu yli 50 entisess\u00e4 yli satavuotiaassa meijerikiinteist\u00f6ss\u00e4 toiminutta henkil\u00f6\u00e4, haastateltu paikallishistorian ja arkkitehtuurin tutkijoita, sek\u00e4 n\u00e4yttelyihin osallistuneita taiteilijoita.<br \/>\nKivimeijerille on valmistettu nettisivut. Kirjoja on julkaistu kaksi: 1. Pekka Ervamaa: Liekehtiv\u00e4t kasvit, valokuvia, 2. Hirvipeura \u2013 Moosedeer, Antero Kareen tuotantoa.<\/p>\n<p>Kursseja on j\u00e4rjestetty valokuvauksesta, maalauksesta, kirjallisuudesta ja keramiikasta.<\/p>\n<p>Valtionmeijeristi Alfred von Schraderin 1905 piirt\u00e4m\u00e4ss\u00e4 kiinteist\u00f6ss\u00e4 on raivattu tonttia, korjattu rakennuksia ja teetetty uudet arkkitehtisuunnitelmat tulevaa kulttuuritoimintaa varten. Someron kaupunki hyv\u00e4ksyi rakennusluvan syksyll\u00e4 2012.[\/vc_column_text][\/vc_column][\/vc_row][vc_row][vc_column css=&#8221;.vc_custom_1525088130366{margin-top: 15px !important;padding-right: 20px !important;padding-left: 20px !important;}&#8221;][vc_single_image image=&#8221;7266&#8243; img_size=&#8221;large&#8221; alignment=&#8221;center&#8221; css_animation=&#8221;fadeInUp&#8221;][\/vc_column][\/vc_row]<\/p>\n<\/div>","protected":false},"excerpt":{"rendered":"<p class=\"card-text\">[vc_row][vc_column][vc_column_text css=&#8221;.vc_custom_1683232293488{margin-top: 25px !important;margin-bottom: 25px !important;}&#8221;]Toiminta Kivimeijerill\u00e4 Pitk\u00e4j\u00e4rven taide ja kulttuuri ry:n toiminta Someron Kivimeijeriss\u00e4 alkoi 2010. Perustimme n\u00e4yttely-, ty\u00f6skentely-, kurssi- ja residenssikeskuksen. Kiinteist\u00f6ss\u00e4 on n\u00e4yttelytilaa melkein Helsingin taidehallin verran, 560 m2. Yhdistys on j\u00e4rjest\u00e4nyt valtakunnalliset kes\u00e4n\u00e4yttelyt: \u201dLasiohdakejoki\u201d 2010 \u201dOtavan alla\u201d 2011 \u201dJ\u00e4\u00e4tulituoli\u201d 2012 \u201dTammisavitila\u201d ja \u201dNatural Signs\u201d 2013 \u201dLakeushirvi\u201d 2014 \u201dTer\u00e4sbiorakulintu\u201d 2015 \u201dM\u00e4rk\u00e4kiiltok\u00e4site\u201d 2016 [&#8230;]<\/p>\n<p class=\"m-0\"><a class=\"btn btn-outline-secondary btn-read-more\" href=\"https:\/\/www.someronkivimeijeri.fi\/?page_id=7144\">Read More<\/a><\/p>\n","protected":false},"author":1,"featured_media":0,"parent":0,"menu_order":0,"comment_status":"closed","ping_status":"closed","template":"","meta":{"footnotes":""},"class_list":["post-7144","page","type-page","status-publish","hentry"],"_links":{"self":[{"href":"https:\/\/www.someronkivimeijeri.fi\/index.php?rest_route=\/wp\/v2\/pages\/7144","targetHints":{"allow":["GET"]}}],"collection":[{"href":"https:\/\/www.someronkivimeijeri.fi\/index.php?rest_route=\/wp\/v2\/pages"}],"about":[{"href":"https:\/\/www.someronkivimeijeri.fi\/index.php?rest_route=\/wp\/v2\/types\/page"}],"author":[{"embeddable":true,"href":"https:\/\/www.someronkivimeijeri.fi\/index.php?rest_route=\/wp\/v2\/users\/1"}],"replies":[{"embeddable":true,"href":"https:\/\/www.someronkivimeijeri.fi\/index.php?rest_route=%2Fwp%2Fv2%2Fcomments&post=7144"}],"version-history":[{"count":13,"href":"https:\/\/www.someronkivimeijeri.fi\/index.php?rest_route=\/wp\/v2\/pages\/7144\/revisions"}],"predecessor-version":[{"id":8694,"href":"https:\/\/www.someronkivimeijeri.fi\/index.php?rest_route=\/wp\/v2\/pages\/7144\/revisions\/8694"}],"wp:attachment":[{"href":"https:\/\/www.someronkivimeijeri.fi\/index.php?rest_route=%2Fwp%2Fv2%2Fmedia&parent=7144"}],"curies":[{"name":"wp","href":"https:\/\/api.w.org\/{rel}","templated":true}]}}