{"id":6926,"date":"2018-04-26T18:04:51","date_gmt":"2018-04-26T15:04:51","guid":{"rendered":"http:\/\/www.someronkivimeijeri.fi\/?page_id=6926"},"modified":"2024-04-22T21:24:12","modified_gmt":"2024-04-22T18:24:12","slug":"marika-jensen","status":"publish","type":"page","link":"https:\/\/www.someronkivimeijeri.fi\/?page_id=6926","title":{"rendered":"Marika Jensen 2024"},"content":{"rendered":"<div class=\"wpb-content-wrapper\"><p>[vc_row css=&#8221;.vc_custom_1524745502611{margin-top: 75px !important;margin-bottom: 50px !important;}&#8221;][vc_column][vc_custom_heading text=&#8221;Marika Jensen&#8221; font_container=&#8221;tag:h2|text_align:center&#8221; google_fonts=&#8221;font_family:Montserrat%3Aregular%2C700|font_style:400%20regular%3A400%3Anormal&#8221;][\/vc_column][\/vc_row][vc_row css=&#8221;.vc_custom_1524752283072{margin-top: 25px !important;margin-right: 15px !important;}&#8221;][vc_column width=&#8221;1\/3&#8243;][vc_single_image image=&#8221;8251&#8243; img_size=&#8221;medium&#8221;][\/vc_column][vc_column width=&#8221;2\/3&#8243; css=&#8221;.vc_custom_1524752235950{margin-right: 5px !important;margin-left: 5px !important;}&#8221;][vc_column_text css_animation=&#8221;fadeIn&#8221;]<strong>Opinnot<\/strong><br \/>\nKeramiikka- ja kuvataideopinnot<br \/>\nOpintoja ja exkursioita koti- ja ulkomailla<\/p>\n<p><strong>J\u00e4senyydet<\/strong><br \/>\nPitk\u00e4j\u00e4rven taide ja kulttuuri ry, pj<br \/>\nSomeron Kuvataideyhdistys ry, pj<\/p>\n<p><strong>Yhteisn\u00e4yttelyt<\/strong><br \/>\nSomeron Kivimeijeri: M\u00e4rk\u00e4kiiltok\u00e4site, Paimionjoki, Valolasipes\u00e4<\/p>\n<p><strong>Yksityisn\u00e4yttelyt<\/strong><br \/>\nHiekkaranta, Haukivuori[\/vc_column_text][vc_column_text css_animation=&#8221;fadeInUp&#8221;]<strong>Tekstit<br \/>\n<\/strong><a href=\"https:\/\/www.someronkivimeijeri.fi\/wp-content\/uploads\/2024\/04\/Marika-Jensen-tekstikuvaus.odt\" target=\"_blank\" rel=\"noopener\">Tekstikuvaus<\/a><\/p>\n<p><strong>Lehdist\u00f6kuva<\/strong><strong>t<\/strong><br \/>\n<a href=\"https:\/\/www.someronkivimeijeri.fi\/wp-content\/uploads\/2024\/04\/Marika-Jensen-Kaakeliuunien-pienoismalleja.jpg\" target=\"_blank\" rel=\"noopener\">Kaakeliuunien pienoismalleja<\/a><\/p>\n<p><a href=\"https:\/\/www.someronkivimeijeri.fi\/wp-content\/uploads\/2024\/04\/Marika-Jensen-Kaakeliuunin-pienoismalli.jpg\" target=\"_blank\" rel=\"noopener\">Kaakeliuunien pienoismalleja 2<\/a>[\/vc_column_text][\/vc_column][\/vc_row][vc_row][vc_column][vc_empty_space height=&#8221;52px&#8221;][\/vc_column][\/vc_row]<\/p>\n<\/div>","protected":false},"excerpt":{"rendered":"<p class=\"card-text\">[vc_row css=&#8221;.vc_custom_1524745502611{margin-top: 75px !important;margin-bottom: 50px !important;}&#8221;][vc_column][vc_custom_heading text=&#8221;Marika Jensen&#8221; font_container=&#8221;tag:h2|text_align:center&#8221; google_fonts=&#8221;font_family:Montserrat%3Aregular%2C700|font_style:400%20regular%3A400%3Anormal&#8221;][\/vc_column][\/vc_row][vc_row css=&#8221;.vc_custom_1524752283072{margin-top: 25px !important;margin-right: 15px !important;}&#8221;][vc_column width=&#8221;1\/3&#8243;][vc_single_image image=&#8221;8251&#8243; img_size=&#8221;medium&#8221;][\/vc_column][vc_column width=&#8221;2\/3&#8243; css=&#8221;.vc_custom_1524752235950{margin-right: 5px !important;margin-left: 5px !important;}&#8221;][vc_column_text css_animation=&#8221;fadeIn&#8221;]Opinnot Keramiikka- ja kuvataideopinnot Opintoja ja exkursioita koti- ja ulkomailla J\u00e4senyydet Pitk\u00e4j\u00e4rven taide ja kulttuuri ry, pj Someron Kuvataideyhdistys ry, pj Yhteisn\u00e4yttelyt Someron Kivimeijeri: M\u00e4rk\u00e4kiiltok\u00e4site, Paimionjoki, Valolasipes\u00e4 Yksityisn\u00e4yttelyt Hiekkaranta, Haukivuori[\/vc_column_text][vc_column_text css_animation=&#8221;fadeInUp&#8221;]Tekstit [&#8230;]<\/p>\n<p class=\"m-0\"><a class=\"btn btn-outline-secondary btn-read-more\" href=\"https:\/\/www.someronkivimeijeri.fi\/?page_id=6926\">Read More<\/a><\/p>\n","protected":false},"author":1,"featured_media":0,"parent":0,"menu_order":0,"comment_status":"closed","ping_status":"closed","template":"","meta":{"footnotes":""},"class_list":["post-6926","page","type-page","status-publish","hentry"],"_links":{"self":[{"href":"https:\/\/www.someronkivimeijeri.fi\/index.php?rest_route=\/wp\/v2\/pages\/6926","targetHints":{"allow":["GET"]}}],"collection":[{"href":"https:\/\/www.someronkivimeijeri.fi\/index.php?rest_route=\/wp\/v2\/pages"}],"about":[{"href":"https:\/\/www.someronkivimeijeri.fi\/index.php?rest_route=\/wp\/v2\/types\/page"}],"author":[{"embeddable":true,"href":"https:\/\/www.someronkivimeijeri.fi\/index.php?rest_route=\/wp\/v2\/users\/1"}],"replies":[{"embeddable":true,"href":"https:\/\/www.someronkivimeijeri.fi\/index.php?rest_route=%2Fwp%2Fv2%2Fcomments&post=6926"}],"version-history":[{"count":14,"href":"https:\/\/www.someronkivimeijeri.fi\/index.php?rest_route=\/wp\/v2\/pages\/6926\/revisions"}],"predecessor-version":[{"id":9148,"href":"https:\/\/www.someronkivimeijeri.fi\/index.php?rest_route=\/wp\/v2\/pages\/6926\/revisions\/9148"}],"wp:attachment":[{"href":"https:\/\/www.someronkivimeijeri.fi\/index.php?rest_route=%2Fwp%2Fv2%2Fmedia&parent=6926"}],"curies":[{"name":"wp","href":"https:\/\/api.w.org\/{rel}","templated":true}]}}