{"id":6844,"date":"2018-04-26T13:57:16","date_gmt":"2018-04-26T10:57:16","guid":{"rendered":"http:\/\/www.someronkivimeijeri.fi\/?page_id=6844"},"modified":"2018-05-01T17:42:17","modified_gmt":"2018-05-01T14:42:17","slug":"mari-pirkkanen","status":"publish","type":"page","link":"https:\/\/www.someronkivimeijeri.fi\/?page_id=6844","title":{"rendered":"Mari Pirkkanen"},"content":{"rendered":"<div class=\"wpb-content-wrapper\"><p>[vc_row css=&#8221;.vc_custom_1524745502611{margin-top: 75px !important;margin-bottom: 50px !important;}&#8221;][vc_column][vc_custom_heading source=&#8221;post_title&#8221; font_container=&#8221;tag:h2|text_align:center&#8221; google_fonts=&#8221;font_family:Montserrat%3Aregular%2C700|font_style:400%20regular%3A400%3Anormal&#8221;][\/vc_column][\/vc_row][vc_row css=&#8221;.vc_custom_1524752283072{margin-top: 25px !important;margin-right: 15px !important;}&#8221;][vc_column width=&#8221;1\/3&#8243;][vc_single_image image=&#8221;7339&#8243; img_size=&#8221;350&#215;600&#8243;][\/vc_column][vc_column width=&#8221;2\/3&#8243; css=&#8221;.vc_custom_1524752235950{margin-right: 5px !important;margin-left: 5px !important;}&#8221;][vc_column_text css_animation=&#8221;fadeIn&#8221;]Mari Pirkkasen keraaminen ampiaisen valepes\u00e4 Ampiainen, yst\u00e4v\u00e4 ja vihollinen on suunniteltu ja valmistettu hunajap\u00e4\u00e4kaupungissa Akaassa.<br \/>\nTuote on valmistettu k\u00e4sin dreijaamalla harmaasta savesta ontoksi py\u00f6re\u00e4ksi pes\u00e4ksi. Jokainen yksil\u00f6 on uniikki, hieman eri kokoinen ja muotoinen. Keramiikkapolton j\u00e4lkeen tuote korkitetaan ekologisesti ruuvikiinnityksin luonnonkorkilla.<br \/>\nValepes\u00e4n k\u00e4ytt\u00f6tarkoituksena on ampiaisten karkottaminen ihmisten asumuksista, torjua ampiaisten pes\u00e4t alueilta, joihin niit\u00e4 ei haluta. Tuotteen voi luokitella hy\u00f6ty- ja taidekeraamiikaksi.<br \/>\nUskotaan, ett\u00e4 reviiritietoinen ampiainen ei tule pesim\u00e4\u00e4n toisen reviirille. Tiedet\u00e4\u00e4n, ett\u00e4 ampiaiset ovat todella tarkkoja reviireist\u00e4\u00e4n ja pysyv\u00e4t poissa n\u00e4hdess\u00e4\u00e4n toisten ampiaisten pes\u00e4n. Ampiaiset tappavat toisensa, mik\u00e4li vieras ampiainen lent\u00e4\u00e4 liian l\u00e4helle toista pes\u00e4\u00e4.<\/p>\n<p>Teoksella estet\u00e4\u00e4n t\u00e4rke\u00e4n p\u00f6lytt\u00e4j\u00e4n pesint\u00e4 paikoissa, joissa ihmiset asuvat, ty\u00f6skentelev\u00e4t tai muuten viett\u00e4v\u00e4t aikaansa. N\u00e4in v\u00e4ltet\u00e4\u00e4n ampiaisten l\u00e4sn\u00e4oloa ihmisten elinpiiriss\u00e4 ja niiden mahdollisen piston aiheuttamia allergisia vaikutuksia, jotka pahimmillaan ovat hengenvaarallisia.<\/p>\n<p>Pes\u00e4n kiinnitt\u00e4minen kattorakennelmiin on helppoa; poranter\u00e4ll\u00e4 tehd\u00e4\u00e4n reik\u00e4 kiinnitysalustaan, pes\u00e4 kiinnitet\u00e4\u00e4n varovasti ruuvaamalla asennettuun proppuun.<\/p>\n<p>Teos sai Uutuustuote palkinnon Suomen k\u00e4dentaidot messuilla Tampereella 2017.[\/vc_column_text][vc_column_text]<strong>Lehdist\u00f6kuvat<\/strong><\/p>\n<p><a href=\"https:\/\/www.someronkivimeijeri.fi\/wp-content\/uploads\/2018\/04\/Mari-Pirkkanen-Pes\u00e4t.jpg\">Ampiaisen valepes\u00e4 1<\/a><\/p>\n<p><a href=\"https:\/\/www.someronkivimeijeri.fi\/wp-content\/uploads\/2018\/04\/Mari-Pirkkanen-Ampiainen-yst\u00e4v\u00e4-vai-vihollinen-1.jpg\">Ampiaisen valepes\u00e4 2<\/a><\/p>\n<p>[\/vc_column_text][\/vc_column][\/vc_row][vc_row][vc_column][vc_empty_space height=&#8221;72px&#8221;][\/vc_column][\/vc_row]<\/p>\n<\/div>","protected":false},"excerpt":{"rendered":"<p class=\"card-text\">[vc_row css=&#8221;.vc_custom_1524745502611{margin-top: 75px !important;margin-bottom: 50px !important;}&#8221;][vc_column][vc_custom_heading source=&#8221;post_title&#8221; font_container=&#8221;tag:h2|text_align:center&#8221; google_fonts=&#8221;font_family:Montserrat%3Aregular%2C700|font_style:400%20regular%3A400%3Anormal&#8221;][\/vc_column][\/vc_row][vc_row css=&#8221;.vc_custom_1524752283072{margin-top: 25px !important;margin-right: 15px !important;}&#8221;][vc_column width=&#8221;1\/3&#8243;][vc_single_image image=&#8221;7339&#8243; img_size=&#8221;350&#215;600&#8243;][\/vc_column][vc_column width=&#8221;2\/3&#8243; css=&#8221;.vc_custom_1524752235950{margin-right: 5px !important;margin-left: 5px !important;}&#8221;][vc_column_text css_animation=&#8221;fadeIn&#8221;]Mari Pirkkasen keraaminen ampiaisen valepes\u00e4 Ampiainen, yst\u00e4v\u00e4 ja vihollinen on suunniteltu ja valmistettu hunajap\u00e4\u00e4kaupungissa Akaassa. Tuote on valmistettu k\u00e4sin dreijaamalla harmaasta savesta ontoksi py\u00f6re\u00e4ksi pes\u00e4ksi. Jokainen yksil\u00f6 on uniikki, hieman eri kokoinen [&#8230;]<\/p>\n<p class=\"m-0\"><a class=\"btn btn-outline-secondary btn-read-more\" href=\"https:\/\/www.someronkivimeijeri.fi\/?page_id=6844\">Read More<\/a><\/p>\n","protected":false},"author":1,"featured_media":0,"parent":0,"menu_order":0,"comment_status":"closed","ping_status":"closed","template":"","meta":{"footnotes":""},"class_list":["post-6844","page","type-page","status-publish","hentry"],"_links":{"self":[{"href":"https:\/\/www.someronkivimeijeri.fi\/index.php?rest_route=\/wp\/v2\/pages\/6844","targetHints":{"allow":["GET"]}}],"collection":[{"href":"https:\/\/www.someronkivimeijeri.fi\/index.php?rest_route=\/wp\/v2\/pages"}],"about":[{"href":"https:\/\/www.someronkivimeijeri.fi\/index.php?rest_route=\/wp\/v2\/types\/page"}],"author":[{"embeddable":true,"href":"https:\/\/www.someronkivimeijeri.fi\/index.php?rest_route=\/wp\/v2\/users\/1"}],"replies":[{"embeddable":true,"href":"https:\/\/www.someronkivimeijeri.fi\/index.php?rest_route=%2Fwp%2Fv2%2Fcomments&post=6844"}],"version-history":[{"count":37,"href":"https:\/\/www.someronkivimeijeri.fi\/index.php?rest_route=\/wp\/v2\/pages\/6844\/revisions"}],"predecessor-version":[{"id":7355,"href":"https:\/\/www.someronkivimeijeri.fi\/index.php?rest_route=\/wp\/v2\/pages\/6844\/revisions\/7355"}],"wp:attachment":[{"href":"https:\/\/www.someronkivimeijeri.fi\/index.php?rest_route=%2Fwp%2Fv2%2Fmedia&parent=6844"}],"curies":[{"name":"wp","href":"https:\/\/api.w.org\/{rel}","templated":true}]}}