{"id":6841,"date":"2018-04-26T13:56:11","date_gmt":"2018-04-26T10:56:11","guid":{"rendered":"http:\/\/www.someronkivimeijeri.fi\/?page_id=6841"},"modified":"2018-05-01T17:53:37","modified_gmt":"2018-05-01T14:53:37","slug":"panu-kaila","status":"publish","type":"page","link":"https:\/\/www.someronkivimeijeri.fi\/?page_id=6841","title":{"rendered":"Panu Kaila"},"content":{"rendered":"<div class=\"wpb-content-wrapper\"><p>[vc_row css=&#8221;.vc_custom_1524745502611{margin-top: 75px !important;margin-bottom: 50px !important;}&#8221;][vc_column][vc_custom_heading text=&#8221;Panu Kaila&#8221; font_container=&#8221;tag:h2|text_align:center&#8221; google_fonts=&#8221;font_family:Montserrat%3Aregular%2C700|font_style:400%20regular%3A400%3Anormal&#8221;][\/vc_column][\/vc_row][vc_row css=&#8221;.vc_custom_1524752283072{margin-top: 25px !important;margin-right: 15px !important;}&#8221;][vc_column width=&#8221;1\/3&#8243;][vc_single_image image=&#8221;6914&#8243; img_size=&#8221;350&#215;600&#8243;][vc_column_text]<strong>Panu Kaila<\/strong><br \/>\n<a style=\"background-color: #ffffff; font-size: 1rem;\" href=\"https:\/\/fi.wikipedia.org\/wiki\/Panu_Kaila\" target=\"_blank\" rel=\"noopener\">Wikipedia<\/a>[\/vc_column_text][\/vc_column][vc_column width=&#8221;2\/3&#8243; css=&#8221;.vc_custom_1524752235950{margin-right: 5px !important;margin-left: 5px !important;}&#8221;][vc_column_text css_animation=&#8221;fadeIn&#8221;]<strong>Viisikymment\u00e4 viimeist\u00e4 vuotta<\/strong><br \/>\nValokuvasarja saaristosta<\/p>\n<p>Kylmilleen j\u00e4tetty kalastajam\u00f6kki tekee hidasta paluuta luonnon kiertokulkuun. Sateet ja myrskyt, lumen paino ja ohikulkijat hajottavat rakennusta. Lahottajasienet ja hy\u00f6nteiset l\u00f6yt\u00e4v\u00e4t ravintoa. Ihmisk\u00e4den luomus katoaa milloin hitaasti, milloin nopein loikkauksin.<\/p>\n<p>Autiotalossa ja sen l\u00e4hiymp\u00e4rist\u00f6ss\u00e4 n\u00e4hd\u00e4\u00e4n vaurion syit\u00e4 ja muotoja. Samalla tutkitaan perinteisi\u00e4 rakennustapoja sek\u00e4 pohditaan kuinka hirsitaloa voi suojella tuholta luonnolle yst\u00e4v\u00e4llisin menetelmin.[\/vc_column_text][vc_column_text css_animation=&#8221;fadeInUp&#8221;]<strong>Lehdist\u00f6kuvat<br \/>\n<\/strong><a href=\"https:\/\/www.someronkivimeijeri.fi\/wp-content\/uploads\/2018\/04\/Hevosmuurahaisten-maja.jpg\">Hevosmuurahaisten maja<\/a><br \/>\n<a href=\"https:\/\/www.someronkivimeijeri.fi\/wp-content\/uploads\/2018\/04\/Kalastajam\u00f6kki.jpg\">Kalastajam\u00f6kki<\/a><\/p>\n<p>[\/vc_column_text][\/vc_column][\/vc_row][vc_row][vc_column][vc_empty_space height=&#8221;72px&#8221;][\/vc_column][\/vc_row]<\/p>\n<\/div>","protected":false},"excerpt":{"rendered":"<p class=\"card-text\">[vc_row css=&#8221;.vc_custom_1524745502611{margin-top: 75px !important;margin-bottom: 50px !important;}&#8221;][vc_column][vc_custom_heading text=&#8221;Panu Kaila&#8221; font_container=&#8221;tag:h2|text_align:center&#8221; google_fonts=&#8221;font_family:Montserrat%3Aregular%2C700|font_style:400%20regular%3A400%3Anormal&#8221;][\/vc_column][\/vc_row][vc_row css=&#8221;.vc_custom_1524752283072{margin-top: 25px !important;margin-right: 15px !important;}&#8221;][vc_column width=&#8221;1\/3&#8243;][vc_single_image image=&#8221;6914&#8243; img_size=&#8221;350&#215;600&#8243;][vc_column_text]Panu Kaila Wikipedia[\/vc_column_text][\/vc_column][vc_column width=&#8221;2\/3&#8243; css=&#8221;.vc_custom_1524752235950{margin-right: 5px !important;margin-left: 5px !important;}&#8221;][vc_column_text css_animation=&#8221;fadeIn&#8221;]Viisikymment\u00e4 viimeist\u00e4 vuotta Valokuvasarja saaristosta Kylmilleen j\u00e4tetty kalastajam\u00f6kki tekee hidasta paluuta luonnon kiertokulkuun. Sateet ja myrskyt, lumen paino ja ohikulkijat hajottavat rakennusta. Lahottajasienet ja hy\u00f6nteiset l\u00f6yt\u00e4v\u00e4t ravintoa. Ihmisk\u00e4den luomus [&#8230;]<\/p>\n<p class=\"m-0\"><a class=\"btn btn-outline-secondary btn-read-more\" href=\"https:\/\/www.someronkivimeijeri.fi\/?page_id=6841\">Read More<\/a><\/p>\n","protected":false},"author":1,"featured_media":0,"parent":0,"menu_order":0,"comment_status":"closed","ping_status":"closed","template":"","meta":{"footnotes":""},"class_list":["post-6841","page","type-page","status-publish","hentry"],"_links":{"self":[{"href":"https:\/\/www.someronkivimeijeri.fi\/index.php?rest_route=\/wp\/v2\/pages\/6841","targetHints":{"allow":["GET"]}}],"collection":[{"href":"https:\/\/www.someronkivimeijeri.fi\/index.php?rest_route=\/wp\/v2\/pages"}],"about":[{"href":"https:\/\/www.someronkivimeijeri.fi\/index.php?rest_route=\/wp\/v2\/types\/page"}],"author":[{"embeddable":true,"href":"https:\/\/www.someronkivimeijeri.fi\/index.php?rest_route=\/wp\/v2\/users\/1"}],"replies":[{"embeddable":true,"href":"https:\/\/www.someronkivimeijeri.fi\/index.php?rest_route=%2Fwp%2Fv2%2Fcomments&post=6841"}],"version-history":[{"count":10,"href":"https:\/\/www.someronkivimeijeri.fi\/index.php?rest_route=\/wp\/v2\/pages\/6841\/revisions"}],"predecessor-version":[{"id":7363,"href":"https:\/\/www.someronkivimeijeri.fi\/index.php?rest_route=\/wp\/v2\/pages\/6841\/revisions\/7363"}],"wp:attachment":[{"href":"https:\/\/www.someronkivimeijeri.fi\/index.php?rest_route=%2Fwp%2Fv2%2Fmedia&parent=6841"}],"curies":[{"name":"wp","href":"https:\/\/api.w.org\/{rel}","templated":true}]}}