{"id":6838,"date":"2018-04-26T13:55:30","date_gmt":"2018-04-26T10:55:30","guid":{"rendered":"http:\/\/www.someronkivimeijeri.fi\/?page_id=6838"},"modified":"2018-05-01T17:58:27","modified_gmt":"2018-05-01T14:58:27","slug":"markku-salo","status":"publish","type":"page","link":"https:\/\/www.someronkivimeijeri.fi\/?page_id=6838","title":{"rendered":"Markku Salo"},"content":{"rendered":"<div class=\"wpb-content-wrapper\"><p>[vc_row css=&#8221;.vc_custom_1524745502611{margin-top: 75px !important;margin-bottom: 50px !important;}&#8221;][vc_column][vc_custom_heading text=&#8221;Markku Salo&#8221; font_container=&#8221;tag:h2|text_align:center&#8221; google_fonts=&#8221;font_family:Montserrat%3Aregular%2C700|font_style:400%20regular%3A400%3Anormal&#8221;][\/vc_column][\/vc_row][vc_row css=&#8221;.vc_custom_1524752283072{margin-top: 25px !important;margin-right: 15px !important;}&#8221;][vc_column width=&#8221;1\/3&#8243; css=&#8221;.vc_custom_1524926218885{margin-right: 5px !important;}&#8221;][vc_single_image image=&#8221;23&#8243; img_size=&#8221;350&#215;600&#8243;][vc_column_text]<strong>Markku Salo<\/strong><span style=\"font-size: 1rem;\"><br \/>\n<\/span><a href=\"http:\/\/www.markkusalo.com\">www.markkusalo.com<\/a>[\/vc_column_text][\/vc_column][vc_column width=&#8221;2\/3&#8243; css=&#8221;.vc_custom_1524752235950{margin-right: 5px !important;margin-left: 5px !important;}&#8221;][vc_column_text css_animation=&#8221;fadeIn&#8221;]Markku Salo on ty\u00f6skennellyt Nuutaj\u00e4rvell\u00e4, Suomen vanhimmassa lasikyl\u00e4ss\u00e4, vuodesta 1983. Lasikyl\u00e4n ymp\u00e4rist\u00f6 tukee h\u00e4nen monimateriaalista l\u00e4hestymistapaansa taiteeseen. Lasihytiss\u00e4 valmistuvat lasiesineet, ja omassa ty\u00f6huoneessaan h\u00e4n ty\u00f6st\u00e4\u00e4 muita materiaaleja, kuten kive\u00e4, puuta ja ter\u00e4st\u00e4. T\u00e4n\u00e4 vuonna uutena on joukkoon tullut pronssi, jonka parissa ty\u00f6skennell\u00e4kseen h\u00e4n perusti pronssivalimon ty\u00f6huoneelleen.<\/p>\n<p>Salo on tunnettu teknisesti monipuolisesta osaamisestaan sek\u00e4 varsinkin lasin osalta ep\u00e4tavallisen suurista teoksista. N\u00e4m\u00e4 piirteet tulevat hyvin esiin vuonna 2015 valmistuneessa mittavassa julkisessa teossarjassa, joka on sijoitettu pysyv\u00e4sti Tampereen yliopistollisen sairaalan Dialyysikeskukseen. T\u00e4ss\u00e4 nelj\u00e4\u00e4n kerrokseen ja 11:een teokseen jakautuvassa Veden tarinoita -teoskokonaisuudessa on n\u00e4ht\u00e4viss\u00e4 sek\u00e4 monumentaalisen kokoisia ett\u00e4 pieni\u00e4, intiimej\u00e4 teoksia.<\/p>\n<p>Salo on palkittu vuonna 2015 valtakunnallisella Kaj Franck -muotoilupalkinnolla.<\/p>\n<p>\u201dOn kysymys k\u00e4sill\u00e4 tekemisest\u00e4, k\u00e4sill\u00e4 ajattelemisesta. Leikki, sattuma ja etsiminen ovat keskeisi\u00e4 ty\u00f6v\u00e4lineit\u00e4ni. \u201d<\/p>\n<p>[\/vc_column_text][vc_column_text css_animation=&#8221;fadeInUp&#8221;]<strong>Lehdist\u00f6kuvat<br \/>\n<\/strong><a href=\"https:\/\/www.someronkivimeijeri.fi\/wp-content\/uploads\/2018\/04\/Markku-Salo-CV-suomi-lyhyt.pdf\">Lataa<\/a> CV<br \/>\n<a href=\"https:\/\/www.someronkivimeijeri.fi\/wp-content\/uploads\/2018\/04\/King-Kong_2.jpg\">King Kong<\/a><br \/>\n<a href=\"https:\/\/www.someronkivimeijeri.fi\/wp-content\/uploads\/2018\/04\/King-Kong_det.jpg\">King Kong detalji<\/a><br \/>\n<a href=\"https:\/\/www.someronkivimeijeri.fi\/wp-content\/uploads\/2018\/04\/Rotko-1.jpg\">Rotko<\/a><br \/>\n<a href=\"https:\/\/www.someronkivimeijeri.fi\/wp-content\/uploads\/2018\/04\/Ruusun-nimi_1.png\">Ruusun nimi<\/a><\/p>\n<p>[\/vc_column_text][\/vc_column][\/vc_row][vc_row][vc_column][vc_empty_space height=&#8221;52px&#8221;][\/vc_column][\/vc_row]<\/p>\n<\/div>","protected":false},"excerpt":{"rendered":"<p class=\"card-text\">[vc_row css=&#8221;.vc_custom_1524745502611{margin-top: 75px !important;margin-bottom: 50px !important;}&#8221;][vc_column][vc_custom_heading text=&#8221;Markku Salo&#8221; font_container=&#8221;tag:h2|text_align:center&#8221; google_fonts=&#8221;font_family:Montserrat%3Aregular%2C700|font_style:400%20regular%3A400%3Anormal&#8221;][\/vc_column][\/vc_row][vc_row css=&#8221;.vc_custom_1524752283072{margin-top: 25px !important;margin-right: 15px !important;}&#8221;][vc_column width=&#8221;1\/3&#8243; css=&#8221;.vc_custom_1524926218885{margin-right: 5px !important;}&#8221;][vc_single_image image=&#8221;23&#8243; img_size=&#8221;350&#215;600&#8243;][vc_column_text]Markku Salo www.markkusalo.com[\/vc_column_text][\/vc_column][vc_column width=&#8221;2\/3&#8243; css=&#8221;.vc_custom_1524752235950{margin-right: 5px !important;margin-left: 5px !important;}&#8221;][vc_column_text css_animation=&#8221;fadeIn&#8221;]Markku Salo on ty\u00f6skennellyt Nuutaj\u00e4rvell\u00e4, Suomen vanhimmassa lasikyl\u00e4ss\u00e4, vuodesta 1983. Lasikyl\u00e4n ymp\u00e4rist\u00f6 tukee h\u00e4nen monimateriaalista l\u00e4hestymistapaansa taiteeseen. Lasihytiss\u00e4 valmistuvat lasiesineet, ja omassa ty\u00f6huoneessaan h\u00e4n ty\u00f6st\u00e4\u00e4 muita [&#8230;]<\/p>\n<p class=\"m-0\"><a class=\"btn btn-outline-secondary btn-read-more\" href=\"https:\/\/www.someronkivimeijeri.fi\/?page_id=6838\">Read More<\/a><\/p>\n","protected":false},"author":1,"featured_media":0,"parent":0,"menu_order":0,"comment_status":"closed","ping_status":"closed","template":"","meta":{"footnotes":""},"class_list":["post-6838","page","type-page","status-publish","hentry"],"_links":{"self":[{"href":"https:\/\/www.someronkivimeijeri.fi\/index.php?rest_route=\/wp\/v2\/pages\/6838","targetHints":{"allow":["GET"]}}],"collection":[{"href":"https:\/\/www.someronkivimeijeri.fi\/index.php?rest_route=\/wp\/v2\/pages"}],"about":[{"href":"https:\/\/www.someronkivimeijeri.fi\/index.php?rest_route=\/wp\/v2\/types\/page"}],"author":[{"embeddable":true,"href":"https:\/\/www.someronkivimeijeri.fi\/index.php?rest_route=\/wp\/v2\/users\/1"}],"replies":[{"embeddable":true,"href":"https:\/\/www.someronkivimeijeri.fi\/index.php?rest_route=%2Fwp%2Fv2%2Fcomments&post=6838"}],"version-history":[{"count":9,"href":"https:\/\/www.someronkivimeijeri.fi\/index.php?rest_route=\/wp\/v2\/pages\/6838\/revisions"}],"predecessor-version":[{"id":7365,"href":"https:\/\/www.someronkivimeijeri.fi\/index.php?rest_route=\/wp\/v2\/pages\/6838\/revisions\/7365"}],"wp:attachment":[{"href":"https:\/\/www.someronkivimeijeri.fi\/index.php?rest_route=%2Fwp%2Fv2%2Fmedia&parent=6838"}],"curies":[{"name":"wp","href":"https:\/\/api.w.org\/{rel}","templated":true}]}}