{"id":6701,"date":"2018-04-25T18:28:32","date_gmt":"2018-04-25T15:28:32","guid":{"rendered":"http:\/\/www.someronkivimeijeri.fi\/?page_id=6701"},"modified":"2025-04-14T10:33:10","modified_gmt":"2025-04-14T07:33:10","slug":"rakufestivaali-2018","status":"publish","type":"page","link":"https:\/\/www.someronkivimeijeri.fi\/?page_id=6701","title":{"rendered":"Rakufestivaali 2023"},"content":{"rendered":"<div class=\"wpb-content-wrapper\"><p>[vc_row css=&#8221;.vc_custom_1524736442445{margin-top: 75px !important;}&#8221;][vc_column css=&#8221;.vc_custom_1524670781599{margin-top: 15px !important;margin-bottom: 15px !important;}&#8221;][vc_custom_heading text=&#8221;Rakufestivaali&#8221; font_container=&#8221;tag:h2|font_size:3%20em|text_align:center&#8221; google_fonts=&#8221;font_family:Montserrat%3Aregular%2C700|font_style:400%20regular%3A400%3Anormal&#8221; css=&#8221;.vc_custom_1524736430790{margin-top: 0px !important;margin-bottom: 25px !important;}&#8221;][vc_custom_heading text=&#8221;11.-13.7.2025&#8243; font_container=&#8221;tag:h3|font_size:2%20em|text_align:center|color:%23111111&#8243; google_fonts=&#8221;font_family:Raleway%3A100%2C200%2C300%2Cregular%2C500%2C600%2C700%2C800%2C900|font_style:400%20regular%3A400%3Anormal&#8221; css=&#8221;.vc_custom_1744029223573{margin-bottom: 65px !important;}&#8221;][\/vc_column][\/vc_row][vc_row][vc_column width=&#8221;1\/2&#8243; css=&#8221;.vc_custom_1683206968610{margin-top: 25px !important;margin-right: 125px !important;}&#8221;][vc_gallery interval=&#8221;5&#8243; images=&#8221;34,35,36,46,47,48&#8243; img_size=&#8221;full&#8221;][\/vc_column][vc_column width=&#8221;1\/2&#8243;][vc_column_text css=&#8221;&#8221;]<strong>RAKUFESTIVAALI\u00a0 pe-su 1<\/strong><strong>1<\/strong><strong>.-1<\/strong><strong>3<\/strong><strong>.7.<\/strong><strong>2025<\/strong><strong> SOMERON KIVIMEIJERI<\/strong><\/p>\n<p>Pe 11.7.<\/p>\n<ul>\n<li>Puupolttoinen kentt\u00e4uuni, Ilkka Harjola, Varnia Oy toimitusjohtaja<\/li>\n<li>Crocodile skin<\/li>\n<li>Aluminium foil saggar, keraamikko Jonna Oksanen<\/li>\n<\/ul>\n<p>La 12.7.<\/p>\n<ul>\n<li>Ty\u00f6t uunipihalla jatkuvat, ohjaajana Jonna Oksanen<\/li>\n<li>Hevosenjouhi ja sulkatekniikka, keraamikko Jonna Oksanen<\/li>\n<li>Opastettu n\u00e4yttelyk\u00e4ynti, Someron Kivimeijeri<\/li>\n<\/ul>\n<p>Su 13.7.<\/p>\n<ul>\n<li>Ty\u00f6t ja poltot uunipihalla jatkuvat<\/li>\n<li>Yhteenveto tuloksista, Jonna Oksanen<\/li>\n<\/ul>\n<p><em>Crocodile skin <\/em>lasitustekniikalla saadaan esineen pintaan paksunnoksia ja syvi\u00e4 halkeamia, kuin uurroksia.<\/p>\n<p><em>Aluminium Foil Saggar <\/em>tekniikalla valmistetuissa esineiss\u00e4 on v\u00e4rikyll\u00e4inen pinta, jossa l\u00e4ikehtii punaisen, roosan, okran, poltetun siennan ja harmaan eri s\u00e4vyt. Esineen pintaan syntyy polttotekniikasta ja materiaaleista riippuen erilaisia pehmeit\u00e4 pilvim\u00e4isi\u00e4 kuvioita ja hienovaraisia v\u00e4risiirtymi\u00e4. Kiillotetut ja raakapoltetut esineet k\u00e4sitell\u00e4\u00e4n rautakloridilla, kupari- tai kobolttisulfaatilla.<\/p>\n<p><em>Hevosenjouhi -ja sulkatekniikoita<\/em> k\u00e4ytet\u00e4\u00e4n yleens\u00e4 kiillotetuille ja \/ tai terrasigilatalla k\u00e4sitellyille vaaleille kivitavarasta tai posliinista valmistettujen esineiden pinnoille. Palava materiaali j\u00e4tt\u00e4\u00e4 kiillotetun esineen pintaan hienostuneita hiiltyneit\u00e4 kuvioita ja pehmeit\u00e4 savun j\u00e4lki\u00e4.<\/p>\n<p>Hinta: koko festivaali 170 \u20ac, kaksi p\u00e4iv\u00e4\u00e4 130 \u20ac, yksi p\u00e4iv\u00e4 75 \u20ac+ polttomaksu 40 \u20ac koko uunillinen, materiaalit omakustannushinnalla.<\/p>\n<p>&nbsp;<\/p>\n<p>Ilmoittautuminen 3.7. menness\u00e4 kivimeijeri(at)gmail.com ja maksamalla kurssimaksu yhdistyksen tilille: FI7917453000138604. Majoitusta B&amp;B: Marika Jensen 0407597457, Majatalo My\u00f6t\u00e4tuuli, K\u00f6kk\u00f6n lomakyl\u00e4..[\/vc_column_text][\/vc_column][vc_column][vc_empty_space][\/vc_column][\/vc_row]<\/p>\n<\/div>","protected":false},"excerpt":{"rendered":"<p class=\"card-text\">[vc_row css=&#8221;.vc_custom_1524736442445{margin-top: 75px !important;}&#8221;][vc_column css=&#8221;.vc_custom_1524670781599{margin-top: 15px !important;margin-bottom: 15px !important;}&#8221;][vc_custom_heading text=&#8221;Rakufestivaali&#8221; font_container=&#8221;tag:h2|font_size:3%20em|text_align:center&#8221; google_fonts=&#8221;font_family:Montserrat%3Aregular%2C700|font_style:400%20regular%3A400%3Anormal&#8221; css=&#8221;.vc_custom_1524736430790{margin-top: 0px !important;margin-bottom: 25px !important;}&#8221;][vc_custom_heading text=&#8221;11.-13.7.2025&#8243; font_container=&#8221;tag:h3|font_size:2%20em|text_align:center|color:%23111111&#8243; google_fonts=&#8221;font_family:Raleway%3A100%2C200%2C300%2Cregular%2C500%2C600%2C700%2C800%2C900|font_style:400%20regular%3A400%3Anormal&#8221; css=&#8221;.vc_custom_1744029223573{margin-bottom: 65px !important;}&#8221;][\/vc_column][\/vc_row][vc_row][vc_column width=&#8221;1\/2&#8243; css=&#8221;.vc_custom_1683206968610{margin-top: 25px !important;margin-right: 125px !important;}&#8221;][vc_gallery interval=&#8221;5&#8243; images=&#8221;34,35,36,46,47,48&#8243; img_size=&#8221;full&#8221;][\/vc_column][vc_column width=&#8221;1\/2&#8243;][vc_column_text css=&#8221;&#8221;]RAKUFESTIVAALI\u00a0 pe-su 11.-13.7.2025 SOMERON KIVIMEIJERI Pe 11.7. Puupolttoinen kentt\u00e4uuni, Ilkka Harjola, Varnia Oy toimitusjohtaja Crocodile skin Aluminium foil saggar, keraamikko Jonna Oksanen [&#8230;]<\/p>\n<p class=\"m-0\"><a class=\"btn btn-outline-secondary btn-read-more\" href=\"https:\/\/www.someronkivimeijeri.fi\/?page_id=6701\">Read More<\/a><\/p>\n","protected":false},"author":1,"featured_media":0,"parent":0,"menu_order":0,"comment_status":"closed","ping_status":"closed","template":"","meta":{"footnotes":""},"class_list":["post-6701","page","type-page","status-publish","hentry"],"_links":{"self":[{"href":"https:\/\/www.someronkivimeijeri.fi\/index.php?rest_route=\/wp\/v2\/pages\/6701","targetHints":{"allow":["GET"]}}],"collection":[{"href":"https:\/\/www.someronkivimeijeri.fi\/index.php?rest_route=\/wp\/v2\/pages"}],"about":[{"href":"https:\/\/www.someronkivimeijeri.fi\/index.php?rest_route=\/wp\/v2\/types\/page"}],"author":[{"embeddable":true,"href":"https:\/\/www.someronkivimeijeri.fi\/index.php?rest_route=\/wp\/v2\/users\/1"}],"replies":[{"embeddable":true,"href":"https:\/\/www.someronkivimeijeri.fi\/index.php?rest_route=%2Fwp%2Fv2%2Fcomments&post=6701"}],"version-history":[{"count":38,"href":"https:\/\/www.someronkivimeijeri.fi\/index.php?rest_route=\/wp\/v2\/pages\/6701\/revisions"}],"predecessor-version":[{"id":9599,"href":"https:\/\/www.someronkivimeijeri.fi\/index.php?rest_route=\/wp\/v2\/pages\/6701\/revisions\/9599"}],"wp:attachment":[{"href":"https:\/\/www.someronkivimeijeri.fi\/index.php?rest_route=%2Fwp%2Fv2%2Fmedia&parent=6701"}],"curies":[{"name":"wp","href":"https:\/\/api.w.org\/{rel}","templated":true}]}}