{"id":6698,"date":"2018-04-25T18:22:42","date_gmt":"2018-04-25T15:22:42","guid":{"rendered":"http:\/\/www.someronkivimeijeri.fi\/?page_id=6698"},"modified":"2024-02-23T16:25:59","modified_gmt":"2024-02-23T14:25:59","slug":"keramiikkakurssit-2018","status":"publish","type":"page","link":"https:\/\/www.someronkivimeijeri.fi\/?page_id=6698","title":{"rendered":"MUSTASAVUKERAMIIKKA"},"content":{"rendered":"<div class=\"wpb-content-wrapper\"><p>[vc_row css=&#8221;.vc_custom_1524741896917{margin-top: 75px !important;margin-bottom: 50px !important;}&#8221;][vc_column][vc_custom_heading text=&#8221;Mustasavukeramiikka&#8221; font_container=&#8221;tag:h2|font_size:3em|text_align:center&#8221; google_fonts=&#8221;font_family:Montserrat%3Aregular%2C700|font_style:400%20regular%3A400%3Anormal&#8221; css=&#8221;.vc_custom_1683207211423{margin-bottom: 25px !important;}&#8221;][\/vc_column][\/vc_row][vc_row css=&#8221;.vc_custom_1524734810203{margin-top: 35px !important;}&#8221;][vc_column width=&#8221;1\/2&#8243;][vc_single_image image=&#8221;8663&#8243; img_size=&#8221;400&#215;350&#8243; alignment=&#8221;center&#8221; style=&#8221;vc_box_shadow&#8221; css=&#8221;.vc_custom_1683207198022{margin-top: 35px !important;}&#8221;][\/vc_column][vc_column width=&#8221;1\/2&#8243; css=&#8221;.vc_custom_1524734330993{margin-top: 35px !important;}&#8221;][vc_column_text]<strong>MUSTASAVUKERAMIIKKA <\/strong><strong>22<\/strong><strong>.<\/strong><strong>7.<\/strong><strong>&#8211;<\/strong><strong>2<\/strong><strong>.<\/strong><strong>8<\/strong><strong>.<\/strong><strong>2024<\/strong><strong>, SOMERON KIVIMEIJERI<\/strong><\/p>\n<p>Raakapoltetut, usein kiillotetut esineet savustetaan hapettomassa poltossa. Esineisiin saadaan dramaattisia mustia, harmaita tai ruskeita v\u00e4ris\u00e4vyj\u00e4.<\/p>\n<p>Ma-ke 22.-24.7 esineiden rakentaminen, viimeistely ja kiillotus<\/p>\n<p>To-pe 1.8.-2.8. raakapoltto ja mustasavupoltto<\/p>\n<p>Hinta: koko kurssi 255 \u20ac + materiaalit + raakapoltot s\u00e4hk\u00f6uunissa 45 \u20ac, raakapoltot kaasu- ja puu-uunissa 40 \u20ac, mustasavupoltto sis\u00e4ltyy hintaan. Jos yksitt\u00e4isi\u00e4 p\u00e4ivi\u00e4 = 75 \u20ac p\u00e4iv\u00e4 + materiaalit ja poltot.<\/p>\n<p>Vet\u00e4j\u00e4 keraamikko, keramiikka-artesaani Nora Paakkanen.<\/p>\n<p>Ilmoittautuminen 10.7. menness\u00e4: <a href=\"mailto:kivimeijeri@gmail.com\">kivimeijeri(at)gmail.com<\/a>[\/vc_column_text][\/vc_column][\/vc_row]<\/p>\n<\/div>","protected":false},"excerpt":{"rendered":"<p class=\"card-text\">[vc_row css=&#8221;.vc_custom_1524741896917{margin-top: 75px !important;margin-bottom: 50px !important;}&#8221;][vc_column][vc_custom_heading text=&#8221;Mustasavukeramiikka&#8221; font_container=&#8221;tag:h2|font_size:3em|text_align:center&#8221; google_fonts=&#8221;font_family:Montserrat%3Aregular%2C700|font_style:400%20regular%3A400%3Anormal&#8221; css=&#8221;.vc_custom_1683207211423{margin-bottom: 25px !important;}&#8221;][\/vc_column][\/vc_row][vc_row css=&#8221;.vc_custom_1524734810203{margin-top: 35px !important;}&#8221;][vc_column width=&#8221;1\/2&#8243;][vc_single_image image=&#8221;8663&#8243; img_size=&#8221;400&#215;350&#8243; alignment=&#8221;center&#8221; style=&#8221;vc_box_shadow&#8221; css=&#8221;.vc_custom_1683207198022{margin-top: 35px !important;}&#8221;][\/vc_column][vc_column width=&#8221;1\/2&#8243; css=&#8221;.vc_custom_1524734330993{margin-top: 35px !important;}&#8221;][vc_column_text]MUSTASAVUKERAMIIKKA 22.7.&#8211;2.8.2024, SOMERON KIVIMEIJERI Raakapoltetut, usein kiillotetut esineet savustetaan hapettomassa poltossa. Esineisiin saadaan dramaattisia mustia, harmaita tai ruskeita v\u00e4ris\u00e4vyj\u00e4. Ma-ke 22.-24.7 esineiden rakentaminen, viimeistely ja kiillotus To-pe 1.8.-2.8. raakapoltto [&#8230;]<\/p>\n<p class=\"m-0\"><a class=\"btn btn-outline-secondary btn-read-more\" href=\"https:\/\/www.someronkivimeijeri.fi\/?page_id=6698\">Read More<\/a><\/p>\n","protected":false},"author":1,"featured_media":0,"parent":0,"menu_order":0,"comment_status":"closed","ping_status":"closed","template":"","meta":{"footnotes":""},"class_list":["post-6698","page","type-page","status-publish","hentry"],"_links":{"self":[{"href":"https:\/\/www.someronkivimeijeri.fi\/index.php?rest_route=\/wp\/v2\/pages\/6698","targetHints":{"allow":["GET"]}}],"collection":[{"href":"https:\/\/www.someronkivimeijeri.fi\/index.php?rest_route=\/wp\/v2\/pages"}],"about":[{"href":"https:\/\/www.someronkivimeijeri.fi\/index.php?rest_route=\/wp\/v2\/types\/page"}],"author":[{"embeddable":true,"href":"https:\/\/www.someronkivimeijeri.fi\/index.php?rest_route=\/wp\/v2\/users\/1"}],"replies":[{"embeddable":true,"href":"https:\/\/www.someronkivimeijeri.fi\/index.php?rest_route=%2Fwp%2Fv2%2Fcomments&post=6698"}],"version-history":[{"count":59,"href":"https:\/\/www.someronkivimeijeri.fi\/index.php?rest_route=\/wp\/v2\/pages\/6698\/revisions"}],"predecessor-version":[{"id":8954,"href":"https:\/\/www.someronkivimeijeri.fi\/index.php?rest_route=\/wp\/v2\/pages\/6698\/revisions\/8954"}],"wp:attachment":[{"href":"https:\/\/www.someronkivimeijeri.fi\/index.php?rest_route=%2Fwp%2Fv2%2Fmedia&parent=6698"}],"curies":[{"name":"wp","href":"https:\/\/api.w.org\/{rel}","templated":true}]}}