{"id":6655,"date":"2018-04-25T16:42:27","date_gmt":"2018-04-25T13:42:27","guid":{"rendered":"http:\/\/www.someronkivimeijeri.fi\/?page_id=6655"},"modified":"2018-05-02T00:02:02","modified_gmt":"2018-05-01T21:02:02","slug":"valolasipesa","status":"publish","type":"page","link":"https:\/\/www.someronkivimeijeri.fi\/?page_id=6655","title":{"rendered":"Valolasipes\u00e4"},"content":{"rendered":"<div class=\"wpb-content-wrapper\"><p>[vc_row full_width=&#8221;stretch_row&#8221; full_height=&#8221;yes&#8221; equal_height=&#8221;yes&#8221; bg_type=&#8221;image&#8221; parallax_style=&#8221;vcpb-default&#8221; bg_image_new=&#8221;id^7033|url^https:\/\/www.someronkivimeijeri.fi\/wp-content\/uploads\/2018\/04\/Rotko-1.jpg|caption^OLYMPUS DIGITAL CAMERA|alt^null|title^OLYMPUS DIGITAL CAMERA|description^null&#8221; bg_image_repeat=&#8221;no-repeat&#8221; bg_override=&#8221;full&#8221; parallax_content=&#8221;parallax_content_value&#8221; fadeout_row=&#8221;fadeout_row_value&#8221; enable_overlay=&#8221;enable_overlay_value&#8221; overlay_pattern=&#8221;05.png&#8221; overlay_pattern_opacity=&#8221;45&#8243;][vc_column][vc_custom_heading text=&#8221;Valolasipes\u00e4<br \/>\n-n\u00e4yttely&#8221; font_container=&#8221;tag:h2|font_size:3em|text_align:center|color:%23ffffff&#8221; google_fonts=&#8221;font_family:Montserrat%3Aregular%2C700|font_style:700%20bold%20regular%3A700%3Anormal&#8221; css_animation=&#8221;fadeInDown&#8221; css=&#8221;.vc_custom_1525033464898{margin-top: 50px !important;padding-bottom: 20px !important;background-position: center !important;background-repeat: no-repeat !important;background-size: cover !important;}&#8221;][vc_custom_heading text=&#8221;16.6-19.8.2018&#8243; font_container=&#8221;tag:h2|font_size:2em|text_align:center|color:%23ffffff&#8221; google_fonts=&#8221;font_family:Montserrat%3Aregular%2C700|font_style:400%20regular%3A400%3Anormal&#8221; css_animation=&#8221;fadeInDown&#8221;][vc_row_inner][vc_column_inner width=&#8221;1\/2&#8243; css=&#8221;.vc_custom_1525027995917{margin-top: 60px !important;}&#8221;][vc_btn title=&#8221;N\u00e4yttely&#8221; style=&#8221;flat&#8221; color=&#8221;white&#8221; size=&#8221;lg&#8221; align=&#8221;center&#8221; css_animation=&#8221;fadeInUp&#8221; link=&#8221;url:%23nayttely|||&#8221;][\/vc_column_inner][vc_column_inner width=&#8221;1\/2&#8243; css=&#8221;.vc_custom_1525027095029{margin-top: 60px !important;}&#8221;][vc_btn title=&#8221;Taitelijat&#8221; style=&#8221;flat&#8221; color=&#8221;white&#8221; size=&#8221;lg&#8221; align=&#8221;center&#8221; css_animation=&#8221;fadeInUp&#8221; link=&#8221;url:http%3A%2F%2Fwww.someronkivimeijeri.fi%2F%3Fpage_id%3D6849|||&#8221;][\/vc_column_inner][\/vc_row_inner][vc_row_inner][vc_column_inner css=&#8221;.vc_custom_1525073554648{margin-top: 155px !important;}&#8221;][vc_icon type=&#8221;entypo&#8221; icon_entypo=&#8221;entypo-icon entypo-icon-down-open-big&#8221; color=&#8221;white&#8221; size=&#8221;xl&#8221; align=&#8221;center&#8221; css_animation=&#8221;slideInDown&#8221; link=&#8221;url:%23nayttely|||&#8221;][\/vc_column_inner][\/vc_row_inner][\/vc_column][\/vc_row][vc_row full_width=&#8221;stretch_row&#8221; bg_type=&#8221;image&#8221; parallax_style=&#8221;vcpb-default&#8221; bg_image_repeat=&#8221;no-repeat&#8221; parallax_content=&#8221;parallax_content_value&#8221; fadeout_row=&#8221;fadeout_row_value&#8221; el_id=&#8221;nayttely&#8221; css=&#8221;.vc_custom_1525105298779{margin-top: 25px !important;}&#8221;][vc_column][vc_column_text]<\/p>\n<p style=\"text-align: left;\">16.6.-19.8.2018 Someron Kivimeijerill\u00e4<\/p>\n<p style=\"text-align: left;\"><strong>Valolasipes\u00e4-n\u00e4yttely<\/strong><\/p>\n<p style=\"text-align: left;\">Ampiaisen valepes\u00e4, valolla maalatut muotokuvat, raffinoitu lasi, muinaispeura, maakuopassa poltettu savi ja luontoon j\u00e4tetty kalastajam\u00f6kki kohtasivat, syntyi VALOLASIPES\u00c4.<br \/>\nN\u00e4yttely on kymmenes ohjelmassamme ja tekij\u00e4t ovat valokuvaaja <em>Stefan Bremer<\/em> , lasitaiteilija <em>Markku Salo<\/em>, taiteilija<em> Antero Kare<\/em>, arkkitehti <em>Panu Kaila<\/em> ja keraamikot<em> Pirjo Lautiainen<\/em>, <em>Mari Pirkkanen<\/em> ja<em> Marika Jensen<\/em>.<\/p>\n<p style=\"text-align: left;\">Markku Salo on tunnettu teknisesti monipuolisesta osaamisestaan sek\u00e4 varsinkin lasin osalta ep\u00e4tavallisen suurista teoksista. N\u00e4m\u00e4 piirteet tulevat hyvin esiin vuonna 2015 valmistuneessa mittavassa julkisessa teossarjassa, joka on sijoitettu Tampereen yliopistollisen sairaalan Dialyysikeskukseen. T\u00e4ss\u00e4 nelj\u00e4\u00e4n kerrokseen ja yhteentoista teokseen jakautuvassa Veden tarinoita -teoskokonaisuudessa on n\u00e4ht\u00e4viss\u00e4 sek\u00e4 monumentaalisen kokoisia ett\u00e4 pieni\u00e4, intiimej\u00e4 teoksia.<br \/>\nKivimeijerill\u00e4 Salo yll\u00e4tt\u00e4\u00e4. H\u00e4n on perustanut Nuutaj\u00e4rvelle pronssivalupajan ja lasin lis\u00e4ksi h\u00e4n tuo kokonaisuuteensa my\u00f6s muita metalleja monumenttikoossa. Salo on palkittu vuonna 2015 valtakunnallisella Kaj Franck -muotoilupalkinnolla.<\/p>\n<p>Raivo ja haltioituminen oli Stefan Bremerin n\u00e4yttelyn nimi Valokuvataiteen museossa. Juuri sit\u00e4 h\u00e4n tekee: heitt\u00e4ytyy kontrasteihin ja iskee voimalla, melkein kuin kivinyrkill\u00e4. Nuorisokulttuurin yhteis\u00f6llisyys Helsingin rautatieasemalla tai Mies ja Nainen sarjojen henkil\u00f6kohtaisuus alleviivaavat el\u00e4m\u00e4n moninaisuutta ja rikkautta aina myyttisyyden ja alitajunnan ulkopuolelle. Bremer on saanut valtionpalkinnon, Helsingin kulttuuripalkinnon ja toiminut taiteilijaprofessorina.<br \/>\nGobi on uusista sarjoista toinen, 13 kilometrin korkeudesta Kiinan ja Siperian yll\u00e4 kuvattuja aavikoita. Toinen on sarja abstrakteja kokeiluja jossa Bremer venytt\u00e4\u00e4 valokuvauksen aikak\u00e4sityksi\u00e4 ja tutkii maailmaa eri mittakaavojen kautta. Kuvissa esinemateriaalina on kaikkea p\u00f6lyst\u00e4 ruutiin, kokeiluissa Bremer havannoi miten erilaiset nesteet sulautuvat ja sekoittuvat toisiinsa.Tuloksena on tiloja ja n\u00e4kyj\u00e4 joissa l\u00e4hikuva vaihtuu hetkess\u00e4 avaruudelliseen \u00e4\u00e4rett\u00f6m\u00e4\u00e4n.<\/p>\n<p>Viisikymment\u00e4 viimeist\u00e4 vuotta &#8211; kalastajam\u00f6kki palaa luonnon kiertokulkuun on arkkitehti Panu Kailan valokuvaprojekti. Talotohtori on kuvannut Turun saariston kalastajam\u00f6kin v\u00e4hitt\u00e4ist\u00e4 tuhoutumista vuodesta 1968.[\/vc_column_text][\/vc_column][\/vc_row][vc_row full_width=&#8221;stretch_row&#8221; bg_type=&#8221;bg_color&#8221; bg_color_value=&#8221;#ffffff&#8221;][vc_column][vc_row_inner][vc_column_inner width=&#8221;2\/3&#8243;][vc_column_text]Keraamikko Mari Pirkkanen voitti Tampereella Suomen k\u00e4dentaitomessuilla Vuoden uutuustuote 2017 palkinnon teoksellaan Ampiaisen valepes\u00e4. Ampiainen on reviiritietoinen eik\u00e4 perusta pes\u00e4\u00e4 paikkaan jossa jo on yhdyskunta. Pirkkasen 50 keramiikkapes\u00e4\u00e4 n\u00e4yttelyn katossa pit\u00e4v\u00e4t hienot hy\u00f6ty-yhdyskunnat meijerin seinien ulkopuolella.<\/p>\n<p>Antero Kareen muinaisteorioissa toinen laumael\u00e4in, peura, oli suomalaisten syy muuttaa maahamme. Lascauxin luolamaalausten tekij\u00e4t eliv\u00e4t p\u00e4\u00e4asiassa peurasta. Ihmiset seurasivat sitten j\u00e4\u00e4kauden sulamisreunaa peuralaumojen per\u00e4ss\u00e4 sek\u00e4 etel\u00e4st\u00e4 ett\u00e4 id\u00e4st\u00e4 yh\u00e4 pohjoisemmaksi. Kare rakentaa meijerin j\u00e4\u00e4huoneesta oman pime\u00e4n Luolansa jossa seikkailevat historian myyttiset el\u00e4insankarit.<\/p>\n<p>Someron Kivimeijeri on alusta l\u00e4htien j\u00e4rjest\u00e4nyt kursseja valokuvauksesta, maalauksesta ja viime vuosina etenkin keramiikasta. N\u00e4yttelyss\u00e4 Pirjo Lautiainen ja Marika Jensen edustavat alueen aktiivisia keraamikkoja. T\u00e4m\u00e4n kes\u00e4n erikoisuus on koeluontoisina toteuttettavat maakuoppapoltot, joissa alueen kuuluisa savi yhtyy mineraaleihin, orgaanisiin bioaineisiin, l\u00e4mp\u00f6\u00f6n ja kuumuuteen.[\/vc_column_text][\/vc_column_inner][vc_column_inner width=&#8221;1\/3&#8243; css=&#8221;.vc_custom_1525208508771{margin-left: 80px !important;}&#8221;][vc_images_carousel images=&#8221;7020,7022,7021,7011,7012,7010,7025,7026,7031,7032,7033,7034,7039,7040&#8243; img_size=&#8221;medium&#8221; hide_pagination_control=&#8221;yes&#8221; hide_prev_next_buttons=&#8221;yes&#8221; css=&#8221;.vc_custom_1525208313042{margin-left: 10px !important;border-top-width: 5px !important;border-right-width: 5px !important;border-left-width: 5px !important;border-left-color: #ffffff !important;border-left-style: solid !important;border-right-color: #ffffff !important;border-right-style: solid !important;border-top-color: #ffffff !important;border-top-style: solid !important;}&#8221;][vc_column_text css=&#8221;.vc_custom_1525208519934{margin-left: 100px !important;}&#8221;]<\/p>\n<p style=\"text-align: left;\"><small><strong>Kuvagalleria<\/strong><\/small><br \/>\n<small>Klikkaa kuvaa<\/small><\/p>\n<p>[\/vc_column_text][\/vc_column_inner][\/vc_row_inner][vc_row_inner css=&#8221;.vc_custom_1525189178449{margin-bottom: 40px !important;}&#8221;][vc_column_inner width=&#8221;1\/2&#8243;][vc_column_text]<\/p>\n<div class=\"wpb_column vc_column_container vc_col-sm-6\">\n<div class=\"vc_column-inner \">\n<div class=\"wpb_wrapper\">\n<div class=\"wpb_text_column wpb_content_element \">\n<div class=\"wpb_wrapper\">\n<p><strong>Avajaiset<\/strong><br \/>\nlauantaina 16.6.kello 15.00<\/p>\n<p><strong>Kurssit<br \/>\n<\/strong>www.someronkivimeijeri.fi<\/p>\n<p><strong>Aukioloajat<\/strong><br \/>\njoka p\u00e4iv\u00e4 12.00-18.00<\/p>\n<\/div>\n<\/div>\n<\/div>\n<\/div>\n<\/div>\n<div class=\"wpb_column vc_column_container vc_col-sm-6\">\n<div class=\"vc_column-inner \">\n<div class=\"wpb_wrapper\">\n<div class=\"wpb_text_column wpb_content_element \">\n<div class=\"wpb_wrapper\">\n<p>&nbsp;<\/p>\n<\/div>\n<\/div>\n<\/div>\n<\/div>\n<\/div>\n<p>[\/vc_column_text][\/vc_column_inner][vc_column_inner width=&#8221;1\/2&#8243;][vc_column_text]<\/p>\n<div class=\"wpb_column vc_column_container vc_col-sm-6\">\n<div class=\"vc_column-inner \">\n<div class=\"wpb_wrapper\">\n<div class=\"wpb_text_column wpb_content_element \">\n<div class=\"wpb_wrapper\">\n<p><strong>P\u00e4\u00e4symaksu<\/strong><br \/>\nAikuiset 5 \u20ac, nuoret alle 18 v. 3 \u20ac,<br \/>\nlapset alle 7 v. ilmaiseksi<\/p>\n<p><strong>Lehdist\u00f6 \/ Press<br \/>\n<\/strong><a href=\"https:\/\/www.someronkivimeijeri.fi\/wp-content\/uploads\/2018\/04\/B-VALOLASIPES%C3%84-n%C3%A4yttely1468.docx\">Lehdist\u00f6tiedote<br \/>\n<\/a>Kuvia taitelijoiden\u00a0<a href=\"https:\/\/www.someronkivimeijeri.fi\/?page_id=6849\">esittelysivuilla<\/a><\/p>\n<\/div>\n<\/div>\n<\/div>\n<\/div>\n<\/div>\n<p>[\/vc_column_text][\/vc_column_inner][\/vc_row_inner][\/vc_column][\/vc_row][vc_column][\/vc_column]<\/p>\n<\/div>","protected":false},"excerpt":{"rendered":"<p class=\"card-text\">[vc_row full_width=&#8221;stretch_row&#8221; full_height=&#8221;yes&#8221; equal_height=&#8221;yes&#8221; bg_type=&#8221;image&#8221; parallax_style=&#8221;vcpb-default&#8221; bg_image_new=&#8221;id^7033|url^https:\/\/www.someronkivimeijeri.fi\/wp-content\/uploads\/2018\/04\/Rotko-1.jpg|caption^OLYMPUS DIGITAL CAMERA|alt^null|title^OLYMPUS DIGITAL CAMERA|description^null&#8221; bg_image_repeat=&#8221;no-repeat&#8221; bg_override=&#8221;full&#8221; parallax_content=&#8221;parallax_content_value&#8221; fadeout_row=&#8221;fadeout_row_value&#8221; enable_overlay=&#8221;enable_overlay_value&#8221; overlay_pattern=&#8221;05.png&#8221; overlay_pattern_opacity=&#8221;45&#8243;][vc_column][vc_custom_heading text=&#8221;Valolasipes\u00e4 -n\u00e4yttely&#8221; font_container=&#8221;tag:h2|font_size:3em|text_align:center|color:%23ffffff&#8221; google_fonts=&#8221;font_family:Montserrat%3Aregular%2C700|font_style:700%20bold%20regular%3A700%3Anormal&#8221; css_animation=&#8221;fadeInDown&#8221; css=&#8221;.vc_custom_1525033464898{margin-top: 50px !important;padding-bottom: 20px !important;background-position: center !important;background-repeat: no-repeat !important;background-size: cover !important;}&#8221;][vc_custom_heading text=&#8221;16.6-19.8.2018&#8243; font_container=&#8221;tag:h2|font_size:2em|text_align:center|color:%23ffffff&#8221; google_fonts=&#8221;font_family:Montserrat%3Aregular%2C700|font_style:400%20regular%3A400%3Anormal&#8221; css_animation=&#8221;fadeInDown&#8221;][vc_row_inner][vc_column_inner width=&#8221;1\/2&#8243; css=&#8221;.vc_custom_1525027995917{margin-top: 60px !important;}&#8221;][vc_btn title=&#8221;N\u00e4yttely&#8221; style=&#8221;flat&#8221; color=&#8221;white&#8221; size=&#8221;lg&#8221; align=&#8221;center&#8221; css_animation=&#8221;fadeInUp&#8221; link=&#8221;url:%23nayttely|||&#8221;][\/vc_column_inner][vc_column_inner width=&#8221;1\/2&#8243; css=&#8221;.vc_custom_1525027095029{margin-top: 60px !important;}&#8221;][vc_btn title=&#8221;Taitelijat&#8221; style=&#8221;flat&#8221; [&#8230;]<\/p>\n<p class=\"m-0\"><a class=\"btn btn-outline-secondary btn-read-more\" href=\"https:\/\/www.someronkivimeijeri.fi\/?page_id=6655\">Read More<\/a><\/p>\n","protected":false},"author":1,"featured_media":0,"parent":0,"menu_order":0,"comment_status":"closed","ping_status":"closed","template":"","meta":{"footnotes":""},"class_list":["post-6655","page","type-page","status-publish","hentry"],"_links":{"self":[{"href":"https:\/\/www.someronkivimeijeri.fi\/index.php?rest_route=\/wp\/v2\/pages\/6655","targetHints":{"allow":["GET"]}}],"collection":[{"href":"https:\/\/www.someronkivimeijeri.fi\/index.php?rest_route=\/wp\/v2\/pages"}],"about":[{"href":"https:\/\/www.someronkivimeijeri.fi\/index.php?rest_route=\/wp\/v2\/types\/page"}],"author":[{"embeddable":true,"href":"https:\/\/www.someronkivimeijeri.fi\/index.php?rest_route=\/wp\/v2\/users\/1"}],"replies":[{"embeddable":true,"href":"https:\/\/www.someronkivimeijeri.fi\/index.php?rest_route=%2Fwp%2Fv2%2Fcomments&post=6655"}],"version-history":[{"count":188,"href":"https:\/\/www.someronkivimeijeri.fi\/index.php?rest_route=\/wp\/v2\/pages\/6655\/revisions"}],"predecessor-version":[{"id":7432,"href":"https:\/\/www.someronkivimeijeri.fi\/index.php?rest_route=\/wp\/v2\/pages\/6655\/revisions\/7432"}],"wp:attachment":[{"href":"https:\/\/www.someronkivimeijeri.fi\/index.php?rest_route=%2Fwp%2Fv2%2Fmedia&parent=6655"}],"curies":[{"name":"wp","href":"https:\/\/api.w.org\/{rel}","templated":true}]}}